{"id":16014,"date":"2018-06-20T15:46:03","date_gmt":"2018-06-20T13:46:03","guid":{"rendered":"https:\/\/koru-hotel.poush-dev.be\/contact\/"},"modified":"2023-11-23T15:57:52","modified_gmt":"2023-11-23T14:57:52","slug":"contact","status":"publish","type":"page","link":"https:\/\/www.koru-hotel.be\/en\/contact\/","title":{"rendered":"Contact"},"content":{"rendered":"<div class=\"wpb-content-wrapper\"><p>[vc_row content_placement=&#8221;middle&#8221; bg_type=&#8221;image&#8221; parallax_style=&#8221;vcpb-default&#8221; bg_image_new=&#8221;id^17564|url^https:\/\/www.koru-hotel.be\/wp-content\/uploads\/header-restaurant.jpg|caption^null|alt^null|title^header-restaurant|description^null&#8221; bg_image_repeat=&#8221;no-repeat&#8221; bg_override=&#8221;ex-full&#8221; enable_overlay=&#8221;enable_overlay_value&#8221; overlay_color=&#8221;rgba(205,172,107,0.3)&#8221; css=&#8221;.vc_custom_1655905758423{padding-top: 80px !important;padding-bottom: 80px !important;}&#8221; el_class=&#8221;custom-overlay custom-height-2 chambre-header&#8221;][vc_column][vc_column_text el_class=&#8221;custom-white&#8221;]<\/p>\n<h1 style=\"text-align: center;\">Contact<\/h1>\n<p>[\/vc_column_text][\/vc_column][\/vc_row][vc_row bg_type=&#8221;grad&#8221; bg_override=&#8221;ex-full&#8221; bg_grad=&#8221;background: -webkit-gradient(linear, left top, left bottom, color-stop(0%, #CDAC6B), color-stop(50%, #CDAC6B), color-stop(50%, #FAF9F4));background: -moz-linear-gradient(top,#CDAC6B 0%,#CDAC6B 50%,#FAF9F4 50%);background: -webkit-linear-gradient(top,#CDAC6B 0%,#CDAC6B 50%,#FAF9F4 50%);background: -o-linear-gradient(top,#CDAC6B 0%,#CDAC6B 50%,#FAF9F4 50%);background: -ms-linear-gradient(top,#CDAC6B 0%,#CDAC6B 50%,#FAF9F4 50%);background: linear-gradient(top,#CDAC6B 0%,#CDAC6B 50%,#FAF9F4 50%);&#8221;][vc_column css=&#8221;.vc_custom_1647510200607{margin-top: -50px !important;padding-top: 30px !important;padding-right: 30px !important;padding-bottom: 30px !important;padding-left: 30px !important;background-color: #ffffff !important;border-radius: 10px !important;}&#8221; el_class=&#8221;custom-col-shadow&#8221; offset=&#8221;vc_col-lg-offset-2 vc_col-lg-8&#8243;][vc_column_text]<\/p>\n<h2 style=\"text-align: center;\">Directions<\/h2>\n<p style=\"text-align: center;\">Please click &amp; follow the directions below in order to arrive easily to the hotel.<\/p>\n<p>[\/vc_column_text]<div class=\"text-centered\"><a href=\"https:\/\/www.koru-hotel.be\/wp-content\/uploads\/Directions-Koru-Hotel-UK.pdf\" class=\"btn-shortcode dt-btn-s dt-btn default-btn-color default-btn-hover-color default-btn-bg-color default-btn-bg-hover-color\" target=\"_blank\" id=\"dt-btn-1\" rel=\"noopener\"><span>T\u00e9l\u00e9chargez le plan en pdf<\/span><\/a><\/div>[\/vc_column][\/vc_row][vc_row css=&#8221;.vc_custom_1655216441016{padding-top: 40px !important;}&#8221;][vc_column width=&#8221;1\/3&#8243;]<div class=\"aio-icon-component    style_1\"><a class=\"aio-icon-box-link\" href=\"mailto:info@koru-hotel.be\" title=\"Mail\" target=\"_blank\" rel=\"nofollow noopener\" ><div id=\"Info-box-wrap-2411\" class=\"aio-icon-box top-icon\" style=\"\"  ><div class=\"aio-icon-top\"><div class=\"ult-just-icon-wrapper  \"><div class=\"align-icon\" style=\"text-align:center;\">\n<div class=\"aio-icon circle \"  style=\"color:#ffffff;background:#cdac6b;font-size:25px;display:inline-block;\">\n\t<i class=\"far fa-envelope-open\"><\/i>\n<\/div><\/div><\/div><\/div><div class=\"aio-icon-description ult-responsive\"  data-ultimate-target='#Info-box-wrap-2411 .aio-icon-description'  data-responsive-json-new='{\"font-size\":\"\",\"line-height\":\"\"}'  style=\"color:#2e2e28;\">info@koru-hotel.be<\/div> <!-- description --><\/div> <!-- aio-icon-box --><\/a><\/div> <!-- aio-icon-component -->[\/vc_column][vc_column width=&#8221;1\/3&#8243;]<div class=\"aio-icon-component    style_1\"><a class=\"aio-icon-box-link\" href=\"https:\/\/www.google.com\/maps\/place\/Rue+du+Piroy+67,+1367+Ramillies\/@50.6692415,4.9016077,17z\/data=!4m5!3m4!1s0x47c173f2b09683f3:0xdaa21d16b62cecc2!8m2!3d50.6692415!4d4.9037964\" title=\"Maps\" target=\"_blank\" rel=\"nofollow noopener\" ><div id=\"Info-box-wrap-8637\" class=\"aio-icon-box top-icon\" style=\"\"  ><div class=\"aio-icon-top\"><div class=\"ult-just-icon-wrapper  \"><div class=\"align-icon\" style=\"text-align:center;\">\n<div class=\"aio-icon circle \"  style=\"color:#ffffff;background:#cdac6b;font-size:25px;display:inline-block;\">\n\t<i class=\"icomoon-the7-font-the7-map-05\"><\/i>\n<\/div><\/div><\/div><\/div><div class=\"aio-icon-description ult-responsive\"  data-ultimate-target='#Info-box-wrap-8637 .aio-icon-description'  data-responsive-json-new='{\"font-size\":\"\",\"line-height\":\"\"}'  style=\"color:#2e2e28;\">Rue du Piroy 67<br \/>\n1367 Autre-\u00c9glise<br \/>\nBelgique<\/div> <!-- description --><\/div> <!-- aio-icon-box --><\/a><\/div> <!-- aio-icon-component -->[\/vc_column][vc_column width=&#8221;1\/3&#8243;]<div class=\"aio-icon-component    style_1\"><a class=\"aio-icon-box-link\" href=\"tel:003281360300\" title=\"Call\" target=\"_blank\" rel=\"nofollow noopener\" ><div id=\"Info-box-wrap-6458\" class=\"aio-icon-box top-icon\" style=\"\"  ><div class=\"aio-icon-top\"><div class=\"ult-just-icon-wrapper  \"><div class=\"align-icon\" style=\"text-align:center;\">\n<div class=\"aio-icon circle \"  style=\"color:#ffffff;background:#cdac6b;font-size:25px;display:inline-block;\">\n\t<i class=\"icomoon-the7-font-the7-phone-071\"><\/i>\n<\/div><\/div><\/div><\/div><div class=\"aio-icon-description ult-responsive\"  data-ultimate-target='#Info-box-wrap-6458 .aio-icon-description'  data-responsive-json-new='{\"font-size\":\"\",\"line-height\":\"\"}'  style=\"color:#2e2e28;\">+32 81 36 03 00<\/div> <!-- description --><\/div> <!-- aio-icon-box --><\/a><\/div> <!-- aio-icon-component -->[\/vc_column][\/vc_row][vc_row el_class=&#8221;align-center&#8221; css=&#8221;.vc_custom_1655216481045{padding-top: 80px !important;padding-bottom: 30px !important;}&#8221;][vc_column width=&#8221;2\/3&#8243; offset=&#8221;vc_col-lg-offset-2 vc_col-lg-8 vc_col-md-offset-2 vc_col-md-8 vc_col-sm-offset-2&#8243;][vc_column_text]<\/p>\n<h2 style=\"text-align: center;\">Contact us<\/h2>\n<p>[\/vc_column_text]\n<div class=\"wpcf7 no-js\" id=\"wpcf7-f15598-o1\" lang=\"en-US\" dir=\"ltr\" data-wpcf7-id=\"15598\">\n<div class=\"screen-reader-response\"><p role=\"status\" aria-live=\"polite\" aria-atomic=\"true\"><\/p> <ul><\/ul><\/div>\n<form action=\"\/en\/wp-json\/wp\/v2\/pages\/16014#wpcf7-f15598-o1\" method=\"post\" class=\"wpcf7-form init\" aria-label=\"Contact form\" novalidate=\"novalidate\" data-status=\"init\">\n<div style=\"display: none;\">\n<input type=\"hidden\" name=\"_wpcf7\" value=\"15598\" \/>\n<input type=\"hidden\" name=\"_wpcf7_version\" value=\"6.0.6\" \/>\n<input type=\"hidden\" name=\"_wpcf7_locale\" value=\"en_US\" \/>\n<input type=\"hidden\" name=\"_wpcf7_unit_tag\" value=\"wpcf7-f15598-o1\" \/>\n<input type=\"hidden\" name=\"_wpcf7_container_post\" value=\"0\" \/>\n<input type=\"hidden\" name=\"_wpcf7_posted_data_hash\" value=\"\" \/>\n<\/div>\n<div class=\"wf-container\">\n\t<div class=\"wf-cell wf-1-2\">\n\t\t<p><label> Firstname*<br \/>\n<span class=\"wpcf7-form-control-wrap\" data-name=\"prenom\"><input size=\"40\" maxlength=\"400\" class=\"wpcf7-form-control wpcf7-text wpcf7-validates-as-required\" aria-required=\"true\" aria-invalid=\"false\" value=\"\" type=\"text\" name=\"prenom\" \/><\/span> <\/label>\n\t\t<\/p>\n\t<\/div>\n\t<div class=\"wf-cell wf-1-2\">\n\t\t<p><label> Lastname*<br \/>\n<span class=\"wpcf7-form-control-wrap\" data-name=\"nom\"><input size=\"40\" maxlength=\"400\" class=\"wpcf7-form-control wpcf7-text wpcf7-validates-as-required\" aria-required=\"true\" aria-invalid=\"false\" value=\"\" type=\"text\" name=\"nom\" \/><\/span> <\/label>\n\t\t<\/p>\n\t<\/div>\n\t<div class=\"wf-cell wf-1-2\">\n\t\t<p><label> Email*<br \/>\n<span class=\"wpcf7-form-control-wrap\" data-name=\"email\"><input size=\"40\" maxlength=\"400\" class=\"wpcf7-form-control wpcf7-email wpcf7-validates-as-required wpcf7-text wpcf7-validates-as-email\" aria-required=\"true\" aria-invalid=\"false\" value=\"\" type=\"email\" name=\"email\" \/><\/span> <\/label>\n\t\t<\/p>\n\t<\/div>\n\t<div class=\"wf-cell wf-1-2\">\n\t\t<p><label> Phone*<br \/>\n<span class=\"wpcf7-form-control-wrap\" data-name=\"phone\"><input size=\"40\" maxlength=\"400\" class=\"wpcf7-form-control wpcf7-text wpcf7-validates-as-required\" aria-required=\"true\" aria-invalid=\"false\" value=\"\" type=\"text\" name=\"phone\" \/><\/span> <\/label>\n\t\t<\/p>\n\t<\/div>\n<\/div>\n<p><span id=\"wpcf7-69da0f9944c78-wrapper\" class=\"wpcf7-form-control-wrap objet-wrap\" style=\"display:none !important; visibility:hidden !important;\"><label for=\"wpcf7-69da0f9944c78-field\" class=\"hp-message\">Please leave this field empty.<\/label><input id=\"wpcf7-69da0f9944c78-field\"  class=\"wpcf7-form-control wpcf7-text\" type=\"text\" name=\"objet\" value=\"\" size=\"40\" tabindex=\"-1\" autocomplete=\"new-password\" \/><\/span>\n<\/p>\n<p><label> Your message<br \/>\n<span class=\"wpcf7-form-control-wrap\" data-name=\"message\"><textarea cols=\"1\" rows=\"5\" maxlength=\"2000\" class=\"wpcf7-form-control wpcf7-textarea\" aria-invalid=\"false\" name=\"message\"><\/textarea><\/span> <\/label>\n<\/p>\n<p>By sending this form, you accept that Koru Hotel stores and uses the information collected in order to process your request. If you would like to know more about our privacy policy, you will find it <a href=\"https:\/\/www.koru-hotel.be\/en\/privacy-policy\/\" target=\"_blank\">here<\/a>\n<\/p>\n<p style=\"font-size: 13px; line-height: 23px;\"><span class=\"wpcf7-form-control-wrap\" data-name=\"privacy\"><span class=\"wpcf7-form-control wpcf7-acceptance\"><span class=\"wpcf7-list-item\"><label><input type=\"checkbox\" name=\"privacy\" value=\"1\" aria-invalid=\"false\" \/><span class=\"wpcf7-list-item-label\">Yes, I give my consent<\/span><\/label><\/span><\/span><\/span>\n<\/p>\n<p><input class=\"wpcf7-form-control wpcf7-submit has-spinner\" type=\"submit\" value=\"Envoyer\" \/>\n<\/p>\n<style>\n.grecaptcha-badge{display:block;}\n<\/style><div class=\"wpcf7-response-output\" aria-hidden=\"true\"><\/div>\n<\/form>\n<\/div>\n[\/vc_column][\/vc_row][vc_row content_placement=&#8221;bottom&#8221; bg_type=&#8221;image&#8221; parallax_style=&#8221;vcpb-default&#8221; bg_image_new=&#8221;id^17231|url^https:\/\/www.koru-hotel.be\/wp-content\/uploads\/hotel-4.png|caption^null|alt^null|title^hotel|description^null&#8221; bg_image_repeat=&#8221;no-repeat&#8221; bg_image_size=&#8221;initial&#8221; bg_image_posiiton=&#8221;right center&#8221; bg_override=&#8221;ex-full&#8221; css=&#8221;.vc_custom_1655216926548{padding-top: 40px !important;padding-bottom: 100px !important;}&#8221;][vc_column css_animation=&#8221;fadeInUp&#8221; width=&#8221;3\/5&#8243;]<style type=\"text\/css\" data-type=\"the7_shortcodes-inline-css\">.shortcode-single-image-wrap.shortcode-single-image-af7ffecc90fd089c1241bf8b4e66a725.enable-bg-rollover .rollover i,\n.shortcode-single-image-wrap.shortcode-single-image-af7ffecc90fd089c1241bf8b4e66a725.enable-bg-rollover .rollover-video i {\n  background: -webkit-linear-gradient();\n  background: linear-gradient();\n}\n.shortcode-single-image-wrap.shortcode-single-image-af7ffecc90fd089c1241bf8b4e66a725 .rollover-icon {\n  font-size: 32px;\n  color: #ffffff;\n  min-width: 44px;\n  min-height: 44px;\n  line-height: 44px;\n  border-radius: 100px;\n  border-style: solid;\n  border-width: 0px;\n}\n.dt-icon-bg-on.shortcode-single-image-wrap.shortcode-single-image-af7ffecc90fd089c1241bf8b4e66a725 .rollover-icon {\n  background: rgba(255,255,255,0.3);\n  box-shadow: none;\n}\n<\/style><div class=\"shortcode-single-image-wrap shortcode-single-image-af7ffecc90fd089c1241bf8b4e66a725 alignnone  enable-bg-rollover dt-icon-bg-off\" style=\"margin-top:0px; margin-bottom:0px; margin-left:0px; margin-right:0px; width:700px;\"><div class=\"shortcode-single-image\"><div class=\"fancy-media-wrap\" style=\"\"><a href=\"https:\/\/www.google.com\/maps\/place\/Rue+du+Piroy+67,+1367+Ramillies\/@50.6692415,4.9016077,17z\/data=!4m5!3m4!1s0x47c173f2b09683f3:0xdaa21d16b62cecc2!8m2!3d50.6692415!4d4.9037964\" class=\" rollover\" style=\"\" target=\"_blank\" rel=\"noopener\" aria-label=\"Image\"><img loading=\"lazy\" decoding=\"async\" class=\"preload-me aspect\" src=\"https:\/\/www.koru-hotel.be\/wp-content\/uploads\/map.jpeg\" srcset=\"https:\/\/www.koru-hotel.be\/wp-content\/uploads\/map.jpeg 699w\" style=\"--ratio: 699 \/ 699\" sizes=\"auto, (max-width: 699px) 100vw, 699px\" width=\"699\" height=\"699\"  data-dt-location=\"https:\/\/www.koru-hotel.be\/en\/contact\/map-2-2\/\" alt=\"\" \/><\/a><\/div><\/div><\/div>[\/vc_column][vc_column width=&#8221;2\/5&#8243; el_class=&#8221;custom-neg-left&#8221;][vc_column_text css=&#8221;.vc_custom_1655216720328{padding-top: 30px !important;padding-right: 30px !important;padding-bottom: 30px !important;padding-left: 30px !important;background-color: #ffffff !important;border-radius: 10px !important;}&#8221; el_class=&#8221;custom-bloc-shadow&#8221;]<\/p>\n<h2>O\u00f9 nous trouver ?<\/h2>\n<p>Afin d\u2019optimiser votre arriv\u00e9e, certains GPS peuvent vous guider \u00e0 travers des petites routes en pav\u00e9s ( par exemple rue de l\u2019am\u00e9rique) ou rue en sens unique ( impasse du Piroy) pour venir jusqu\u2019\u00e0 l\u2019h\u00f4tel.<br \/>\nL\u2019h\u00f4tel se situe dans le RUE du Piroy et non l\u2019IMPASSE.[\/vc_column_text]<style type=\"text\/css\" data-type=\"the7_shortcodes-inline-css\">#default-btn-58d14ca32bb3a74f7a69342cb1381863.ico-right-side > i {\n  margin-right: 0px;\n  margin-left: 8px;\n}\n#default-btn-58d14ca32bb3a74f7a69342cb1381863 > i {\n  margin-right: 8px;\n}\n<\/style><a href=\"https:\/\/www.koru-hotel.be\/wp-content\/uploads\/Directions-Koru-Hotel-UK.pdf\" class=\"default-btn-shortcode dt-btn dt-btn-m link-hover-off ico-right-side btn-inline-left \" target=\"_blank\" id=\"default-btn-58d14ca32bb3a74f7a69342cb1381863\" title=\"T\u00e9l\u00e9chargez l'explicatif d\u00e9taill\u00e9\" rel=\"nofollow\"><span>T\u00e9l\u00e9chargez l&#8217;explicatif d\u00e9taill\u00e9<\/span><i class=\"icomoon-the7-font-the7-arrow-33\"><\/i><\/a>[\/vc_column][\/vc_row]<\/p>\n<\/div>","protected":false},"excerpt":{"rendered":"<p>[vc_row content_placement=&#8221;middle&#8221; bg_type=&#8221;image&#8221; parallax_style=&#8221;vcpb-default&#8221; bg_image_new=&#8221;id^17564|url^https:\/\/www.koru-hotel.be\/wp-content\/uploads\/header-restaurant.jpg|caption^null|alt^null|title^header-restaurant|description^null&#8221; bg_image_repeat=&#8221;no-repeat&#8221; bg_override=&#8221;ex-full&#8221; enable_overlay=&#8221;enable_overlay_value&#8221; overlay_color=&#8221;rgba(205,172,107,0.3)&#8221; css=&#8221;.vc_custom_1655905758423{padding-top: 80px !important;padding-bottom: 80px !important;}&#8221; el_class=&#8221;custom-overlay custom-height-2 chambre-header&#8221;][vc_column][vc_column_text el_class=&#8221;custom-white&#8221;] Contact [\/vc_column_text][\/vc_column][\/vc_row][vc_row bg_type=&#8221;grad&#8221; bg_override=&#8221;ex-full&#8221; bg_grad=&#8221;background: -webkit-gradient(linear, left top, left bottom, color-stop(0%, #CDAC6B), color-stop(50%, #CDAC6B), color-stop(50%, #FAF9F4));background: -moz-linear-gradient(top,#CDAC6B 0%,#CDAC6B 50%,#FAF9F4 50%);background: -webkit-linear-gradient(top,#CDAC6B 0%,#CDAC6B 50%,#FAF9F4 50%);background: -o-linear-gradient(top,#CDAC6B 0%,#CDAC6B 50%,#FAF9F4 50%);background: -ms-linear-gradient(top,#CDAC6B 0%,#CDAC6B 50%,#FAF9F4 50%);background: linear-gradient(top,#CDAC6B 0%,#CDAC6B 50%,#FAF9F4 50%);&#8221;][vc_column css=&#8221;.vc_custom_1647510200607{margin-top:&hellip;<\/p>\n","protected":false},"author":3,"featured_media":0,"parent":0,"menu_order":7,"comment_status":"closed","ping_status":"closed","template":"","meta":{"inline_featured_image":false,"footnotes":""},"class_list":["post-16014","page","type-page","status-publish","hentry","description-off"],"yoast_head":"<!-- This site is optimized with the Yoast SEO plugin v26.8 - https:\/\/yoast.com\/product\/yoast-seo-wordpress\/ -->\n<title>Contact - Koru Hotel et Spa Privatif<\/title>\n<meta name=\"description\" content=\"Contactez-nous par e-mail pour effectuer vos demandes de r\u00e9servation pour les chambres, spa privatif ou restaurant\" \/>\n<meta name=\"robots\" content=\"index, follow, max-snippet:-1, max-image-preview:large, max-video-preview:-1\" \/>\n<link rel=\"canonical\" href=\"https:\/\/www.koru-hotel.be\/en\/contact\/\" \/>\n<meta property=\"og:locale\" content=\"en_US\" \/>\n<meta property=\"og:type\" content=\"article\" \/>\n<meta property=\"og:title\" content=\"Contact - Koru Hotel et Spa Privatif\" \/>\n<meta property=\"og:description\" content=\"Contactez-nous par e-mail pour effectuer vos demandes de r\u00e9servation pour les chambres, spa privatif ou restaurant\" \/>\n<meta property=\"og:url\" content=\"https:\/\/www.koru-hotel.be\/en\/contact\/\" \/>\n<meta property=\"og:site_name\" content=\"Koru Hotel\" \/>\n<meta property=\"article:modified_time\" content=\"2023-11-23T14:57:52+00:00\" \/>\n<meta name=\"twitter:card\" content=\"summary_large_image\" \/>\n<meta name=\"twitter:label1\" content=\"Est. reading time\" \/>\n\t<meta name=\"twitter:data1\" content=\"2 minutes\" \/>\n<script type=\"application\/ld+json\" class=\"yoast-schema-graph\">{\"@context\":\"https:\/\/schema.org\",\"@graph\":[{\"@type\":\"WebPage\",\"@id\":\"https:\/\/www.koru-hotel.be\/en\/contact\/\",\"url\":\"https:\/\/www.koru-hotel.be\/en\/contact\/\",\"name\":\"Contact - Koru Hotel et Spa Privatif\",\"isPartOf\":{\"@id\":\"https:\/\/www.koru-hotel.be\/en\/#website\"},\"datePublished\":\"2018-06-20T13:46:03+00:00\",\"dateModified\":\"2023-11-23T14:57:52+00:00\",\"description\":\"Contactez-nous par e-mail pour effectuer vos demandes de r\u00e9servation pour les chambres, spa privatif ou restaurant\",\"breadcrumb\":{\"@id\":\"https:\/\/www.koru-hotel.be\/en\/contact\/#breadcrumb\"},\"inLanguage\":\"en-US\",\"potentialAction\":[{\"@type\":\"ReadAction\",\"target\":[\"https:\/\/www.koru-hotel.be\/en\/contact\/\"]}]},{\"@type\":\"BreadcrumbList\",\"@id\":\"https:\/\/www.koru-hotel.be\/en\/contact\/#breadcrumb\",\"itemListElement\":[{\"@type\":\"ListItem\",\"position\":1,\"name\":\"Accueil\",\"item\":\"https:\/\/www.koru-hotel.be\/en\/\"},{\"@type\":\"ListItem\",\"position\":2,\"name\":\"Contact\"}]},{\"@type\":\"WebSite\",\"@id\":\"https:\/\/www.koru-hotel.be\/en\/#website\",\"url\":\"https:\/\/www.koru-hotel.be\/en\/\",\"name\":\"Koru Hotel\",\"description\":\"\",\"potentialAction\":[{\"@type\":\"SearchAction\",\"target\":{\"@type\":\"EntryPoint\",\"urlTemplate\":\"https:\/\/www.koru-hotel.be\/en\/?s={search_term_string}\"},\"query-input\":{\"@type\":\"PropertyValueSpecification\",\"valueRequired\":true,\"valueName\":\"search_term_string\"}}],\"inLanguage\":\"en-US\"}]}<\/script>\n<!-- \/ Yoast SEO plugin. -->","yoast_head_json":{"title":"Contact - Koru Hotel et Spa Privatif","description":"Contactez-nous par e-mail pour effectuer vos demandes de r\u00e9servation pour les chambres, spa privatif ou restaurant","robots":{"index":"index","follow":"follow","max-snippet":"max-snippet:-1","max-image-preview":"max-image-preview:large","max-video-preview":"max-video-preview:-1"},"canonical":"https:\/\/www.koru-hotel.be\/en\/contact\/","og_locale":"en_US","og_type":"article","og_title":"Contact - Koru Hotel et Spa Privatif","og_description":"Contactez-nous par e-mail pour effectuer vos demandes de r\u00e9servation pour les chambres, spa privatif ou restaurant","og_url":"https:\/\/www.koru-hotel.be\/en\/contact\/","og_site_name":"Koru Hotel","article_modified_time":"2023-11-23T14:57:52+00:00","twitter_card":"summary_large_image","twitter_misc":{"Est. reading time":"2 minutes"},"schema":{"@context":"https:\/\/schema.org","@graph":[{"@type":"WebPage","@id":"https:\/\/www.koru-hotel.be\/en\/contact\/","url":"https:\/\/www.koru-hotel.be\/en\/contact\/","name":"Contact - Koru Hotel et Spa Privatif","isPartOf":{"@id":"https:\/\/www.koru-hotel.be\/en\/#website"},"datePublished":"2018-06-20T13:46:03+00:00","dateModified":"2023-11-23T14:57:52+00:00","description":"Contactez-nous par e-mail pour effectuer vos demandes de r\u00e9servation pour les chambres, spa privatif ou restaurant","breadcrumb":{"@id":"https:\/\/www.koru-hotel.be\/en\/contact\/#breadcrumb"},"inLanguage":"en-US","potentialAction":[{"@type":"ReadAction","target":["https:\/\/www.koru-hotel.be\/en\/contact\/"]}]},{"@type":"BreadcrumbList","@id":"https:\/\/www.koru-hotel.be\/en\/contact\/#breadcrumb","itemListElement":[{"@type":"ListItem","position":1,"name":"Accueil","item":"https:\/\/www.koru-hotel.be\/en\/"},{"@type":"ListItem","position":2,"name":"Contact"}]},{"@type":"WebSite","@id":"https:\/\/www.koru-hotel.be\/en\/#website","url":"https:\/\/www.koru-hotel.be\/en\/","name":"Koru Hotel","description":"","potentialAction":[{"@type":"SearchAction","target":{"@type":"EntryPoint","urlTemplate":"https:\/\/www.koru-hotel.be\/en\/?s={search_term_string}"},"query-input":{"@type":"PropertyValueSpecification","valueRequired":true,"valueName":"search_term_string"}}],"inLanguage":"en-US"}]}},"_links":{"self":[{"href":"https:\/\/www.koru-hotel.be\/en\/wp-json\/wp\/v2\/pages\/16014","targetHints":{"allow":["GET"]}}],"collection":[{"href":"https:\/\/www.koru-hotel.be\/en\/wp-json\/wp\/v2\/pages"}],"about":[{"href":"https:\/\/www.koru-hotel.be\/en\/wp-json\/wp\/v2\/types\/page"}],"author":[{"embeddable":true,"href":"https:\/\/www.koru-hotel.be\/en\/wp-json\/wp\/v2\/users\/3"}],"replies":[{"embeddable":true,"href":"https:\/\/www.koru-hotel.be\/en\/wp-json\/wp\/v2\/comments?post=16014"}],"version-history":[{"count":15,"href":"https:\/\/www.koru-hotel.be\/en\/wp-json\/wp\/v2\/pages\/16014\/revisions"}],"predecessor-version":[{"id":24385,"href":"https:\/\/www.koru-hotel.be\/en\/wp-json\/wp\/v2\/pages\/16014\/revisions\/24385"}],"wp:attachment":[{"href":"https:\/\/www.koru-hotel.be\/en\/wp-json\/wp\/v2\/media?parent=16014"}],"curies":[{"name":"wp","href":"https:\/\/api.w.org\/{rel}","templated":true}]}}