{"id":16023,"date":"2018-06-25T09:52:50","date_gmt":"2018-06-25T07:52:50","guid":{"rendered":"https:\/\/koru-hotel.poush-dev.be\/massages\/"},"modified":"2025-12-02T12:30:04","modified_gmt":"2025-12-02T11:30:04","slug":"massages-and-care","status":"publish","type":"page","link":"https:\/\/www.koru-hotel.be\/en\/our-spa\/massages-and-care\/","title":{"rendered":"Massages and care"},"content":{"rendered":"<div class=\"wpb-content-wrapper\"><p>[vc_row content_placement=&#8221;middle&#8221; bg_type=&#8221;image&#8221; parallax_style=&#8221;vcpb-default&#8221; bg_image_new=&#8221;id^17626|url^https:\/\/www.koru-hotel.be\/wp-content\/uploads\/massage-header.jpg|caption^null|alt^null|title^massage-header|description^null&#8221; bg_image_repeat=&#8221;no-repeat&#8221; bg_override=&#8221;ex-full&#8221; enable_overlay=&#8221;enable_overlay_value&#8221; overlay_color=&#8221;rgba(205,172,107,0.3)&#8221; css=&#8221;.vc_custom_1655911475907{padding-top: 80px !important;}&#8221; el_class=&#8221;custom-overlay custom-height2&#8243;][vc_column][vc_column_text el_class=&#8221;custom-white&#8221;]<\/p>\n<h1 style=\"text-align: center;\">Massages<\/h1>\n<p>[\/vc_column_text][\/vc_column][\/vc_row][vc_row content_placement=&#8221;bottom&#8221; bg_type=&#8221;grad&#8221; bg_override=&#8221;ex-full&#8221; css=&#8221;.vc_custom_1655911482273{padding-bottom: 80px !important;}&#8221; bg_grad=&#8221;background: -webkit-gradient(linear, left top, left bottom, color-stop(0%, #CDAC6B), color-stop(60%, #CDAC6B), color-stop(60%, #FAF9F4));background: -moz-linear-gradient(top,#CDAC6B 0%,#CDAC6B 60%,#FAF9F4 60%);background: -webkit-linear-gradient(top,#CDAC6B 0%,#CDAC6B 60%,#FAF9F4 60%);background: -o-linear-gradient(top,#CDAC6B 0%,#CDAC6B 60%,#FAF9F4 60%);background: -ms-linear-gradient(top,#CDAC6B 0%,#CDAC6B 60%,#FAF9F4 60%);background: linear-gradient(top,#CDAC6B 0%,#CDAC6B 60%,#FAF9F4 60%);&#8221;][vc_column css_animation=&#8221;fadeInUp&#8221; width=&#8221;3\/5&#8243;][vc_single_image image=&#8221;17241&#8243; img_size=&#8221;700&#215;700&#8243; alignment=&#8221;right&#8221; image_hovers=&#8221;false&#8221;][\/vc_column][vc_column width=&#8221;2\/5&#8243; el_class=&#8221;custom-neg-left custom-zindex&#8221;][vc_row_inner css=&#8221;.vc_custom_1649246532389{margin-bottom: 35px !important;}&#8221;][vc_column_inner el_class=&#8221;custom-col-shadow&#8221; css=&#8221;.vc_custom_1649252182444{padding-top: 30px !important;padding-right: 30px !important;padding-bottom: 30px !important;padding-left: 30px !important;background-color: #ffffff !important;border-radius: 10px !important;}&#8221;][vc_column_text css=&#8221;.vc_custom_1649327143568{margin-bottom: 0px !important;}&#8221;]<\/p>\n<h3>Massages<\/h3>\n<p>[\/vc_column_text][vc_column_text css=&#8221;.vc_custom_1761057081210{margin-top: 20px !important;}&#8221; el_class=&#8221;custom-table&#8221;]<\/p>\n<p data-start=\"442\" data-end=\"515\"><br data-start=\"454\" data-end=\"457\" \/><strong data-start=\"459\" data-end=\"513\">A precious moment of serenity at the heart of Koru<\/strong><\/p>\n<p data-start=\"522\" data-end=\"716\">Step into our wellness space and enter a world of softness, warmth, and light.<br data-start=\"600\" data-end=\"603\" \/>In a cocoon of wood and gentle hues, every treatment becomes a journey \u2014 a moment to reconnect with yourself.<\/p>\n<p data-start=\"723\" data-end=\"998\">Our <strong data-start=\"727\" data-end=\"749\">duo treatment room<\/strong>, bathed in soft light beneath a starry ceiling, invites you to let go completely \u2014 whether shared as a couple or enjoyed alone.<br data-start=\"877\" data-end=\"880\" \/>It\u2019s a timeless sensory experience, designed to awaken the senses, calm the mind, and restore harmony to the body.<\/p>\n<p data-start=\"1005\" data-end=\"1272\">Whether you\u2019re a hotel guest or visiting for the day, our spa welcomes you for a rejuvenating escape, far from the noise of everyday life.<br data-start=\"1143\" data-end=\"1146\" \/>Here, every gesture has meaning, every fragrance tells a story, and every treatment is a promise of rediscovered serenity.<\/p>\n<hr data-start=\"1279\" data-end=\"1284\" \/>\n<p data-start=\"1291\" data-end=\"1347\"><strong data-start=\"1291\" data-end=\"1345\">Origine \u2013 An Invitation to Reconnect with Yourself<\/strong><\/p>\n<p data-start=\"1354\" data-end=\"1653\">Born in the C\u00e9vennes, in the heart of southern France, <strong data-start=\"1409\" data-end=\"1420\">Origine<\/strong> celebrates simple, natural, and sensory beauty.<br data-start=\"1468\" data-end=\"1471\" \/>When I discovered this brand, I felt a deep resonance with the spirit of H\u00f4tel Koru \u2014 a return to essentials, an ode to nature, and an approach to well-being as an inner journey.<\/p>\n<p data-start=\"1660\" data-end=\"1898\">Through its delicate textures and scents inspired by the world \u2014 <strong data-start=\"1725\" data-end=\"1752\">Japanese Cherry Blossom<\/strong>, <strong data-start=\"1754\" data-end=\"1775\">Chinese Green Tea<\/strong>, <strong data-start=\"1777\" data-end=\"1800\">Scandinavian Cotton<\/strong>, and <strong data-start=\"1806\" data-end=\"1836\">Mediterranean Orange Grove<\/strong> \u2014 Origine invites us to slow down, to breathe, and to feel.<\/p>\n<p data-start=\"1905\" data-end=\"2019\">I chose this brand with my heart, to offer you treatments that are sincere, elegant, and profoundly restorative.<\/p>\n<p data-start=\"2026\" data-end=\"2090\">Welcome to this new haven of softness \u2014 between earth and sky.<\/p>\n<table class=\"table_container\" style=\"height: 21px;\" width=\"8\">\n<thead class=\"table_head\">\n<tr>\n<th><\/th>\n<th width=\"80\"><\/th>\n<th width=\"80\"><\/th>\n<\/tr>\n<\/thead>\n<tbody class=\"table_container\">\n<tr>\n<td><\/td>\n<td><\/td>\n<td><\/td>\n<\/tr>\n<tr>\n<td><\/td>\n<td><\/td>\n<td><\/td>\n<\/tr>\n<tr>\n<td><\/td>\n<td><\/td>\n<td><\/td>\n<\/tr>\n<tr>\n<td><\/td>\n<td><\/td>\n<td><\/td>\n<\/tr>\n<tr>\n<td><\/td>\n<td><\/td>\n<td><\/td>\n<\/tr>\n<tr>\n<td><\/td>\n<td><\/td>\n<td><\/td>\n<\/tr>\n<\/tbody>\n<\/table>\n<p>[\/vc_column_text][\/vc_column_inner][\/vc_row_inner]<style type=\"text\/css\" data-type=\"the7_shortcodes-inline-css\">#default-btn-439776f0ae69ecbdde3f003e8b9916f3.ico-right-side > i {\n  margin-right: 0px;\n  margin-left: 8px;\n}\n#default-btn-439776f0ae69ecbdde3f003e8b9916f3 > i {\n  margin-right: 8px;\n}\n<\/style><a href=\"https:\/\/engines.hoteliers.com\/en\/3229\/whitelabelplus\/\" class=\"default-btn-shortcode dt-btn dt-btn-m link-hover-off ico-right-side btn-inline-left \" target=\"_blank\" id=\"default-btn-439776f0ae69ecbdde3f003e8b9916f3\" title=\"Booking\" rel=\"nofollow\"><span>Booking<\/span><i class=\"icomoon-the7-font-the7-arrow-29\"><\/i><\/a>[\/vc_column][\/vc_row][vc_row bg_type=&#8221;bg_color&#8221; bg_override=&#8221;ex-full&#8221; bg_color_value=&#8221;#faf9f4&#8243; css=&#8221;.vc_custom_1649331821858{margin-top: 60px !important;margin-bottom: 100px !important;}&#8221;][vc_column css=&#8221;.vc_custom_1647510200607{margin-top: -50px !important;padding-top: 30px !important;padding-right: 30px !important;padding-bottom: 30px !important;padding-left: 30px !important;background-color: #ffffff !important;border-radius: 10px !important;}&#8221; el_class=&#8221;custom-col-shadow&#8221; offset=&#8221;vc_col-lg-offset-2 vc_col-lg-8&#8243;][vc_column_text css=&#8221;&#8221;]<\/p>\n<p class=\"\" data-start=\"1374\" data-end=\"1428\"><strong data-start=\"1374\" data-end=\"1428\">Discover our treatments in a haven of comfort<\/strong><\/p>\n<p class=\"\" data-start=\"1430\" data-end=\"1673\">Even before your treatment begins, everything is designed to offer you pure relaxation: elegant changing rooms with showers and lockers, soft bathrobes, cozy slippers, and fluffy towels\u2026 Let the feeling of serenity begin the moment you arrive.<\/p>\n<table class=\"table_container\">\n<tbody>\n<tr>\n<th><strong>Face &amp; Body Care &#8211; Origine<br \/>\n<\/strong><\/th>\n<th width=\"80\">Tijd<\/th>\n<th width=\"80\">Prijs<\/th>\n<\/tr>\n<tr>\n<td>\n<div class=\"horizontal-list-cell text-left\">\n<p><strong>Essence of Radiance \u00a0\u2013 Normal to dry skin\u00a0 &#8211; Solo<\/strong><\/p>\n<\/div>\n<\/td>\n<td>60&#8242;<\/td>\n<td>100\u20ac<\/td>\n<\/tr>\n<tr>\n<td>\n<div class=\"horizontal-list-cell text-left\">\n<p><strong>Essence of Radiance \u00a0\u2013 Normal to dry skin\u00a0 &#8211; Duo<br \/>\n<\/strong><\/p>\n<\/div>\n<\/td>\n<td>60&#8242;<\/td>\n<td>200\u20ac<\/td>\n<\/tr>\n<tr>\n<td>\n<div class=\"horizontal-list-cell text-left\">\n<p><strong>Youthful Vitality \u2013 Mature skin\u00a0 &#8211; Solo<\/strong><\/p>\n<\/div>\n<\/td>\n<td>75&#8242;<\/td>\n<td>145\u20ac<\/td>\n<\/tr>\n<tr>\n<td><strong>Youthful Vitality \u2013 Mature skin\u00a0 &#8211; Duo<br \/>\n<\/strong><\/td>\n<td>75&#8242;<\/td>\n<td>290\u20ac<\/td>\n<\/tr>\n<tr>\n<td>\n<div class=\"horizontal-list-cell text-left\"><strong>BODYRITUAL \u2013 Sensory Escape<\/strong> &#8211; Scrub-Body Wrap &#8211; Face Care &#8211; Massage- Solo<\/div>\n<\/td>\n<td>90&#8242;<\/td>\n<td>170\u20ac<\/td>\n<\/tr>\n<tr>\n<td><strong>BODYRITUAL \u2013 Sensory Escape<\/strong> &#8211; Scrub-Body Wrap &#8211; Face Care &#8211; Massage-Duo<\/td>\n<td>90&#8242;<\/td>\n<td>340\u20ac<\/td>\n<\/tr>\n<\/tbody>\n<\/table>\n<table class=\"table_container\" width=\"696\">\n<tbody>\n<tr>\n<th><\/th>\n<th width=\"80\">Tijd<\/th>\n<th width=\"80\">Prijs<\/th>\n<\/tr>\n<tr>\n<td>\n<div class=\"horizontal-list-cell text-left\">Relaxation Massage-Solo<\/div>\n<\/td>\n<td>60&#8242;<\/td>\n<td>110\u20ac<\/td>\n<\/tr>\n<tr>\n<td>\n<div class=\"horizontal-list-cell text-left\">Relaxation Massage-Duo<\/div>\n<\/td>\n<td>60&#8242;<\/td>\n<td>220\u20ac<\/td>\n<\/tr>\n<tr>\n<td>\n<div class=\"horizontal-list-cell text-left\">Hot Stone Massage-Solo<\/div>\n<\/td>\n<td>60&#8242;<\/td>\n<td>110\u20ac<\/td>\n<\/tr>\n<tr>\n<td>Hot Stone Massage-Duo<\/td>\n<td>60&#8242;<\/td>\n<td>220\u20ac<\/td>\n<\/tr>\n<tr>\n<td>\n<div class=\"horizontal-list-cell text-left\">Koru Signature Bambous Massage-Solo<\/div>\n<\/td>\n<td>1h30<\/td>\n<td>160\u20ac<\/td>\n<\/tr>\n<tr>\n<td>Koru Signature Bambous Massage- Duo<\/td>\n<td>1h30<\/td>\n<td>320\u20ac<\/td>\n<\/tr>\n<\/tbody>\n<\/table>\n<p>[\/vc_column_text][\/vc_column][\/vc_row]<\/p>\n<\/div>","protected":false},"excerpt":{"rendered":"<p>[vc_row content_placement=&#8221;middle&#8221; bg_type=&#8221;image&#8221; parallax_style=&#8221;vcpb-default&#8221; bg_image_new=&#8221;id^17626|url^https:\/\/www.koru-hotel.be\/wp-content\/uploads\/massage-header.jpg|caption^null|alt^null|title^massage-header|description^null&#8221; bg_image_repeat=&#8221;no-repeat&#8221; bg_override=&#8221;ex-full&#8221; enable_overlay=&#8221;enable_overlay_value&#8221; overlay_color=&#8221;rgba(205,172,107,0.3)&#8221; css=&#8221;.vc_custom_1655911475907{padding-top: 80px !important;}&#8221; el_class=&#8221;custom-overlay custom-height2&#8243;][vc_column][vc_column_text el_class=&#8221;custom-white&#8221;] Massages [\/vc_column_text][\/vc_column][\/vc_row][vc_row content_placement=&#8221;bottom&#8221; bg_type=&#8221;grad&#8221; bg_override=&#8221;ex-full&#8221; css=&#8221;.vc_custom_1655911482273{padding-bottom: 80px !important;}&#8221; bg_grad=&#8221;background: -webkit-gradient(linear, left top, left bottom, color-stop(0%, #CDAC6B), color-stop(60%, #CDAC6B), color-stop(60%, #FAF9F4));background: -moz-linear-gradient(top,#CDAC6B 0%,#CDAC6B 60%,#FAF9F4 60%);background: -webkit-linear-gradient(top,#CDAC6B 0%,#CDAC6B 60%,#FAF9F4 60%);background: -o-linear-gradient(top,#CDAC6B 0%,#CDAC6B 60%,#FAF9F4 60%);background: -ms-linear-gradient(top,#CDAC6B 0%,#CDAC6B 60%,#FAF9F4 60%);background: linear-gradient(top,#CDAC6B 0%,#CDAC6B 60%,#FAF9F4 60%);&#8221;][vc_column&hellip;<\/p>\n","protected":false},"author":3,"featured_media":0,"parent":16031,"menu_order":0,"comment_status":"closed","ping_status":"closed","template":"","meta":{"inline_featured_image":false,"footnotes":""},"class_list":["post-16023","page","type-page","status-publish","hentry","description-off"],"yoast_head":"<!-- This site is optimized with the Yoast SEO plugin v26.8 - https:\/\/yoast.com\/product\/yoast-seo-wordpress\/ -->\n<title>Massages et Soins Th\u00e9ma\u00e9 - Koru Hotel - Spa Privatif<\/title>\n<meta name=\"description\" content=\"Prendre du temps pour soi-m\u00eame lors d&#039;un massage relaxant, ayurv\u00e9dique, pierres chaudes ou encore un soin visage de notre gamme Th\u00e9ma\u00e9\" \/>\n<meta name=\"robots\" content=\"index, follow, max-snippet:-1, max-image-preview:large, max-video-preview:-1\" \/>\n<link rel=\"canonical\" href=\"https:\/\/www.koru-hotel.be\/en\/our-spa\/massages-and-care\/\" \/>\n<meta property=\"og:locale\" content=\"en_US\" \/>\n<meta property=\"og:type\" content=\"article\" \/>\n<meta property=\"og:title\" content=\"Massages et Soins Th\u00e9ma\u00e9 - Koru Hotel - Spa Privatif\" \/>\n<meta property=\"og:description\" content=\"Prendre du temps pour soi-m\u00eame lors d&#039;un massage relaxant, ayurv\u00e9dique, pierres chaudes ou encore un soin visage de notre gamme Th\u00e9ma\u00e9\" \/>\n<meta property=\"og:url\" content=\"https:\/\/www.koru-hotel.be\/en\/our-spa\/massages-and-care\/\" \/>\n<meta property=\"og:site_name\" content=\"Koru Hotel\" \/>\n<meta property=\"article:modified_time\" content=\"2025-12-02T11:30:04+00:00\" \/>\n<meta name=\"twitter:card\" content=\"summary_large_image\" \/>\n<meta name=\"twitter:label1\" content=\"Est. reading time\" \/>\n\t<meta name=\"twitter:data1\" content=\"3 minutes\" \/>\n<script type=\"application\/ld+json\" class=\"yoast-schema-graph\">{\"@context\":\"https:\/\/schema.org\",\"@graph\":[{\"@type\":\"WebPage\",\"@id\":\"https:\/\/www.koru-hotel.be\/en\/our-spa\/massages-and-care\/\",\"url\":\"https:\/\/www.koru-hotel.be\/en\/our-spa\/massages-and-care\/\",\"name\":\"Massages et Soins Th\u00e9ma\u00e9 - Koru Hotel - Spa Privatif\",\"isPartOf\":{\"@id\":\"https:\/\/www.koru-hotel.be\/en\/#website\"},\"datePublished\":\"2018-06-25T07:52:50+00:00\",\"dateModified\":\"2025-12-02T11:30:04+00:00\",\"description\":\"Prendre du temps pour soi-m\u00eame lors d'un massage relaxant, ayurv\u00e9dique, pierres chaudes ou encore un soin visage de notre gamme Th\u00e9ma\u00e9\",\"breadcrumb\":{\"@id\":\"https:\/\/www.koru-hotel.be\/en\/our-spa\/massages-and-care\/#breadcrumb\"},\"inLanguage\":\"en-US\",\"potentialAction\":[{\"@type\":\"ReadAction\",\"target\":[\"https:\/\/www.koru-hotel.be\/en\/our-spa\/massages-and-care\/\"]}]},{\"@type\":\"BreadcrumbList\",\"@id\":\"https:\/\/www.koru-hotel.be\/en\/our-spa\/massages-and-care\/#breadcrumb\",\"itemListElement\":[{\"@type\":\"ListItem\",\"position\":1,\"name\":\"Accueil\",\"item\":\"https:\/\/www.koru-hotel.be\/en\/\"},{\"@type\":\"ListItem\",\"position\":2,\"name\":\"Our spa\",\"item\":\"https:\/\/www.koru-hotel.be\/en\/our-spa\/\"},{\"@type\":\"ListItem\",\"position\":3,\"name\":\"Massages and care\"}]},{\"@type\":\"WebSite\",\"@id\":\"https:\/\/www.koru-hotel.be\/en\/#website\",\"url\":\"https:\/\/www.koru-hotel.be\/en\/\",\"name\":\"Koru Hotel\",\"description\":\"\",\"potentialAction\":[{\"@type\":\"SearchAction\",\"target\":{\"@type\":\"EntryPoint\",\"urlTemplate\":\"https:\/\/www.koru-hotel.be\/en\/?s={search_term_string}\"},\"query-input\":{\"@type\":\"PropertyValueSpecification\",\"valueRequired\":true,\"valueName\":\"search_term_string\"}}],\"inLanguage\":\"en-US\"}]}<\/script>\n<!-- \/ Yoast SEO plugin. -->","yoast_head_json":{"title":"Massages et Soins Th\u00e9ma\u00e9 - Koru Hotel - Spa Privatif","description":"Prendre du temps pour soi-m\u00eame lors d'un massage relaxant, ayurv\u00e9dique, pierres chaudes ou encore un soin visage de notre gamme Th\u00e9ma\u00e9","robots":{"index":"index","follow":"follow","max-snippet":"max-snippet:-1","max-image-preview":"max-image-preview:large","max-video-preview":"max-video-preview:-1"},"canonical":"https:\/\/www.koru-hotel.be\/en\/our-spa\/massages-and-care\/","og_locale":"en_US","og_type":"article","og_title":"Massages et Soins Th\u00e9ma\u00e9 - Koru Hotel - Spa Privatif","og_description":"Prendre du temps pour soi-m\u00eame lors d'un massage relaxant, ayurv\u00e9dique, pierres chaudes ou encore un soin visage de notre gamme Th\u00e9ma\u00e9","og_url":"https:\/\/www.koru-hotel.be\/en\/our-spa\/massages-and-care\/","og_site_name":"Koru Hotel","article_modified_time":"2025-12-02T11:30:04+00:00","twitter_card":"summary_large_image","twitter_misc":{"Est. reading time":"3 minutes"},"schema":{"@context":"https:\/\/schema.org","@graph":[{"@type":"WebPage","@id":"https:\/\/www.koru-hotel.be\/en\/our-spa\/massages-and-care\/","url":"https:\/\/www.koru-hotel.be\/en\/our-spa\/massages-and-care\/","name":"Massages et Soins Th\u00e9ma\u00e9 - Koru Hotel - Spa Privatif","isPartOf":{"@id":"https:\/\/www.koru-hotel.be\/en\/#website"},"datePublished":"2018-06-25T07:52:50+00:00","dateModified":"2025-12-02T11:30:04+00:00","description":"Prendre du temps pour soi-m\u00eame lors d'un massage relaxant, ayurv\u00e9dique, pierres chaudes ou encore un soin visage de notre gamme Th\u00e9ma\u00e9","breadcrumb":{"@id":"https:\/\/www.koru-hotel.be\/en\/our-spa\/massages-and-care\/#breadcrumb"},"inLanguage":"en-US","potentialAction":[{"@type":"ReadAction","target":["https:\/\/www.koru-hotel.be\/en\/our-spa\/massages-and-care\/"]}]},{"@type":"BreadcrumbList","@id":"https:\/\/www.koru-hotel.be\/en\/our-spa\/massages-and-care\/#breadcrumb","itemListElement":[{"@type":"ListItem","position":1,"name":"Accueil","item":"https:\/\/www.koru-hotel.be\/en\/"},{"@type":"ListItem","position":2,"name":"Our spa","item":"https:\/\/www.koru-hotel.be\/en\/our-spa\/"},{"@type":"ListItem","position":3,"name":"Massages and care"}]},{"@type":"WebSite","@id":"https:\/\/www.koru-hotel.be\/en\/#website","url":"https:\/\/www.koru-hotel.be\/en\/","name":"Koru Hotel","description":"","potentialAction":[{"@type":"SearchAction","target":{"@type":"EntryPoint","urlTemplate":"https:\/\/www.koru-hotel.be\/en\/?s={search_term_string}"},"query-input":{"@type":"PropertyValueSpecification","valueRequired":true,"valueName":"search_term_string"}}],"inLanguage":"en-US"}]}},"_links":{"self":[{"href":"https:\/\/www.koru-hotel.be\/en\/wp-json\/wp\/v2\/pages\/16023","targetHints":{"allow":["GET"]}}],"collection":[{"href":"https:\/\/www.koru-hotel.be\/en\/wp-json\/wp\/v2\/pages"}],"about":[{"href":"https:\/\/www.koru-hotel.be\/en\/wp-json\/wp\/v2\/types\/page"}],"author":[{"embeddable":true,"href":"https:\/\/www.koru-hotel.be\/en\/wp-json\/wp\/v2\/users\/3"}],"replies":[{"embeddable":true,"href":"https:\/\/www.koru-hotel.be\/en\/wp-json\/wp\/v2\/comments?post=16023"}],"version-history":[{"count":25,"href":"https:\/\/www.koru-hotel.be\/en\/wp-json\/wp\/v2\/pages\/16023\/revisions"}],"predecessor-version":[{"id":38342,"href":"https:\/\/www.koru-hotel.be\/en\/wp-json\/wp\/v2\/pages\/16023\/revisions\/38342"}],"up":[{"embeddable":true,"href":"https:\/\/www.koru-hotel.be\/en\/wp-json\/wp\/v2\/pages\/16031"}],"wp:attachment":[{"href":"https:\/\/www.koru-hotel.be\/en\/wp-json\/wp\/v2\/media?parent=16023"}],"curies":[{"name":"wp","href":"https:\/\/api.w.org\/{rel}","templated":true}]}}