{"id":16076,"date":"2018-05-15T00:48:49","date_gmt":"2018-05-14T22:48:49","guid":{"rendered":"https:\/\/koru-hotel.poush-dev.be\/a-propos\/"},"modified":"2025-10-21T16:48:58","modified_gmt":"2025-10-21T14:48:58","slug":"hotel","status":"publish","type":"page","link":"https:\/\/www.koru-hotel.be\/en\/hotel\/","title":{"rendered":"The hotel"},"content":{"rendered":"<div class=\"wpb-content-wrapper\"><p>[vc_row content_placement=&#8221;middle&#8221; bg_type=&#8221;image&#8221; parallax_style=&#8221;vcpb-default&#8221; bg_image_new=&#8221;id^1505|url^https:\/\/www.koru-hotel.be\/wp-content\/uploads\/apsara_cover.jpg|caption^null|alt^null|title^null|description^null&#8221; bg_image_repeat=&#8221;no-repeat&#8221; bg_override=&#8221;ex-full&#8221; enable_overlay=&#8221;enable_overlay_value&#8221; overlay_color=&#8221;rgba(205,172,107,0.3)&#8221; css=&#8221;.vc_custom_1647509866782{padding-top: 80px !important;padding-bottom: 100px !important;}&#8221; el_class=&#8221;custom-overlay custom-height2&#8243;][vc_column][vc_column_text el_class=&#8221;custom-white&#8221;]<\/p>\n<h1 style=\"text-align: center;\">Koru Hotel<\/h1>\n<p class=\"h4-size\" style=\"text-align: center;\">\u2014 The project \u2014<\/p>\n<p>[\/vc_column_text][\/vc_column][\/vc_row][vc_row bg_type=&#8221;bg_color&#8221; bg_override=&#8221;ex-full&#8221; bg_color_value=&#8221;#cdac6b&#8221;][vc_column css=&#8221;.vc_custom_1647510200607{margin-top: -50px !important;padding-top: 30px !important;padding-right: 30px !important;padding-bottom: 30px !important;padding-left: 30px !important;background-color: #ffffff !important;border-radius: 10px !important;}&#8221; el_class=&#8221;custom-col-shadow&#8221; offset=&#8221;vc_col-lg-offset-2 vc_col-lg-8&#8243;][vc_column_text css=&#8221;.vc_custom_1761058054676{margin-bottom: 10px !important;}&#8221;]<\/p>\n<h2 style=\"text-align: center;\">Travels as Guiding Thread<\/h2>\n<p data-start=\"315\" data-end=\"526\">The creation of H\u00f4tel Koru was a five-year journey \u2014 from the first architectural sketches to finding the perfect location, building the structure, and carefully selecting every material and decorative detail.<\/p>\n<p data-start=\"533\" data-end=\"627\">Bernadette van Empel, the hotel\u2019s owner, fell in love with this former tree nursery in 2011.<\/p>\n<p data-start=\"634\" data-end=\"892\">The guiding theme of the entire concept is <strong data-start=\"677\" data-end=\"687\">travel<\/strong>. Inspired by a one-year journey through <strong data-start=\"728\" data-end=\"764\">Australia, New Zealand, and Asia<\/strong> (2009\u20132010), each suite \u2014 as well as the garden \u2014 reflects memories, cultures, and emotions from that transformative adventure.<\/p>\n<p>\u00a0[\/vc_column_text][\/vc_column][\/vc_row][vc_row full_width=&#8221;stretch_row_content_no_spaces&#8221; content_placement=&#8221;bottom&#8221; bg_type=&#8221;grad&#8221; bg_override=&#8221;ex-full&#8221; bg_grad=&#8221;background: -webkit-gradient(linear, left top, left bottom, color-stop(50%, #CDAC6B), color-stop(50%, #FAF9F4));background: -moz-linear-gradient(top,#CDAC6B 50%,#FAF9F4 50%);background: -webkit-linear-gradient(top,#CDAC6B 50%,#FAF9F4 50%);background: -o-linear-gradient(top,#CDAC6B 50%,#FAF9F4 50%);background: -ms-linear-gradient(top,#CDAC6B 50%,#FAF9F4 50%);background: linear-gradient(top,#CDAC6B 50%,#FAF9F4 50%);&#8221;][vc_column css_animation=&#8221;fadeInUp&#8221; width=&#8221;1\/2&#8243; css=&#8221;.vc_custom_1649320275182{padding-top: 150px !important;background-position: center !important;background-repeat: no-repeat !important;background-size: contain !important;}&#8221; offset=&#8221;vc_col-lg-offset-1 vc_col-lg-6 vc_col-md-offset-1 vc_col-md-6 vc_col-sm-offset-1 vc_col-xs-offset-1 vc_col-xs-10&#8243;][vc_single_image image=&#8221;15888&#8243; img_size=&#8221;600&#215;800&#8243; alignment=&#8221;right&#8221; css_animation=&#8221;fadeInUp&#8221;]<div id=\"ult-easy-separator-54208863169da0a9ab384c\" class=\"ult-easy-separator-wrapper ult-responsive ult-top-easy-separator  ult-left-img\" style=\"\" data-vc-row=\"wpb_row\"  data-ultimate-target='#ult-easy-separator-54208863169da0a9ab384c'  data-responsive-json-new='{\"width\":\"desktop:600px;tablet:400px;\"}' ><div class=\"ult-easy-separator-inner-wrapper\"><div class=\"ult-no-animation\" style=\"opacity:0;\"   ><img decoding=\"async\" class=\"ult-easy-separator-img\" alt=\"null\" src=\"https:\/\/www.koru-hotel.be\/wp-content\/uploads\/travel-2.svg\" \/><\/div><\/div><\/div>[\/vc_column][vc_column width=&#8221;2\/5&#8243; el_class=&#8221;custom-neg-left&#8221; css=&#8221;.vc_custom_1649320290098{margin-bottom: 40px !important;}&#8221; offset=&#8221;vc_col-lg-offset-0 vc_col-lg-2\/5 vc_col-md-offset-0 vc_col-md-2\/5 vc_col-sm-offset-0 vc_col-xs-offset-1 vc_col-xs-10&#8243;][vc_column_text css=&#8221;.vc_custom_1761058122073{padding-top: 30px !important;padding-right: 30px !important;padding-bottom: 30px !important;padding-left: 30px !important;background-color: #ffffff !important;border-radius: 10px !important;}&#8221; el_class=&#8221;custom-bloc-shadow&#8221;]<\/p>\n<h2>Our Story<\/h2>\n<p data-start=\"323\" data-end=\"363\"><strong data-start=\"323\" data-end=\"361\">The Story of Bernadette &amp; St\u00e9phane<\/strong><\/p>\n<p data-start=\"370\" data-end=\"728\">Bernadette, originally from the Netherlands, was born in the South of France, in the C\u00e9vennes region (Gard).<br data-start=\"478\" data-end=\"481\" \/>After moving to Belgium in 1999 to study <strong data-start=\"524\" data-end=\"556\">tourism and event management<\/strong>, she fell under the spell of <strong data-start=\"586\" data-end=\"621\">the Brabant Hesbaye countryside<\/strong>, and in particular the charming village of <strong data-start=\"665\" data-end=\"681\">Autre-\u00c9glise<\/strong>, where her dream project would come to life.<\/p>\n<p data-start=\"735\" data-end=\"958\">St\u00e9phane, a native of <strong data-start=\"757\" data-end=\"779\">Tienen (Tirlemont)<\/strong>, grew up in the hospitality world, spending part of his youth working in the local caf\u00e9 on his street \u2014 while balancing his passions for <strong data-start=\"917\" data-end=\"955\">motocross, football, and billiards<\/strong>.<\/p>\n<p data-start=\"965\" data-end=\"1110\">Having always lived around Autre-\u00c9glise, St\u00e9phane worked as an accountant in <strong data-start=\"1042\" data-end=\"1058\">Orp-le-Grand<\/strong> and later in <strong data-start=\"1072\" data-end=\"1082\">Poucet<\/strong>, where the two of us met.<\/p>\n<p data-start=\"1117\" data-end=\"1241\">He joined the hotel project in <strong data-start=\"1148\" data-end=\"1156\">2016<\/strong>, and what began as a great friendship gradually turned into a shared life journey.<\/p>\n<p data-start=\"1248\" data-end=\"1380\">Together, we are delighted to welcome you \u2014 in <strong data-start=\"1295\" data-end=\"1332\">French, Dutch, English, or German<\/strong> \u2014 to our little haven of peace and hospitality.<\/p>\n<p>&nbsp;<\/p>\n<p>[\/vc_column_text][\/vc_column][\/vc_row][vc_row gap=&#8221;35&#8243; content_placement=&#8221;middle&#8221; css=&#8221;.vc_custom_1649167828659{margin-bottom: 40px !important;}&#8221;][vc_column width=&#8221;1\/2&#8243; offset=&#8221;vc_col-lg-offset-1 vc_col-lg-4 vc_col-md-offset-1 vc_col-md-4 vc_col-sm-offset-0&#8243;][vc_column_text css=&#8221;.vc_custom_1657899150728{margin-bottom: 0px !important;padding-top: 30px !important;padding-right: 30px !important;padding-bottom: 30px !important;padding-left: 30px !important;background-color: #ffffff !important;border-radius: 10px !important;}&#8221; el_class=&#8221;custom-bloc-shadow&#8221;]<\/p>\n<h3>Different sites<\/h3>\n<p>Underneath, you can find a link to the different websites for all the visit possibilities in our nice region.<\/p>\n<p>If you enjoyed your stay with us, please leave a positive comment on Trip Advisor, Facebook or Google Reviews.[\/vc_column_text][\/vc_column][vc_column width=&#8221;5\/12&#8243;]<section class=\"logos-grid wf-container\" data-width=\"160px\" data-columns=\"2\"><div class=\"wf-cell\"><div><a href=\"https:\/\/www.destinationbw.be\/\" target=\"_blank\" title=\"\" ><img loading=\"lazy\" decoding=\"async\" class=\" preload-me\" src=\"https:\/\/www.koru-hotel.be\/wp-content\/uploads\/destination-bw-2.png\" srcset=\"https:\/\/www.koru-hotel.be\/wp-content\/uploads\/destination-bw-2.png 160w\" width=\"160\" height=\"120\"  alt=\"Destination BW\" \/><\/a><\/div><\/div><div class=\"wf-cell\"><div><a href=\"https:\/\/www.facebook.com\/KoruHotelAutreEglise\" target=\"_blank\" title=\"\" ><img loading=\"lazy\" decoding=\"async\" class=\" preload-me\" src=\"https:\/\/www.koru-hotel.be\/wp-content\/uploads\/facebook.png\" srcset=\"https:\/\/www.koru-hotel.be\/wp-content\/uploads\/facebook.png 160w\" width=\"160\" height=\"120\"  alt=\"Facebook\" \/><\/a><\/div><\/div><div class=\"wf-cell\"><div><a href=\"https:\/\/www.instagram.com\/koru_hotel\/\" target=\"_blank\" title=\"\" ><img loading=\"lazy\" decoding=\"async\" class=\" preload-me\" src=\"https:\/\/www.koru-hotel.be\/wp-content\/uploads\/instagram.png\" srcset=\"https:\/\/www.koru-hotel.be\/wp-content\/uploads\/instagram.png 160w\" width=\"160\" height=\"120\"  alt=\"Instagram\" \/><\/a><\/div><\/div><div class=\"wf-cell\"><div><a href=\"https:\/\/visitwallonia.be\/\" target=\"_blank\" title=\"\" ><img loading=\"lazy\" decoding=\"async\" class=\" preload-me\" src=\"https:\/\/www.koru-hotel.be\/wp-content\/uploads\/visit-wallonia.png\" srcset=\"https:\/\/www.koru-hotel.be\/wp-content\/uploads\/visit-wallonia.png 160w\" width=\"160\" height=\"120\"  alt=\"Visit Wallonia\" \/><\/a><\/div><\/div><div class=\"wf-cell\"><div><a href=\"https:\/\/walloniebelgiquetourisme.be\/fr-be\/3\/jaime\/wallonie-a-velo\/bienvenue-velo\" target=\"_blank\" title=\"\" ><img loading=\"lazy\" decoding=\"async\" class=\" preload-me\" src=\"https:\/\/www.koru-hotel.be\/wp-content\/uploads\/bienvenue-velo.png\" srcset=\"https:\/\/www.koru-hotel.be\/wp-content\/uploads\/bienvenue-velo.png 160w\" width=\"160\" height=\"120\"  alt=\"Bienvenue v\u00e9lo\" \/><\/a><\/div><\/div><div class=\"wf-cell\"><div><a href=\"https:\/\/www.tripadvisor.fr\/Hotel_Review-g8714667-d8708368-Reviews-Koru_Hotel-Autre_Eglise_Walloon_Brabant_Province_Wallonia.html\" target=\"_blank\" title=\"\" ><img loading=\"lazy\" decoding=\"async\" class=\" preload-me\" src=\"https:\/\/www.koru-hotel.be\/wp-content\/uploads\/tripadvisor.png\" srcset=\"https:\/\/www.koru-hotel.be\/wp-content\/uploads\/tripadvisor.png 160w\" width=\"160\" height=\"120\"  alt=\"Tripadvisor\" \/><\/a><\/div><\/div><\/section>[\/vc_column][\/vc_row][vc_row content_placement=&#8221;middle&#8221; bg_type=&#8221;image&#8221; parallax_style=&#8221;vcpb-default&#8221; bg_image_new=&#8221;id^3708|url^https:\/\/www.koru-hotel.be\/wp-content\/uploads\/couverture-avant.jpg|caption^null|alt^null|title^couverture-avant|description^null&#8221; bg_image_repeat=&#8221;no-repeat&#8221; bg_override=&#8221;ex-full&#8221; enable_overlay=&#8221;enable_overlay_value&#8221; overlay_color=&#8221;rgba(0,0,0,0.3)&#8221; css=&#8221;.vc_custom_1649163033938{padding-top: 120px !important;padding-bottom: 120px !important;}&#8221; el_class=&#8221;custom-overlay2&#8243;][vc_column offset=&#8221;vc_col-lg-offset-3 vc_col-lg-6&#8243;][vc_column_text el_class=&#8221;custom-white&#8221;]<\/p>\n<h2 style=\"text-align: center;\">Meaning of the word Koru<\/h2>\n<h4 style=\"text-align: center;\">(Maori symbol from New Zealand)<\/h4>\n<p style=\"text-align: center;\">\u00ab The Koru, unfolding fern leaf, represents a new beginning, new life and growth. The shape is derived from the young frond that develops and eventually unfolding from the protection of a parent frond. This process refers to the life cycle of the human being. The Koru represents the eternal peace and quiet of the forest and is an expression of the desire of man to be surrounded by these elements. \u00bb<\/p>\n<p>[\/vc_column_text][\/vc_column][\/vc_row]<\/p>\n<\/div>","protected":false},"excerpt":{"rendered":"<p>[vc_row content_placement=&#8221;middle&#8221; bg_type=&#8221;image&#8221; parallax_style=&#8221;vcpb-default&#8221; bg_image_new=&#8221;id^1505|url^https:\/\/www.koru-hotel.be\/wp-content\/uploads\/apsara_cover.jpg|caption^null|alt^null|title^null|description^null&#8221; bg_image_repeat=&#8221;no-repeat&#8221; bg_override=&#8221;ex-full&#8221; enable_overlay=&#8221;enable_overlay_value&#8221; overlay_color=&#8221;rgba(205,172,107,0.3)&#8221; css=&#8221;.vc_custom_1647509866782{padding-top: 80px !important;padding-bottom: 100px !important;}&#8221; el_class=&#8221;custom-overlay custom-height2&#8243;][vc_column][vc_column_text el_class=&#8221;custom-white&#8221;] Koru Hotel \u2014 The project \u2014 [\/vc_column_text][\/vc_column][\/vc_row][vc_row bg_type=&#8221;bg_color&#8221; bg_override=&#8221;ex-full&#8221; bg_color_value=&#8221;#cdac6b&#8221;][vc_column css=&#8221;.vc_custom_1647510200607{margin-top: -50px !important;padding-top: 30px !important;padding-right: 30px !important;padding-bottom: 30px !important;padding-left: 30px !important;background-color: #ffffff !important;border-radius: 10px !important;}&#8221; el_class=&#8221;custom-col-shadow&#8221; offset=&#8221;vc_col-lg-offset-2 vc_col-lg-8&#8243;][vc_column_text css=&#8221;.vc_custom_1761058054676{margin-bottom: 10px !important;}&#8221;] Travels as Guiding Thread The creation of&hellip;<\/p>\n","protected":false},"author":3,"featured_media":0,"parent":0,"menu_order":1,"comment_status":"closed","ping_status":"closed","template":"","meta":{"inline_featured_image":false,"footnotes":""},"class_list":["post-16076","page","type-page","status-publish","hentry","description-off"],"yoast_head":"<!-- This site is optimized with the Yoast SEO plugin v26.8 - https:\/\/yoast.com\/product\/yoast-seo-wordpress\/ -->\n<title>Hotel 3* - 7 chambres - Koru Hotel<\/title>\n<meta name=\"description\" content=\"Venez vous d\u00e9tendre dans une de nos 7 suites uniques et spacieuses am\u00e9nag\u00e9s sur le th\u00e8me du voyage, l&#039;Asie et l&#039;Oc\u00e9anie.\" \/>\n<meta name=\"robots\" content=\"index, follow, max-snippet:-1, max-image-preview:large, max-video-preview:-1\" \/>\n<link rel=\"canonical\" href=\"https:\/\/www.koru-hotel.be\/en\/hotel\/\" \/>\n<meta property=\"og:locale\" content=\"en_US\" \/>\n<meta property=\"og:type\" content=\"article\" \/>\n<meta property=\"og:title\" content=\"Hotel 3* - 7 chambres - Koru Hotel\" \/>\n<meta property=\"og:description\" content=\"Venez vous d\u00e9tendre dans une de nos 7 suites uniques et spacieuses am\u00e9nag\u00e9s sur le th\u00e8me du voyage, l&#039;Asie et l&#039;Oc\u00e9anie.\" \/>\n<meta property=\"og:url\" content=\"https:\/\/www.koru-hotel.be\/en\/hotel\/\" \/>\n<meta property=\"og:site_name\" content=\"Koru Hotel\" \/>\n<meta property=\"article:modified_time\" content=\"2025-10-21T14:48:58+00:00\" \/>\n<meta name=\"twitter:card\" content=\"summary_large_image\" \/>\n<meta name=\"twitter:label1\" content=\"Est. reading time\" \/>\n\t<meta name=\"twitter:data1\" content=\"4 minutes\" \/>\n<script type=\"application\/ld+json\" class=\"yoast-schema-graph\">{\"@context\":\"https:\/\/schema.org\",\"@graph\":[{\"@type\":\"WebPage\",\"@id\":\"https:\/\/www.koru-hotel.be\/en\/hotel\/\",\"url\":\"https:\/\/www.koru-hotel.be\/en\/hotel\/\",\"name\":\"Hotel 3* - 7 chambres - Koru Hotel\",\"isPartOf\":{\"@id\":\"https:\/\/www.koru-hotel.be\/en\/#website\"},\"datePublished\":\"2018-05-14T22:48:49+00:00\",\"dateModified\":\"2025-10-21T14:48:58+00:00\",\"description\":\"Venez vous d\u00e9tendre dans une de nos 7 suites uniques et spacieuses am\u00e9nag\u00e9s sur le th\u00e8me du voyage, l'Asie et l'Oc\u00e9anie.\",\"breadcrumb\":{\"@id\":\"https:\/\/www.koru-hotel.be\/en\/hotel\/#breadcrumb\"},\"inLanguage\":\"en-US\",\"potentialAction\":[{\"@type\":\"ReadAction\",\"target\":[\"https:\/\/www.koru-hotel.be\/en\/hotel\/\"]}]},{\"@type\":\"BreadcrumbList\",\"@id\":\"https:\/\/www.koru-hotel.be\/en\/hotel\/#breadcrumb\",\"itemListElement\":[{\"@type\":\"ListItem\",\"position\":1,\"name\":\"Accueil\",\"item\":\"https:\/\/www.koru-hotel.be\/en\/\"},{\"@type\":\"ListItem\",\"position\":2,\"name\":\"The hotel\"}]},{\"@type\":\"WebSite\",\"@id\":\"https:\/\/www.koru-hotel.be\/en\/#website\",\"url\":\"https:\/\/www.koru-hotel.be\/en\/\",\"name\":\"Koru Hotel\",\"description\":\"\",\"potentialAction\":[{\"@type\":\"SearchAction\",\"target\":{\"@type\":\"EntryPoint\",\"urlTemplate\":\"https:\/\/www.koru-hotel.be\/en\/?s={search_term_string}\"},\"query-input\":{\"@type\":\"PropertyValueSpecification\",\"valueRequired\":true,\"valueName\":\"search_term_string\"}}],\"inLanguage\":\"en-US\"}]}<\/script>\n<!-- \/ Yoast SEO plugin. -->","yoast_head_json":{"title":"Hotel 3* - 7 chambres - Koru Hotel","description":"Venez vous d\u00e9tendre dans une de nos 7 suites uniques et spacieuses am\u00e9nag\u00e9s sur le th\u00e8me du voyage, l'Asie et l'Oc\u00e9anie.","robots":{"index":"index","follow":"follow","max-snippet":"max-snippet:-1","max-image-preview":"max-image-preview:large","max-video-preview":"max-video-preview:-1"},"canonical":"https:\/\/www.koru-hotel.be\/en\/hotel\/","og_locale":"en_US","og_type":"article","og_title":"Hotel 3* - 7 chambres - Koru Hotel","og_description":"Venez vous d\u00e9tendre dans une de nos 7 suites uniques et spacieuses am\u00e9nag\u00e9s sur le th\u00e8me du voyage, l'Asie et l'Oc\u00e9anie.","og_url":"https:\/\/www.koru-hotel.be\/en\/hotel\/","og_site_name":"Koru Hotel","article_modified_time":"2025-10-21T14:48:58+00:00","twitter_card":"summary_large_image","twitter_misc":{"Est. reading time":"4 minutes"},"schema":{"@context":"https:\/\/schema.org","@graph":[{"@type":"WebPage","@id":"https:\/\/www.koru-hotel.be\/en\/hotel\/","url":"https:\/\/www.koru-hotel.be\/en\/hotel\/","name":"Hotel 3* - 7 chambres - Koru Hotel","isPartOf":{"@id":"https:\/\/www.koru-hotel.be\/en\/#website"},"datePublished":"2018-05-14T22:48:49+00:00","dateModified":"2025-10-21T14:48:58+00:00","description":"Venez vous d\u00e9tendre dans une de nos 7 suites uniques et spacieuses am\u00e9nag\u00e9s sur le th\u00e8me du voyage, l'Asie et l'Oc\u00e9anie.","breadcrumb":{"@id":"https:\/\/www.koru-hotel.be\/en\/hotel\/#breadcrumb"},"inLanguage":"en-US","potentialAction":[{"@type":"ReadAction","target":["https:\/\/www.koru-hotel.be\/en\/hotel\/"]}]},{"@type":"BreadcrumbList","@id":"https:\/\/www.koru-hotel.be\/en\/hotel\/#breadcrumb","itemListElement":[{"@type":"ListItem","position":1,"name":"Accueil","item":"https:\/\/www.koru-hotel.be\/en\/"},{"@type":"ListItem","position":2,"name":"The hotel"}]},{"@type":"WebSite","@id":"https:\/\/www.koru-hotel.be\/en\/#website","url":"https:\/\/www.koru-hotel.be\/en\/","name":"Koru Hotel","description":"","potentialAction":[{"@type":"SearchAction","target":{"@type":"EntryPoint","urlTemplate":"https:\/\/www.koru-hotel.be\/en\/?s={search_term_string}"},"query-input":{"@type":"PropertyValueSpecification","valueRequired":true,"valueName":"search_term_string"}}],"inLanguage":"en-US"}]}},"_links":{"self":[{"href":"https:\/\/www.koru-hotel.be\/en\/wp-json\/wp\/v2\/pages\/16076","targetHints":{"allow":["GET"]}}],"collection":[{"href":"https:\/\/www.koru-hotel.be\/en\/wp-json\/wp\/v2\/pages"}],"about":[{"href":"https:\/\/www.koru-hotel.be\/en\/wp-json\/wp\/v2\/types\/page"}],"author":[{"embeddable":true,"href":"https:\/\/www.koru-hotel.be\/en\/wp-json\/wp\/v2\/users\/3"}],"replies":[{"embeddable":true,"href":"https:\/\/www.koru-hotel.be\/en\/wp-json\/wp\/v2\/comments?post=16076"}],"version-history":[{"count":17,"href":"https:\/\/www.koru-hotel.be\/en\/wp-json\/wp\/v2\/pages\/16076\/revisions"}],"predecessor-version":[{"id":37652,"href":"https:\/\/www.koru-hotel.be\/en\/wp-json\/wp\/v2\/pages\/16076\/revisions\/37652"}],"wp:attachment":[{"href":"https:\/\/www.koru-hotel.be\/en\/wp-json\/wp\/v2\/media?parent=16076"}],"curies":[{"name":"wp","href":"https:\/\/api.w.org\/{rel}","templated":true}]}}