{"id":16193,"date":"2018-05-26T12:23:36","date_gmt":"2018-05-26T10:23:36","guid":{"rendered":"https:\/\/koru-hotel.poush-dev.be\/mentions-legales\/"},"modified":"2022-08-09T15:42:20","modified_gmt":"2022-08-09T13:42:20","slug":"terms-and-conditions","status":"publish","type":"page","link":"https:\/\/www.koru-hotel.be\/en\/terms-and-conditions\/","title":{"rendered":"Terms and conditions"},"content":{"rendered":"<div class=\"wpb-content-wrapper\"><p>[vc_row thb_full_width=&#8221;true&#8221; thb_row_padding=&#8221;true&#8221; thb_column_padding=&#8221;true&#8221;][vc_column][vc_row_inner content_placement=&#8221;middle&#8221;][vc_column_inner width=&#8221;12\/12&#8243;][vc_column_text]<\/p>\n<h2>Mentions l\u00e9gales<\/h2>\n<p>[\/vc_column_text][vc_column_text]Les informations contenues sur ce site web sont de nature g\u00e9n\u00e9rale. Ces informations ne sont pas adapt\u00e9es \u00e0 des circonstances personnelles ou sp\u00e9cifiques et ne peuvent donc \u00eatre consid\u00e9r\u00e9es comme un conseil personnel, professionnel ou juridique \u00e0 l\u2019utilisateur.<\/p>\n<p>Koru H\u014dtel consent de gros efforts pour que les informations mises \u00e0 disposition soient compl\u00e8tes, correctes, exhaustives et \u00e0 jour. Malgr\u00e9 ces efforts, des erreurs peuvent figurer dans les informations mises \u00e0 votre disposition. Si les informations diffus\u00e9es sur le site comportaient des erreurs ou si certaines informations \u00e9taient indisponibles sur ou via le site, Koru H\u014dtel mettra tout en oeuvre pour rectifier la situation.<\/p>\n<p>Koru H\u014dtel ne peut toutefois pas \u00eatre tenue responsable de dommages directs ou indirects r\u00e9sultant de l&#8217;utilisation des informations mises \u00e0 disposition sur le site.<\/p>\n<p>Si vous veniez \u00e0 constater des erreurs dans les informations mises \u00e0 disposition sur le site, vous pouvez contacter le gestionnaire du site.<\/p>\n<p>Le contenu du site (y compris les liens) peut \u00eatre adapt\u00e9, modifi\u00e9 ou compl\u00e9t\u00e9 \u00e0 tout moment sans avertissement ni communication aucune. Koru H\u014dtel n\u2019octroie aucune garantie de bon fonctionnement du site web et ne peut en aucune mani\u00e8re \u00eatre tenue responsable d\u2019un dysfonctionnement du site, d\u2019une non-disponibilit\u00e9 provisoire du site ou de toute forme de dommages, directs ou indirects, pouvant r\u00e9sulter de l\u2019acc\u00e8s au site et de l\u2019usage du site.<\/p>\n<p>En aucun cas, Koru H\u014dtel ne pourra \u00eatre tenue pour responsable envers quiconque, d&#8217;une mani\u00e8re directe, indirecte, sp\u00e9ciale ou autre, des dommages qui pourraient r\u00e9sulter de l&#8217;usage de ce site ou d&#8217;un autre, en raison notamment des connexions ou des liens hypertextes, incluant, sans limitation, toute perte, interruption du travail, d\u00e9t\u00e9rioration de programmes ou de donn\u00e9es sur le syst\u00e8me informatique, le mat\u00e9riel, les logiciels, etc. de l&#8217;utilisateur.<\/p>\n<p>Le site web peut contenir des liens hypertextes vers des sites ou pages web de tiers ou y faire r\u00e9f\u00e9rence de mani\u00e8re indirecte. La pr\u00e9sence de liens vers ces sites ou pages web ne signifie nullement une approbation implicite du contenu de ces sites ou pages.<\/p>\n<p>Koru H\u014dtel d\u00e9clare explicitement qu\u2019elle n\u2019a aucune autorit\u00e9 sur le contenu ou sur les autres caract\u00e9ristiques de ces sites ou pages web et ne peut en aucun cas \u00eatre tenue responsable du contenu ou des caract\u00e9ristiques desdits sites ou pages web, ni de dommages pouvant r\u00e9sulter de leur utilisation.[\/vc_column_text][\/vc_column_inner][\/vc_row_inner][\/vc_column][\/vc_row]<\/p>\n<\/div>","protected":false},"excerpt":{"rendered":"<p>[vc_row thb_full_width=&#8221;true&#8221; thb_row_padding=&#8221;true&#8221; thb_column_padding=&#8221;true&#8221;][vc_column][vc_row_inner content_placement=&#8221;middle&#8221;][vc_column_inner width=&#8221;12\/12&#8243;][vc_column_text] Mentions l\u00e9gales [\/vc_column_text][vc_column_text]Les informations contenues sur ce site web sont de nature g\u00e9n\u00e9rale. Ces informations ne sont pas adapt\u00e9es \u00e0 des circonstances personnelles ou sp\u00e9cifiques et ne peuvent donc \u00eatre consid\u00e9r\u00e9es comme un conseil personnel, professionnel ou juridique \u00e0 l\u2019utilisateur. Koru H\u014dtel consent de gros efforts pour que les&hellip;<\/p>\n","protected":false},"author":3,"featured_media":0,"parent":0,"menu_order":100,"comment_status":"closed","ping_status":"closed","template":"","meta":{"inline_featured_image":false,"footnotes":""},"class_list":["post-16193","page","type-page","status-publish","hentry","description-off"],"yoast_head":"<!-- This site is optimized with the Yoast SEO plugin v26.8 - https:\/\/yoast.com\/product\/yoast-seo-wordpress\/ -->\n<title>Terms and conditions - Koru Hotel<\/title>\n<meta name=\"robots\" content=\"index, follow, max-snippet:-1, max-image-preview:large, max-video-preview:-1\" \/>\n<link rel=\"canonical\" href=\"https:\/\/www.koru-hotel.be\/en\/terms-and-conditions\/\" \/>\n<meta property=\"og:locale\" content=\"en_US\" \/>\n<meta property=\"og:type\" content=\"article\" \/>\n<meta property=\"og:title\" content=\"Terms and conditions - Koru Hotel\" \/>\n<meta property=\"og:description\" content=\"[vc_row thb_full_width=&#8221;true&#8221; thb_row_padding=&#8221;true&#8221; thb_column_padding=&#8221;true&#8221;][vc_column][vc_row_inner content_placement=&#8221;middle&#8221;][vc_column_inner width=&#8221;12\/12&#8243;][vc_column_text] Mentions l\u00e9gales [\/vc_column_text][vc_column_text]Les informations contenues sur ce site web sont de nature g\u00e9n\u00e9rale. Ces informations ne sont pas adapt\u00e9es \u00e0 des circonstances personnelles ou sp\u00e9cifiques et ne peuvent donc \u00eatre consid\u00e9r\u00e9es comme un conseil personnel, professionnel ou juridique \u00e0 l\u2019utilisateur. Koru H\u014dtel consent de gros efforts pour que les&hellip;\" \/>\n<meta property=\"og:url\" content=\"https:\/\/www.koru-hotel.be\/en\/terms-and-conditions\/\" \/>\n<meta property=\"og:site_name\" content=\"Koru Hotel\" \/>\n<meta property=\"article:modified_time\" content=\"2022-08-09T13:42:20+00:00\" \/>\n<meta name=\"twitter:card\" content=\"summary_large_image\" \/>\n<meta name=\"twitter:label1\" content=\"Est. reading time\" \/>\n\t<meta name=\"twitter:data1\" content=\"3 minutes\" \/>\n<script type=\"application\/ld+json\" class=\"yoast-schema-graph\">{\"@context\":\"https:\/\/schema.org\",\"@graph\":[{\"@type\":\"WebPage\",\"@id\":\"https:\/\/www.koru-hotel.be\/en\/terms-and-conditions\/\",\"url\":\"https:\/\/www.koru-hotel.be\/en\/terms-and-conditions\/\",\"name\":\"Terms and conditions - Koru Hotel\",\"isPartOf\":{\"@id\":\"https:\/\/www.koru-hotel.be\/en\/#website\"},\"datePublished\":\"2018-05-26T10:23:36+00:00\",\"dateModified\":\"2022-08-09T13:42:20+00:00\",\"breadcrumb\":{\"@id\":\"https:\/\/www.koru-hotel.be\/en\/terms-and-conditions\/#breadcrumb\"},\"inLanguage\":\"en-US\",\"potentialAction\":[{\"@type\":\"ReadAction\",\"target\":[\"https:\/\/www.koru-hotel.be\/en\/terms-and-conditions\/\"]}]},{\"@type\":\"BreadcrumbList\",\"@id\":\"https:\/\/www.koru-hotel.be\/en\/terms-and-conditions\/#breadcrumb\",\"itemListElement\":[{\"@type\":\"ListItem\",\"position\":1,\"name\":\"Accueil\",\"item\":\"https:\/\/www.koru-hotel.be\/en\/\"},{\"@type\":\"ListItem\",\"position\":2,\"name\":\"Terms and conditions\"}]},{\"@type\":\"WebSite\",\"@id\":\"https:\/\/www.koru-hotel.be\/en\/#website\",\"url\":\"https:\/\/www.koru-hotel.be\/en\/\",\"name\":\"Koru Hotel\",\"description\":\"\",\"potentialAction\":[{\"@type\":\"SearchAction\",\"target\":{\"@type\":\"EntryPoint\",\"urlTemplate\":\"https:\/\/www.koru-hotel.be\/en\/?s={search_term_string}\"},\"query-input\":{\"@type\":\"PropertyValueSpecification\",\"valueRequired\":true,\"valueName\":\"search_term_string\"}}],\"inLanguage\":\"en-US\"}]}<\/script>\n<!-- \/ Yoast SEO plugin. -->","yoast_head_json":{"title":"Terms and conditions - Koru Hotel","robots":{"index":"index","follow":"follow","max-snippet":"max-snippet:-1","max-image-preview":"max-image-preview:large","max-video-preview":"max-video-preview:-1"},"canonical":"https:\/\/www.koru-hotel.be\/en\/terms-and-conditions\/","og_locale":"en_US","og_type":"article","og_title":"Terms and conditions - Koru Hotel","og_description":"[vc_row thb_full_width=&#8221;true&#8221; thb_row_padding=&#8221;true&#8221; thb_column_padding=&#8221;true&#8221;][vc_column][vc_row_inner content_placement=&#8221;middle&#8221;][vc_column_inner width=&#8221;12\/12&#8243;][vc_column_text] Mentions l\u00e9gales [\/vc_column_text][vc_column_text]Les informations contenues sur ce site web sont de nature g\u00e9n\u00e9rale. Ces informations ne sont pas adapt\u00e9es \u00e0 des circonstances personnelles ou sp\u00e9cifiques et ne peuvent donc \u00eatre consid\u00e9r\u00e9es comme un conseil personnel, professionnel ou juridique \u00e0 l\u2019utilisateur. Koru H\u014dtel consent de gros efforts pour que les&hellip;","og_url":"https:\/\/www.koru-hotel.be\/en\/terms-and-conditions\/","og_site_name":"Koru Hotel","article_modified_time":"2022-08-09T13:42:20+00:00","twitter_card":"summary_large_image","twitter_misc":{"Est. reading time":"3 minutes"},"schema":{"@context":"https:\/\/schema.org","@graph":[{"@type":"WebPage","@id":"https:\/\/www.koru-hotel.be\/en\/terms-and-conditions\/","url":"https:\/\/www.koru-hotel.be\/en\/terms-and-conditions\/","name":"Terms and conditions - Koru Hotel","isPartOf":{"@id":"https:\/\/www.koru-hotel.be\/en\/#website"},"datePublished":"2018-05-26T10:23:36+00:00","dateModified":"2022-08-09T13:42:20+00:00","breadcrumb":{"@id":"https:\/\/www.koru-hotel.be\/en\/terms-and-conditions\/#breadcrumb"},"inLanguage":"en-US","potentialAction":[{"@type":"ReadAction","target":["https:\/\/www.koru-hotel.be\/en\/terms-and-conditions\/"]}]},{"@type":"BreadcrumbList","@id":"https:\/\/www.koru-hotel.be\/en\/terms-and-conditions\/#breadcrumb","itemListElement":[{"@type":"ListItem","position":1,"name":"Accueil","item":"https:\/\/www.koru-hotel.be\/en\/"},{"@type":"ListItem","position":2,"name":"Terms and conditions"}]},{"@type":"WebSite","@id":"https:\/\/www.koru-hotel.be\/en\/#website","url":"https:\/\/www.koru-hotel.be\/en\/","name":"Koru Hotel","description":"","potentialAction":[{"@type":"SearchAction","target":{"@type":"EntryPoint","urlTemplate":"https:\/\/www.koru-hotel.be\/en\/?s={search_term_string}"},"query-input":{"@type":"PropertyValueSpecification","valueRequired":true,"valueName":"search_term_string"}}],"inLanguage":"en-US"}]}},"_links":{"self":[{"href":"https:\/\/www.koru-hotel.be\/en\/wp-json\/wp\/v2\/pages\/16193","targetHints":{"allow":["GET"]}}],"collection":[{"href":"https:\/\/www.koru-hotel.be\/en\/wp-json\/wp\/v2\/pages"}],"about":[{"href":"https:\/\/www.koru-hotel.be\/en\/wp-json\/wp\/v2\/types\/page"}],"author":[{"embeddable":true,"href":"https:\/\/www.koru-hotel.be\/en\/wp-json\/wp\/v2\/users\/3"}],"replies":[{"embeddable":true,"href":"https:\/\/www.koru-hotel.be\/en\/wp-json\/wp\/v2\/comments?post=16193"}],"version-history":[{"count":4,"href":"https:\/\/www.koru-hotel.be\/en\/wp-json\/wp\/v2\/pages\/16193\/revisions"}],"predecessor-version":[{"id":19051,"href":"https:\/\/www.koru-hotel.be\/en\/wp-json\/wp\/v2\/pages\/16193\/revisions\/19051"}],"wp:attachment":[{"href":"https:\/\/www.koru-hotel.be\/en\/wp-json\/wp\/v2\/media?parent=16193"}],"curies":[{"name":"wp","href":"https:\/\/api.w.org\/{rel}","templated":true}]}}