{"id":18050,"date":"2022-01-19T14:15:36","date_gmt":"2022-01-19T13:15:36","guid":{"rendered":"https:\/\/koru-hotel.poush-dev.be\/aux-alentours\/"},"modified":"2022-06-14T14:59:51","modified_gmt":"2022-06-14T12:59:51","slug":"in-the-area","status":"publish","type":"page","link":"https:\/\/www.koru-hotel.be\/en\/in-the-area\/","title":{"rendered":"In the area"},"content":{"rendered":"<div class=\"wpb-content-wrapper\"><p>[vc_row content_placement=&#8221;middle&#8221; bg_type=&#8221;image&#8221; parallax_style=&#8221;vcpb-default&#8221; bg_image_new=&#8221;id^17484|url^https:\/\/www.koru-hotel.be\/wp-content\/uploads\/header.jpg|caption^null|alt^null|title^header|description^null&#8221; bg_image_repeat=&#8221;no-repeat&#8221; bg_override=&#8221;ex-full&#8221; enable_overlay=&#8221;enable_overlay_value&#8221; overlay_color=&#8221;rgba(205,172,107,0.3)&#8221; css=&#8221;.vc_custom_1649169865384{padding-top: 80px !important;padding-bottom: 100px !important;}&#8221; el_class=&#8221;custom-overlay custom-height2&#8243;][vc_column][vc_column_text el_class=&#8221;custom-white&#8221;]<\/p>\n<h1 style=\"text-align: center;\">In the area<\/h1>\n<p>[\/vc_column_text][\/vc_column][\/vc_row][vc_row bg_type=&#8221;grad&#8221; bg_override=&#8221;ex-full&#8221; bg_grad=&#8221;background: -webkit-gradient(linear, left top, left bottom, color-stop(0%, #CDAC6B), color-stop(35%, #CDAC6B), color-stop(35%, #FAF9F4));background: -moz-linear-gradient(top,#CDAC6B 0%,#CDAC6B 35%,#FAF9F4 35%);background: -webkit-linear-gradient(top,#CDAC6B 0%,#CDAC6B 35%,#FAF9F4 35%);background: -o-linear-gradient(top,#CDAC6B 0%,#CDAC6B 35%,#FAF9F4 35%);background: -ms-linear-gradient(top,#CDAC6B 0%,#CDAC6B 35%,#FAF9F4 35%);background: linear-gradient(top,#CDAC6B 0%,#CDAC6B 35%,#FAF9F4 35%);&#8221;][vc_column css=&#8221;.vc_custom_1647510200607{margin-top: -50px !important;padding-top: 30px !important;padding-right: 30px !important;padding-bottom: 30px !important;padding-left: 30px !important;background-color: #ffffff !important;border-radius: 10px !important;}&#8221; el_class=&#8221;custom-col-shadow&#8221; offset=&#8221;vc_col-lg-offset-2 vc_col-lg-8&#8243;][vc_column_text css=&#8221;.vc_custom_1652168494881{margin-bottom: 10px !important;}&#8221;]<\/p>\n<h2 style=\"text-align: center;\">\u00c0 D\u00e9couvrir<\/h2>\n<p style=\"text-align: center;\">Notre propri\u00e9t\u00e9 se situe le long du Ravel 142 ( ancienne ligne de chemin de fer ) allant de Hoegaarden \u00e0 Namur.<br \/>\nId\u00e9al pour les amoureux de ballade \u00e0 v\u00e9los, de randonn\u00e9es. De nombreuses promenades sont propos\u00e9s pour d\u00e9couvrir la belle campagne de la Hesbaye Braban\u00e7onne.<\/p>\n<p>[\/vc_column_text][\/vc_column][\/vc_row][vc_row content_placement=&#8221;bottom&#8221; bg_type=&#8221;image&#8221; parallax_style=&#8221;vcpb-default&#8221; bg_image_repeat=&#8221;no-repeat&#8221; bg_image_size=&#8221;initial&#8221; bg_image_posiiton=&#8221;left center&#8221; bg_override=&#8221;ex-full&#8221; css=&#8221;.vc_custom_1647516104736{padding-top: 80px !important;padding-bottom: 120px !important;}&#8221;][vc_column width=&#8221;2\/5&#8243; el_class=&#8221;custom-neg-right&#8221;][vc_column_text css=&#8221;.vc_custom_1651130973492{margin-bottom: 40px !important;padding-top: 30px !important;padding-right: 30px !important;padding-bottom: 30px !important;padding-left: 30px !important;background-color: #ffffff !important;border-radius: 10px !important;}&#8221; el_class=&#8221;custom-bloc-shadow&#8221;]<\/p>\n<h2>La promenade des glaneurs<\/h2>\n<p>[\/vc_column_text]<style type=\"text\/css\" data-type=\"the7_shortcodes-inline-css\">#default-btn-a359af261f42fea5ef42de85c21f6ea4.ico-right-side > i {\n  margin-right: 0px;\n  margin-left: 8px;\n}\n#default-btn-a359af261f42fea5ef42de85c21f6ea4 > i {\n  margin-right: 8px;\n}\n<\/style><a href=\"https:\/\/www.koru-hotel.be\/wp-content\/uploads\/r4_promenade_des_glaneurs.pdf\" class=\"default-btn-shortcode dt-btn dt-btn-m link-hover-off btn-inline-right \" target=\"_blank\" id=\"default-btn-a359af261f42fea5ef42de85c21f6ea4\" rel=\"noopener\"><span>Voir la promenade<\/span><\/a>[\/vc_column][vc_column css_animation=&#8221;fadeInUp&#8221; width=&#8221;3\/5&#8243;][vc_single_image image=&#8221;17938&#8243; img_size=&#8221;600&#215;800&#8243; css_animation=&#8221;fadeInUp&#8221;][\/vc_column][\/vc_row][vc_row full_width=&#8221;stretch_row_content_no_spaces&#8221; content_placement=&#8221;bottom&#8221; bg_type=&#8221;grad&#8221; bg_override=&#8221;ex-full&#8221; css=&#8221;.vc_custom_1649169633716{padding-top: 0px !important;padding-bottom: 40px !important;}&#8221; el_class=&#8221;custom-overflow&#8221; bg_grad=&#8221;background: -webkit-gradient(linear, left top, left bottom, color-stop(0%, #CDAC6B), color-stop(50%, #CDAC6B), color-stop(50%, #FAF9F4));background: -moz-linear-gradient(top,#CDAC6B 0%,#CDAC6B 50%,#FAF9F4 50%);background: -webkit-linear-gradient(top,#CDAC6B 0%,#CDAC6B 50%,#FAF9F4 50%);background: -o-linear-gradient(top,#CDAC6B 0%,#CDAC6B 50%,#FAF9F4 50%);background: -ms-linear-gradient(top,#CDAC6B 0%,#CDAC6B 50%,#FAF9F4 50%);background: linear-gradient(top,#CDAC6B 0%,#CDAC6B 50%,#FAF9F4 50%);&#8221;][vc_column css_animation=&#8221;fadeInUp&#8221; width=&#8221;3\/5&#8243; css=&#8221;.vc_custom_1649169381276{padding-top: 80px !important;background-position: center !important;background-repeat: no-repeat !important;background-size: contain !important;}&#8221;][vc_single_image image=&#8221;17450&#8243; img_size=&#8221;600&#215;800&#8243; alignment=&#8221;right&#8221; css_animation=&#8221;fadeInUp&#8221;][\/vc_column][vc_column width=&#8221;2\/5&#8243; el_class=&#8221;custom-neg-left&#8221; css=&#8221;.vc_custom_1649161832836{margin-bottom: 40px !important;}&#8221;][vc_column_text css=&#8221;.vc_custom_1652359551928{padding-top: 30px !important;padding-right: 30px !important;padding-bottom: 30px !important;padding-left: 30px !important;background-color: #ffffff !important;border-radius: 10px !important;}&#8221; el_class=&#8221;custom-bloc-shadow&#8221;]<\/p>\n<h2>The RAVeL<\/h2>\n<p>The Ravel 142 (old railway track) ideal for walking and biking is coming along the hotel property. On the Ravel, we are close by km stop 18,5.<\/p>\n<p>It is possible upon request to rent bicyles simple. the cost is 15\u20ac per bike.<br \/>\nIf you come with your own bikes, we have a safe garage at your disposal.[\/vc_column_text][\/vc_column][\/vc_row][vc_row content_placement=&#8221;bottom&#8221; bg_type=&#8221;image&#8221; parallax_style=&#8221;vcpb-default&#8221; bg_image_repeat=&#8221;no-repeat&#8221; bg_image_size=&#8221;initial&#8221; bg_image_posiiton=&#8221;left center&#8221; bg_override=&#8221;ex-full&#8221; css=&#8221;.vc_custom_1655211581830{padding-bottom: 120px !important;}&#8221;][vc_column width=&#8221;2\/5&#8243; el_class=&#8221;custom-neg-right&#8221;][vc_column_text css=&#8221;.vc_custom_1652359602429{margin-bottom: 70px !important;padding-top: 30px !important;padding-right: 30px !important;padding-bottom: 30px !important;padding-left: 30px !important;background-color: #ffffff !important;border-radius: 10px !important;}&#8221; el_class=&#8221;custom-bloc-shadow&#8221;]<\/p>\n<h2>Tourism office of Brabant Wallon<\/h2>\n<p>On the website of tourism office, you can find many possibilities for visits.<\/p>\n<p>Via le site de l\u2019office du tourisme, vous pouvez t\u00e9l\u00e9charger l\u2019application Cirkwi, afin de trouver les chemins de randonn\u00e9es dans notre r\u00e9gion.<\/p>\n<p><a href=\"https:\/\/www.destinationbw.be\/\">destination bw<\/a><br \/>\n<a href=\"https:\/\/www.destinationbw.be\/se-balader\/promenades\/promenades-a-pied\/\">promenades \u00e0 pied<\/a><br \/>\n<a href=\"https:\/\/www.destinationbw.be\/se-balader\/promenades\/promenades-a-velo\/\">promenades \u00e0 v\u00e9lo<\/a>[\/vc_column_text][\/vc_column][vc_column css_animation=&#8221;fadeInUp&#8221; width=&#8221;3\/5&#8243;][vc_single_image image=&#8221;17453&#8243; img_size=&#8221;600&#215;800&#8243; css_animation=&#8221;fadeInUp&#8221;][\/vc_column][\/vc_row]<\/p>\n<\/div>","protected":false},"excerpt":{"rendered":"<p>[vc_row content_placement=&#8221;middle&#8221; bg_type=&#8221;image&#8221; parallax_style=&#8221;vcpb-default&#8221; bg_image_new=&#8221;id^17484|url^https:\/\/www.koru-hotel.be\/wp-content\/uploads\/header.jpg|caption^null|alt^null|title^header|description^null&#8221; bg_image_repeat=&#8221;no-repeat&#8221; bg_override=&#8221;ex-full&#8221; enable_overlay=&#8221;enable_overlay_value&#8221; overlay_color=&#8221;rgba(205,172,107,0.3)&#8221; css=&#8221;.vc_custom_1649169865384{padding-top: 80px !important;padding-bottom: 100px !important;}&#8221; el_class=&#8221;custom-overlay custom-height2&#8243;][vc_column][vc_column_text el_class=&#8221;custom-white&#8221;] In the area [\/vc_column_text][\/vc_column][\/vc_row][vc_row bg_type=&#8221;grad&#8221; bg_override=&#8221;ex-full&#8221; bg_grad=&#8221;background: -webkit-gradient(linear, left top, left bottom, color-stop(0%, #CDAC6B), color-stop(35%, #CDAC6B), color-stop(35%, #FAF9F4));background: -moz-linear-gradient(top,#CDAC6B 0%,#CDAC6B 35%,#FAF9F4 35%);background: -webkit-linear-gradient(top,#CDAC6B 0%,#CDAC6B 35%,#FAF9F4 35%);background: -o-linear-gradient(top,#CDAC6B 0%,#CDAC6B 35%,#FAF9F4 35%);background: -ms-linear-gradient(top,#CDAC6B 0%,#CDAC6B 35%,#FAF9F4 35%);background: linear-gradient(top,#CDAC6B 0%,#CDAC6B 35%,#FAF9F4 35%);&#8221;][vc_column&hellip;<\/p>\n","protected":false},"author":8,"featured_media":0,"parent":0,"menu_order":6,"comment_status":"closed","ping_status":"closed","template":"","meta":{"inline_featured_image":false,"footnotes":""},"class_list":["post-18050","page","type-page","status-publish","hentry","description-off"],"yoast_head":"<!-- This site is optimized with the Yoast SEO plugin v26.8 - https:\/\/yoast.com\/product\/yoast-seo-wordpress\/ -->\n<title>In the area - Koru Hotel<\/title>\n<meta name=\"robots\" content=\"index, follow, max-snippet:-1, max-image-preview:large, max-video-preview:-1\" \/>\n<link rel=\"canonical\" href=\"https:\/\/www.koru-hotel.be\/en\/in-the-area\/\" \/>\n<meta property=\"og:locale\" content=\"en_US\" \/>\n<meta property=\"og:type\" content=\"article\" \/>\n<meta property=\"og:title\" content=\"In the area - Koru Hotel\" \/>\n<meta property=\"og:description\" content=\"[vc_row content_placement=&#8221;middle&#8221; bg_type=&#8221;image&#8221; parallax_style=&#8221;vcpb-default&#8221; bg_image_new=&#8221;id^17484|url^https:\/\/www.koru-hotel.be\/wp-content\/uploads\/header.jpg|caption^null|alt^null|title^header|description^null&#8221; bg_image_repeat=&#8221;no-repeat&#8221; bg_override=&#8221;ex-full&#8221; enable_overlay=&#8221;enable_overlay_value&#8221; overlay_color=&#8221;rgba(205,172,107,0.3)&#8221; css=&#8221;.vc_custom_1649169865384{padding-top: 80px !important;padding-bottom: 100px !important;}&#8221; el_class=&#8221;custom-overlay custom-height2&#8243;][vc_column][vc_column_text el_class=&#8221;custom-white&#8221;] In the area [\/vc_column_text][\/vc_column][\/vc_row][vc_row bg_type=&#8221;grad&#8221; bg_override=&#8221;ex-full&#8221; bg_grad=&#8221;background: -webkit-gradient(linear, left top, left bottom, color-stop(0%, #CDAC6B), color-stop(35%, #CDAC6B), color-stop(35%, #FAF9F4));background: -moz-linear-gradient(top,#CDAC6B 0%,#CDAC6B 35%,#FAF9F4 35%);background: -webkit-linear-gradient(top,#CDAC6B 0%,#CDAC6B 35%,#FAF9F4 35%);background: -o-linear-gradient(top,#CDAC6B 0%,#CDAC6B 35%,#FAF9F4 35%);background: -ms-linear-gradient(top,#CDAC6B 0%,#CDAC6B 35%,#FAF9F4 35%);background: linear-gradient(top,#CDAC6B 0%,#CDAC6B 35%,#FAF9F4 35%);&#8221;][vc_column&hellip;\" \/>\n<meta property=\"og:url\" content=\"https:\/\/www.koru-hotel.be\/en\/in-the-area\/\" \/>\n<meta property=\"og:site_name\" content=\"Koru Hotel\" \/>\n<meta property=\"article:modified_time\" content=\"2022-06-14T12:59:51+00:00\" \/>\n<meta name=\"twitter:card\" content=\"summary_large_image\" \/>\n<meta name=\"twitter:label1\" content=\"Est. reading time\" \/>\n\t<meta name=\"twitter:data1\" content=\"3 minutes\" \/>\n<script type=\"application\/ld+json\" class=\"yoast-schema-graph\">{\"@context\":\"https:\/\/schema.org\",\"@graph\":[{\"@type\":\"WebPage\",\"@id\":\"https:\/\/www.koru-hotel.be\/en\/in-the-area\/\",\"url\":\"https:\/\/www.koru-hotel.be\/en\/in-the-area\/\",\"name\":\"In the area - Koru Hotel\",\"isPartOf\":{\"@id\":\"https:\/\/www.koru-hotel.be\/en\/#website\"},\"datePublished\":\"2022-01-19T13:15:36+00:00\",\"dateModified\":\"2022-06-14T12:59:51+00:00\",\"breadcrumb\":{\"@id\":\"https:\/\/www.koru-hotel.be\/en\/in-the-area\/#breadcrumb\"},\"inLanguage\":\"en-US\",\"potentialAction\":[{\"@type\":\"ReadAction\",\"target\":[\"https:\/\/www.koru-hotel.be\/en\/in-the-area\/\"]}]},{\"@type\":\"BreadcrumbList\",\"@id\":\"https:\/\/www.koru-hotel.be\/en\/in-the-area\/#breadcrumb\",\"itemListElement\":[{\"@type\":\"ListItem\",\"position\":1,\"name\":\"Accueil\",\"item\":\"https:\/\/www.koru-hotel.be\/en\/\"},{\"@type\":\"ListItem\",\"position\":2,\"name\":\"In the area\"}]},{\"@type\":\"WebSite\",\"@id\":\"https:\/\/www.koru-hotel.be\/en\/#website\",\"url\":\"https:\/\/www.koru-hotel.be\/en\/\",\"name\":\"Koru Hotel\",\"description\":\"\",\"potentialAction\":[{\"@type\":\"SearchAction\",\"target\":{\"@type\":\"EntryPoint\",\"urlTemplate\":\"https:\/\/www.koru-hotel.be\/en\/?s={search_term_string}\"},\"query-input\":{\"@type\":\"PropertyValueSpecification\",\"valueRequired\":true,\"valueName\":\"search_term_string\"}}],\"inLanguage\":\"en-US\"}]}<\/script>\n<!-- \/ Yoast SEO plugin. -->","yoast_head_json":{"title":"In the area - Koru Hotel","robots":{"index":"index","follow":"follow","max-snippet":"max-snippet:-1","max-image-preview":"max-image-preview:large","max-video-preview":"max-video-preview:-1"},"canonical":"https:\/\/www.koru-hotel.be\/en\/in-the-area\/","og_locale":"en_US","og_type":"article","og_title":"In the area - Koru Hotel","og_description":"[vc_row content_placement=&#8221;middle&#8221; bg_type=&#8221;image&#8221; parallax_style=&#8221;vcpb-default&#8221; bg_image_new=&#8221;id^17484|url^https:\/\/www.koru-hotel.be\/wp-content\/uploads\/header.jpg|caption^null|alt^null|title^header|description^null&#8221; bg_image_repeat=&#8221;no-repeat&#8221; bg_override=&#8221;ex-full&#8221; enable_overlay=&#8221;enable_overlay_value&#8221; overlay_color=&#8221;rgba(205,172,107,0.3)&#8221; css=&#8221;.vc_custom_1649169865384{padding-top: 80px !important;padding-bottom: 100px !important;}&#8221; el_class=&#8221;custom-overlay custom-height2&#8243;][vc_column][vc_column_text el_class=&#8221;custom-white&#8221;] In the area [\/vc_column_text][\/vc_column][\/vc_row][vc_row bg_type=&#8221;grad&#8221; bg_override=&#8221;ex-full&#8221; bg_grad=&#8221;background: -webkit-gradient(linear, left top, left bottom, color-stop(0%, #CDAC6B), color-stop(35%, #CDAC6B), color-stop(35%, #FAF9F4));background: -moz-linear-gradient(top,#CDAC6B 0%,#CDAC6B 35%,#FAF9F4 35%);background: -webkit-linear-gradient(top,#CDAC6B 0%,#CDAC6B 35%,#FAF9F4 35%);background: -o-linear-gradient(top,#CDAC6B 0%,#CDAC6B 35%,#FAF9F4 35%);background: -ms-linear-gradient(top,#CDAC6B 0%,#CDAC6B 35%,#FAF9F4 35%);background: linear-gradient(top,#CDAC6B 0%,#CDAC6B 35%,#FAF9F4 35%);&#8221;][vc_column&hellip;","og_url":"https:\/\/www.koru-hotel.be\/en\/in-the-area\/","og_site_name":"Koru Hotel","article_modified_time":"2022-06-14T12:59:51+00:00","twitter_card":"summary_large_image","twitter_misc":{"Est. reading time":"3 minutes"},"schema":{"@context":"https:\/\/schema.org","@graph":[{"@type":"WebPage","@id":"https:\/\/www.koru-hotel.be\/en\/in-the-area\/","url":"https:\/\/www.koru-hotel.be\/en\/in-the-area\/","name":"In the area - Koru Hotel","isPartOf":{"@id":"https:\/\/www.koru-hotel.be\/en\/#website"},"datePublished":"2022-01-19T13:15:36+00:00","dateModified":"2022-06-14T12:59:51+00:00","breadcrumb":{"@id":"https:\/\/www.koru-hotel.be\/en\/in-the-area\/#breadcrumb"},"inLanguage":"en-US","potentialAction":[{"@type":"ReadAction","target":["https:\/\/www.koru-hotel.be\/en\/in-the-area\/"]}]},{"@type":"BreadcrumbList","@id":"https:\/\/www.koru-hotel.be\/en\/in-the-area\/#breadcrumb","itemListElement":[{"@type":"ListItem","position":1,"name":"Accueil","item":"https:\/\/www.koru-hotel.be\/en\/"},{"@type":"ListItem","position":2,"name":"In the area"}]},{"@type":"WebSite","@id":"https:\/\/www.koru-hotel.be\/en\/#website","url":"https:\/\/www.koru-hotel.be\/en\/","name":"Koru Hotel","description":"","potentialAction":[{"@type":"SearchAction","target":{"@type":"EntryPoint","urlTemplate":"https:\/\/www.koru-hotel.be\/en\/?s={search_term_string}"},"query-input":{"@type":"PropertyValueSpecification","valueRequired":true,"valueName":"search_term_string"}}],"inLanguage":"en-US"}]}},"_links":{"self":[{"href":"https:\/\/www.koru-hotel.be\/en\/wp-json\/wp\/v2\/pages\/18050","targetHints":{"allow":["GET"]}}],"collection":[{"href":"https:\/\/www.koru-hotel.be\/en\/wp-json\/wp\/v2\/pages"}],"about":[{"href":"https:\/\/www.koru-hotel.be\/en\/wp-json\/wp\/v2\/types\/page"}],"author":[{"embeddable":true,"href":"https:\/\/www.koru-hotel.be\/en\/wp-json\/wp\/v2\/users\/8"}],"replies":[{"embeddable":true,"href":"https:\/\/www.koru-hotel.be\/en\/wp-json\/wp\/v2\/comments?post=18050"}],"version-history":[{"count":5,"href":"https:\/\/www.koru-hotel.be\/en\/wp-json\/wp\/v2\/pages\/18050\/revisions"}],"predecessor-version":[{"id":18482,"href":"https:\/\/www.koru-hotel.be\/en\/wp-json\/wp\/v2\/pages\/18050\/revisions\/18482"}],"wp:attachment":[{"href":"https:\/\/www.koru-hotel.be\/en\/wp-json\/wp\/v2\/media?parent=18050"}],"curies":[{"name":"wp","href":"https:\/\/api.w.org\/{rel}","templated":true}]}}