{"id":16013,"date":"2018-06-20T15:46:03","date_gmt":"2018-06-20T13:46:03","guid":{"rendered":"https:\/\/koru-hotel.poush-dev.be\/contact\/"},"modified":"2023-11-23T15:57:30","modified_gmt":"2023-11-23T14:57:30","slug":"contact","status":"publish","type":"page","link":"https:\/\/www.koru-hotel.be\/nl\/contact\/","title":{"rendered":"Contact"},"content":{"rendered":"<div class=\"wpb-content-wrapper\"><p>[vc_row content_placement=&#8221;middle&#8221; bg_type=&#8221;image&#8221; parallax_style=&#8221;vcpb-default&#8221; bg_image_new=&#8221;id^17564|url^https:\/\/www.koru-hotel.be\/wp-content\/uploads\/header-restaurant.jpg|caption^null|alt^null|title^header-restaurant|description^null&#8221; bg_image_repeat=&#8221;no-repeat&#8221; bg_override=&#8221;ex-full&#8221; enable_overlay=&#8221;enable_overlay_value&#8221; overlay_color=&#8221;rgba(205,172,107,0.3)&#8221; css=&#8221;.vc_custom_1655905728684{padding-top: 80px !important;padding-bottom: 80px !important;}&#8221; el_class=&#8221;custom-overlay custom-height-2 chambre-header&#8221;][vc_column][vc_column_text el_class=&#8221;custom-white&#8221;]<\/p>\n<h1 style=\"text-align: center;\">Contact<\/h1>\n<p>[\/vc_column_text][\/vc_column][\/vc_row][vc_row bg_type=&#8221;grad&#8221; bg_override=&#8221;ex-full&#8221; bg_grad=&#8221;background: -webkit-gradient(linear, left top, left bottom, color-stop(0%, #CDAC6B), color-stop(50%, #CDAC6B), color-stop(50%, #FAF9F4));background: -moz-linear-gradient(top,#CDAC6B 0%,#CDAC6B 50%,#FAF9F4 50%);background: -webkit-linear-gradient(top,#CDAC6B 0%,#CDAC6B 50%,#FAF9F4 50%);background: -o-linear-gradient(top,#CDAC6B 0%,#CDAC6B 50%,#FAF9F4 50%);background: -ms-linear-gradient(top,#CDAC6B 0%,#CDAC6B 50%,#FAF9F4 50%);background: linear-gradient(top,#CDAC6B 0%,#CDAC6B 50%,#FAF9F4 50%);&#8221;][vc_column css=&#8221;.vc_custom_1647510200607{margin-top: -50px !important;padding-top: 30px !important;padding-right: 30px !important;padding-bottom: 30px !important;padding-left: 30px !important;background-color: #ffffff !important;border-radius: 10px !important;}&#8221; el_class=&#8221;custom-col-shadow&#8221; offset=&#8221;vc_col-lg-offset-2 vc_col-lg-8&#8243;][vc_column_text]<\/p>\n<h2 style=\"text-align: center;\">Ons vinden ?<\/h2>\n<p style=\"text-align: center;\">Gelieve de getailleerde plan te volgen om makkelijk tot bij ons toe te komen.<\/p>\n<p>[\/vc_column_text]<div class=\"text-centered\"><a href=\"https:\/\/www.koru-hotel.be\/wp-content\/uploads\/Directions-Koru-Hotel-NL.pdf\" class=\"btn-shortcode dt-btn-s dt-btn default-btn-color default-btn-hover-color default-btn-bg-color default-btn-bg-hover-color\" target=\"_blank\" id=\"dt-btn-1\" rel=\"noopener\"><span>Download het pdf plan<\/span><\/a><\/div>[\/vc_column][\/vc_row][vc_row css=&#8221;.vc_custom_1655216441016{padding-top: 40px !important;}&#8221;][vc_column width=&#8221;1\/3&#8243;]<div class=\"aio-icon-component    style_1\"><a class=\"aio-icon-box-link\" href=\"mailto:info@koru-hotel.be\" title=\"Mail\" target=\"_blank\" rel=\"nofollow noopener\" ><div id=\"Info-box-wrap-1385\" class=\"aio-icon-box top-icon\" style=\"\"  ><div class=\"aio-icon-top\"><div class=\"ult-just-icon-wrapper  \"><div class=\"align-icon\" style=\"text-align:center;\">\n<div class=\"aio-icon circle \"  style=\"color:#ffffff;background:#cdac6b;font-size:25px;display:inline-block;\">\n\t<i class=\"far fa-envelope-open\"><\/i>\n<\/div><\/div><\/div><\/div><div class=\"aio-icon-description ult-responsive\"  data-ultimate-target='#Info-box-wrap-1385 .aio-icon-description'  data-responsive-json-new='{\"font-size\":\"\",\"line-height\":\"\"}'  style=\"color:#2e2e28;\">info@koru-hotel.be<\/div> <!-- description --><\/div> <!-- aio-icon-box --><\/a><\/div> <!-- aio-icon-component -->[\/vc_column][vc_column width=&#8221;1\/3&#8243;]<div class=\"aio-icon-component    style_1\"><a class=\"aio-icon-box-link\" href=\"https:\/\/www.google.com\/maps\/place\/Rue+du+Piroy+67,+1367+Ramillies\/@50.6692415,4.9016077,17z\/data=!4m5!3m4!1s0x47c173f2b09683f3:0xdaa21d16b62cecc2!8m2!3d50.6692415!4d4.9037964\" title=\"Maps\" target=\"_blank\" rel=\"nofollow noopener\" ><div id=\"Info-box-wrap-7108\" class=\"aio-icon-box top-icon\" style=\"\"  ><div class=\"aio-icon-top\"><div class=\"ult-just-icon-wrapper  \"><div class=\"align-icon\" style=\"text-align:center;\">\n<div class=\"aio-icon circle \"  style=\"color:#ffffff;background:#cdac6b;font-size:25px;display:inline-block;\">\n\t<i class=\"icomoon-the7-font-the7-map-05\"><\/i>\n<\/div><\/div><\/div><\/div><div class=\"aio-icon-description ult-responsive\"  data-ultimate-target='#Info-box-wrap-7108 .aio-icon-description'  data-responsive-json-new='{\"font-size\":\"\",\"line-height\":\"\"}'  style=\"color:#2e2e28;\">Rue du Piroy 67<br \/>\n1367 Autre-\u00c9glise<br \/>\nBelgique<\/div> <!-- description --><\/div> <!-- aio-icon-box --><\/a><\/div> <!-- aio-icon-component -->[\/vc_column][vc_column width=&#8221;1\/3&#8243;]<div class=\"aio-icon-component    style_1\"><a class=\"aio-icon-box-link\" href=\"tel:003281360300\" title=\"Call\" target=\"_blank\" rel=\"nofollow noopener\" ><div id=\"Info-box-wrap-6348\" class=\"aio-icon-box top-icon\" style=\"\"  ><div class=\"aio-icon-top\"><div class=\"ult-just-icon-wrapper  \"><div class=\"align-icon\" style=\"text-align:center;\">\n<div class=\"aio-icon circle \"  style=\"color:#ffffff;background:#cdac6b;font-size:25px;display:inline-block;\">\n\t<i class=\"icomoon-the7-font-the7-phone-071\"><\/i>\n<\/div><\/div><\/div><\/div><div class=\"aio-icon-description ult-responsive\"  data-ultimate-target='#Info-box-wrap-6348 .aio-icon-description'  data-responsive-json-new='{\"font-size\":\"\",\"line-height\":\"\"}'  style=\"color:#2e2e28;\">+32 81 36 03 00<\/div> <!-- description --><\/div> <!-- aio-icon-box --><\/a><\/div> <!-- aio-icon-component -->[\/vc_column][\/vc_row][vc_row el_class=&#8221;align-center&#8221; css=&#8221;.vc_custom_1655216481045{padding-top: 80px !important;padding-bottom: 30px !important;}&#8221;][vc_column width=&#8221;2\/3&#8243; offset=&#8221;vc_col-lg-offset-2 vc_col-lg-8 vc_col-md-offset-2 vc_col-md-8 vc_col-sm-offset-2&#8243;][vc_column_text]<\/p>\n<h2 style=\"text-align: center;\">Contacteer ons<\/h2>\n<p>[\/vc_column_text]\n<div class=\"wpcf7 no-js\" id=\"wpcf7-f15597-o1\" lang=\"nl-NL\" dir=\"ltr\" data-wpcf7-id=\"15597\">\n<div class=\"screen-reader-response\"><p role=\"status\" aria-live=\"polite\" aria-atomic=\"true\"><\/p> <ul><\/ul><\/div>\n<form action=\"\/nl\/wp-json\/wp\/v2\/pages\/16013#wpcf7-f15597-o1\" method=\"post\" class=\"wpcf7-form init\" aria-label=\"Contactformulier\" novalidate=\"novalidate\" data-status=\"init\">\n<div style=\"display: none;\">\n<input type=\"hidden\" name=\"_wpcf7\" value=\"15597\" \/>\n<input type=\"hidden\" name=\"_wpcf7_version\" value=\"6.0.6\" \/>\n<input type=\"hidden\" name=\"_wpcf7_locale\" value=\"nl_NL\" \/>\n<input type=\"hidden\" name=\"_wpcf7_unit_tag\" value=\"wpcf7-f15597-o1\" \/>\n<input type=\"hidden\" name=\"_wpcf7_container_post\" value=\"0\" \/>\n<input type=\"hidden\" name=\"_wpcf7_posted_data_hash\" value=\"\" \/>\n<\/div>\n<div class=\"wf-container\">\n\t<div class=\"wf-cell wf-1-2\">\n\t\t<p><label> Voornaam*<br \/>\n<span class=\"wpcf7-form-control-wrap\" data-name=\"prenom\"><input size=\"40\" maxlength=\"400\" class=\"wpcf7-form-control wpcf7-text wpcf7-validates-as-required\" aria-required=\"true\" aria-invalid=\"false\" value=\"\" type=\"text\" name=\"prenom\" \/><\/span> <\/label>\n\t\t<\/p>\n\t<\/div>\n\t<div class=\"wf-cell wf-1-2\">\n\t\t<p><label> Naam*<br \/>\n<span class=\"wpcf7-form-control-wrap\" data-name=\"nom\"><input size=\"40\" maxlength=\"400\" class=\"wpcf7-form-control wpcf7-text wpcf7-validates-as-required\" aria-required=\"true\" aria-invalid=\"false\" value=\"\" type=\"text\" name=\"nom\" \/><\/span> <\/label>\n\t\t<\/p>\n\t<\/div>\n\t<div class=\"wf-cell wf-1-2\">\n\t\t<p><label> Emailadres*<br \/>\n<span class=\"wpcf7-form-control-wrap\" data-name=\"email\"><input size=\"40\" maxlength=\"400\" class=\"wpcf7-form-control wpcf7-email wpcf7-validates-as-required wpcf7-text wpcf7-validates-as-email\" aria-required=\"true\" aria-invalid=\"false\" value=\"\" type=\"email\" name=\"email\" \/><\/span> <\/label>\n\t\t<\/p>\n\t<\/div>\n\t<div class=\"wf-cell wf-1-2\">\n\t\t<p><label> Telefoon*<br \/>\n<span class=\"wpcf7-form-control-wrap\" data-name=\"phone\"><input size=\"40\" maxlength=\"400\" class=\"wpcf7-form-control wpcf7-text wpcf7-validates-as-required\" aria-required=\"true\" aria-invalid=\"false\" value=\"\" type=\"text\" name=\"phone\" \/><\/span> <\/label>\n\t\t<\/p>\n\t<\/div>\n<\/div>\n<p><span id=\"wpcf7-69e30b232ec72-wrapper\" class=\"wpcf7-form-control-wrap objet-wrap\" style=\"display:none !important; visibility:hidden !important;\"><label for=\"wpcf7-69e30b232ec72-field\" class=\"hp-message\">Gelieve dit veld leeg te laten.<\/label><input id=\"wpcf7-69e30b232ec72-field\"  class=\"wpcf7-form-control wpcf7-text\" type=\"text\" name=\"objet\" value=\"\" size=\"40\" tabindex=\"-1\" autocomplete=\"new-password\" \/><\/span>\n<\/p>\n<p><label> Bericht<br \/>\n<span class=\"wpcf7-form-control-wrap\" data-name=\"message\"><textarea cols=\"1\" rows=\"5\" maxlength=\"2000\" class=\"wpcf7-form-control wpcf7-textarea\" aria-invalid=\"false\" name=\"message\"><\/textarea><\/span> <\/label>\n<\/p>\n<p>Door dit formulier te verzenden, aanvaardt u dat Koru Hotel de verzamelde informatie opslaat en gebruikt om uw verzoek te verwerken. Als u meer wilt weten over ons privacybeleid, vindt u dat <a href=\"https:\/\/www.koru-hotel.be\/nl\/privacybeleid\/\" target=\"_blank\">hier.<\/a>\n<\/p>\n<p style=\"font-size: 13px; line-height: 23px;\"><span class=\"wpcf7-form-control-wrap\" data-name=\"privacy\"><span class=\"wpcf7-form-control wpcf7-acceptance\"><span class=\"wpcf7-list-item\"><label><input type=\"checkbox\" name=\"privacy\" value=\"1\" aria-invalid=\"false\" \/><span class=\"wpcf7-list-item-label\">Ja, ik geef mijn toestemming<\/span><\/label><\/span><\/span><\/span>\n<\/p>\n<p><input class=\"wpcf7-form-control wpcf7-submit has-spinner\" type=\"submit\" value=\"Sturen\" \/>\n<\/p>\n<style>\n.grecaptcha-badge{display:block;}\n<\/style><div class=\"wpcf7-response-output\" aria-hidden=\"true\"><\/div>\n<\/form>\n<\/div>\n[\/vc_column][\/vc_row][vc_row content_placement=&#8221;bottom&#8221; bg_type=&#8221;image&#8221; parallax_style=&#8221;vcpb-default&#8221; bg_image_new=&#8221;id^17231|url^https:\/\/www.koru-hotel.be\/wp-content\/uploads\/hotel-4.png|caption^null|alt^null|title^hotel|description^null&#8221; bg_image_repeat=&#8221;no-repeat&#8221; bg_image_size=&#8221;initial&#8221; bg_image_posiiton=&#8221;right center&#8221; bg_override=&#8221;ex-full&#8221; css=&#8221;.vc_custom_1655216926548{padding-top: 40px !important;padding-bottom: 100px !important;}&#8221;][vc_column css_animation=&#8221;fadeInUp&#8221; width=&#8221;3\/5&#8243;]<style type=\"text\/css\" data-type=\"the7_shortcodes-inline-css\">.shortcode-single-image-wrap.shortcode-single-image-233d7004a86e696eab6472b4a0b24b55.enable-bg-rollover .rollover i,\n.shortcode-single-image-wrap.shortcode-single-image-233d7004a86e696eab6472b4a0b24b55.enable-bg-rollover .rollover-video i {\n  background: -webkit-linear-gradient();\n  background: linear-gradient();\n}\n.shortcode-single-image-wrap.shortcode-single-image-233d7004a86e696eab6472b4a0b24b55 .rollover-icon {\n  font-size: 32px;\n  color: #ffffff;\n  min-width: 44px;\n  min-height: 44px;\n  line-height: 44px;\n  border-radius: 100px;\n  border-style: solid;\n  border-width: 0px;\n}\n.dt-icon-bg-on.shortcode-single-image-wrap.shortcode-single-image-233d7004a86e696eab6472b4a0b24b55 .rollover-icon {\n  background: rgba(255,255,255,0.3);\n  box-shadow: none;\n}\n<\/style><div class=\"shortcode-single-image-wrap shortcode-single-image-233d7004a86e696eab6472b4a0b24b55 alignnone  enable-bg-rollover dt-icon-bg-off\" style=\"margin-top:0px; margin-bottom:0px; margin-left:0px; margin-right:0px; width:700px;\"><div class=\"shortcode-single-image\"><div class=\"fancy-media-wrap\" style=\"\"><a href=\"https:\/\/www.google.com\/maps\/place\/Rue+du+Piroy+67,+1367+Ramillies\/@50.6692415,4.9016077,17z\/data=!4m5!3m4!1s0x47c173f2b09683f3:0xdaa21d16b62cecc2!8m2!3d50.6692415!4d4.9037964\" class=\" rollover\" style=\"\" target=\"_blank\" rel=\"noopener\" aria-label=\"Image\"><img loading=\"lazy\" decoding=\"async\" class=\"preload-me aspect\" src=\"https:\/\/www.koru-hotel.be\/wp-content\/uploads\/map.jpeg\" srcset=\"https:\/\/www.koru-hotel.be\/wp-content\/uploads\/map.jpeg 699w\" style=\"--ratio: 699 \/ 699\" sizes=\"auto, (max-width: 699px) 100vw, 699px\" width=\"699\" height=\"699\"  data-dt-location=\"https:\/\/www.koru-hotel.be\/nl\/contact\/map-2-2\/\" alt=\"\" \/><\/a><\/div><\/div><\/div>[\/vc_column][vc_column width=&#8221;2\/5&#8243; el_class=&#8221;custom-neg-left&#8221;][vc_column_text css=&#8221;.vc_custom_1657051435237{padding-top: 30px !important;padding-right: 30px !important;padding-bottom: 30px !important;padding-left: 30px !important;background-color: #ffffff !important;border-radius: 10px !important;}&#8221; el_class=&#8221;custom-bloc-shadow&#8221;]<\/p>\n<h2>Ons vinden ?<\/h2>\n<p><strong>Voor een spoedige aankomst, sommige GPS geven de kortste weg aan via landelijke wegen om tot bij ons te komen, (bvb rue de l\u2019am\u00e9rique of een richting straat bvb impasse du piroy) Het hotel bevindt zich in RUE du Piroy en niet in IMPASSE. gelieve de weg instructie te volgen die op de website van het hotel staat (contact \u2013 directies) . Hartelijk dank.<br \/>\nMocht u nog meer vragen hebben, aarzel niet ons te contacteren.Gelieve ook te noteren dat wij in Waals Brabant zitten en niet in regio Namen, er is blijkbaar ook in Namen een Rue du Piroy<\/strong>[\/vc_column_text]<style type=\"text\/css\" data-type=\"the7_shortcodes-inline-css\">#default-btn-1ee03629dd199f8ab12439bfd342f951.ico-right-side > i {\n  margin-right: 0px;\n  margin-left: 8px;\n}\n#default-btn-1ee03629dd199f8ab12439bfd342f951 > i {\n  margin-right: 8px;\n}\n<\/style><a href=\"https:\/\/www.koru-hotel.be\/wp-content\/uploads\/Directions-Koru-Hotel-NL.pdf\" class=\"default-btn-shortcode dt-btn dt-btn-m link-hover-off ico-right-side btn-inline-left \" target=\"_blank\" id=\"default-btn-1ee03629dd199f8ab12439bfd342f951\" title=\"T\u00e9l\u00e9chargez l'explicatif d\u00e9taill\u00e9\" rel=\"nofollow\"><span>Download het pdf plan<\/span><i class=\"icomoon-the7-font-the7-arrow-33\"><\/i><\/a>[\/vc_column][\/vc_row]<\/p>\n<\/div>","protected":false},"excerpt":{"rendered":"<p>[vc_row content_placement=&#8221;middle&#8221; bg_type=&#8221;image&#8221; parallax_style=&#8221;vcpb-default&#8221; bg_image_new=&#8221;id^17564|url^https:\/\/www.koru-hotel.be\/wp-content\/uploads\/header-restaurant.jpg|caption^null|alt^null|title^header-restaurant|description^null&#8221; bg_image_repeat=&#8221;no-repeat&#8221; bg_override=&#8221;ex-full&#8221; enable_overlay=&#8221;enable_overlay_value&#8221; overlay_color=&#8221;rgba(205,172,107,0.3)&#8221; css=&#8221;.vc_custom_1655905728684{padding-top: 80px !important;padding-bottom: 80px !important;}&#8221; el_class=&#8221;custom-overlay custom-height-2 chambre-header&#8221;][vc_column][vc_column_text el_class=&#8221;custom-white&#8221;] Contact [\/vc_column_text][\/vc_column][\/vc_row][vc_row bg_type=&#8221;grad&#8221; bg_override=&#8221;ex-full&#8221; bg_grad=&#8221;background: -webkit-gradient(linear, left top, left bottom, color-stop(0%, #CDAC6B), color-stop(50%, #CDAC6B), color-stop(50%, #FAF9F4));background: -moz-linear-gradient(top,#CDAC6B 0%,#CDAC6B 50%,#FAF9F4 50%);background: -webkit-linear-gradient(top,#CDAC6B 0%,#CDAC6B 50%,#FAF9F4 50%);background: -o-linear-gradient(top,#CDAC6B 0%,#CDAC6B 50%,#FAF9F4 50%);background: -ms-linear-gradient(top,#CDAC6B 0%,#CDAC6B 50%,#FAF9F4 50%);background: linear-gradient(top,#CDAC6B 0%,#CDAC6B 50%,#FAF9F4 50%);&#8221;][vc_column css=&#8221;.vc_custom_1647510200607{margin-top:&hellip;<\/p>\n","protected":false},"author":3,"featured_media":0,"parent":0,"menu_order":7,"comment_status":"closed","ping_status":"closed","template":"","meta":{"inline_featured_image":false,"footnotes":""},"class_list":["post-16013","page","type-page","status-publish","hentry","description-off"],"yoast_head":"<!-- This site is optimized with the Yoast SEO plugin v26.8 - https:\/\/yoast.com\/product\/yoast-seo-wordpress\/ -->\n<title>Contact - Koru Hotel et Spa Privatif<\/title>\n<meta name=\"description\" content=\"Contactez-nous par e-mail pour effectuer vos demandes de r\u00e9servation pour les chambres, spa privatif ou restaurant\" \/>\n<meta name=\"robots\" content=\"index, follow, max-snippet:-1, max-image-preview:large, max-video-preview:-1\" \/>\n<link rel=\"canonical\" href=\"https:\/\/www.koru-hotel.be\/nl\/contact\/\" \/>\n<meta property=\"og:locale\" content=\"nl_NL\" \/>\n<meta property=\"og:type\" content=\"article\" \/>\n<meta property=\"og:title\" content=\"Contact - Koru Hotel et Spa Privatif\" \/>\n<meta property=\"og:description\" content=\"Contactez-nous par e-mail pour effectuer vos demandes de r\u00e9servation pour les chambres, spa privatif ou restaurant\" \/>\n<meta property=\"og:url\" content=\"https:\/\/www.koru-hotel.be\/nl\/contact\/\" \/>\n<meta property=\"og:site_name\" content=\"Koru Hotel\" \/>\n<meta property=\"article:modified_time\" content=\"2023-11-23T14:57:30+00:00\" \/>\n<meta name=\"twitter:card\" content=\"summary_large_image\" \/>\n<meta name=\"twitter:label1\" content=\"Geschatte leestijd\" \/>\n\t<meta name=\"twitter:data1\" content=\"2 minuten\" \/>\n<script type=\"application\/ld+json\" class=\"yoast-schema-graph\">{\"@context\":\"https:\/\/schema.org\",\"@graph\":[{\"@type\":\"WebPage\",\"@id\":\"https:\/\/www.koru-hotel.be\/nl\/contact\/\",\"url\":\"https:\/\/www.koru-hotel.be\/nl\/contact\/\",\"name\":\"Contact - Koru Hotel et Spa Privatif\",\"isPartOf\":{\"@id\":\"https:\/\/www.koru-hotel.be\/nl\/#website\"},\"datePublished\":\"2018-06-20T13:46:03+00:00\",\"dateModified\":\"2023-11-23T14:57:30+00:00\",\"description\":\"Contactez-nous par e-mail pour effectuer vos demandes de r\u00e9servation pour les chambres, spa privatif ou restaurant\",\"breadcrumb\":{\"@id\":\"https:\/\/www.koru-hotel.be\/nl\/contact\/#breadcrumb\"},\"inLanguage\":\"nl-NL\",\"potentialAction\":[{\"@type\":\"ReadAction\",\"target\":[\"https:\/\/www.koru-hotel.be\/nl\/contact\/\"]}]},{\"@type\":\"BreadcrumbList\",\"@id\":\"https:\/\/www.koru-hotel.be\/nl\/contact\/#breadcrumb\",\"itemListElement\":[{\"@type\":\"ListItem\",\"position\":1,\"name\":\"Accueil\",\"item\":\"https:\/\/www.koru-hotel.be\/nl\/\"},{\"@type\":\"ListItem\",\"position\":2,\"name\":\"Contact\"}]},{\"@type\":\"WebSite\",\"@id\":\"https:\/\/www.koru-hotel.be\/nl\/#website\",\"url\":\"https:\/\/www.koru-hotel.be\/nl\/\",\"name\":\"Koru Hotel\",\"description\":\"\",\"potentialAction\":[{\"@type\":\"SearchAction\",\"target\":{\"@type\":\"EntryPoint\",\"urlTemplate\":\"https:\/\/www.koru-hotel.be\/nl\/?s={search_term_string}\"},\"query-input\":{\"@type\":\"PropertyValueSpecification\",\"valueRequired\":true,\"valueName\":\"search_term_string\"}}],\"inLanguage\":\"nl-NL\"}]}<\/script>\n<!-- \/ Yoast SEO plugin. -->","yoast_head_json":{"title":"Contact - Koru Hotel et Spa Privatif","description":"Contactez-nous par e-mail pour effectuer vos demandes de r\u00e9servation pour les chambres, spa privatif ou restaurant","robots":{"index":"index","follow":"follow","max-snippet":"max-snippet:-1","max-image-preview":"max-image-preview:large","max-video-preview":"max-video-preview:-1"},"canonical":"https:\/\/www.koru-hotel.be\/nl\/contact\/","og_locale":"nl_NL","og_type":"article","og_title":"Contact - Koru Hotel et Spa Privatif","og_description":"Contactez-nous par e-mail pour effectuer vos demandes de r\u00e9servation pour les chambres, spa privatif ou restaurant","og_url":"https:\/\/www.koru-hotel.be\/nl\/contact\/","og_site_name":"Koru Hotel","article_modified_time":"2023-11-23T14:57:30+00:00","twitter_card":"summary_large_image","twitter_misc":{"Geschatte leestijd":"2 minuten"},"schema":{"@context":"https:\/\/schema.org","@graph":[{"@type":"WebPage","@id":"https:\/\/www.koru-hotel.be\/nl\/contact\/","url":"https:\/\/www.koru-hotel.be\/nl\/contact\/","name":"Contact - Koru Hotel et Spa Privatif","isPartOf":{"@id":"https:\/\/www.koru-hotel.be\/nl\/#website"},"datePublished":"2018-06-20T13:46:03+00:00","dateModified":"2023-11-23T14:57:30+00:00","description":"Contactez-nous par e-mail pour effectuer vos demandes de r\u00e9servation pour les chambres, spa privatif ou restaurant","breadcrumb":{"@id":"https:\/\/www.koru-hotel.be\/nl\/contact\/#breadcrumb"},"inLanguage":"nl-NL","potentialAction":[{"@type":"ReadAction","target":["https:\/\/www.koru-hotel.be\/nl\/contact\/"]}]},{"@type":"BreadcrumbList","@id":"https:\/\/www.koru-hotel.be\/nl\/contact\/#breadcrumb","itemListElement":[{"@type":"ListItem","position":1,"name":"Accueil","item":"https:\/\/www.koru-hotel.be\/nl\/"},{"@type":"ListItem","position":2,"name":"Contact"}]},{"@type":"WebSite","@id":"https:\/\/www.koru-hotel.be\/nl\/#website","url":"https:\/\/www.koru-hotel.be\/nl\/","name":"Koru Hotel","description":"","potentialAction":[{"@type":"SearchAction","target":{"@type":"EntryPoint","urlTemplate":"https:\/\/www.koru-hotel.be\/nl\/?s={search_term_string}"},"query-input":{"@type":"PropertyValueSpecification","valueRequired":true,"valueName":"search_term_string"}}],"inLanguage":"nl-NL"}]}},"_links":{"self":[{"href":"https:\/\/www.koru-hotel.be\/nl\/wp-json\/wp\/v2\/pages\/16013","targetHints":{"allow":["GET"]}}],"collection":[{"href":"https:\/\/www.koru-hotel.be\/nl\/wp-json\/wp\/v2\/pages"}],"about":[{"href":"https:\/\/www.koru-hotel.be\/nl\/wp-json\/wp\/v2\/types\/page"}],"author":[{"embeddable":true,"href":"https:\/\/www.koru-hotel.be\/nl\/wp-json\/wp\/v2\/users\/3"}],"replies":[{"embeddable":true,"href":"https:\/\/www.koru-hotel.be\/nl\/wp-json\/wp\/v2\/comments?post=16013"}],"version-history":[{"count":17,"href":"https:\/\/www.koru-hotel.be\/nl\/wp-json\/wp\/v2\/pages\/16013\/revisions"}],"predecessor-version":[{"id":24384,"href":"https:\/\/www.koru-hotel.be\/nl\/wp-json\/wp\/v2\/pages\/16013\/revisions\/24384"}],"wp:attachment":[{"href":"https:\/\/www.koru-hotel.be\/nl\/wp-json\/wp\/v2\/media?parent=16013"}],"curies":[{"name":"wp","href":"https:\/\/api.w.org\/{rel}","templated":true}]}}