{"id":16022,"date":"2018-06-25T09:52:50","date_gmt":"2018-06-25T07:52:50","guid":{"rendered":"https:\/\/koru-hotel.poush-dev.be\/massages\/"},"modified":"2025-12-02T12:27:19","modified_gmt":"2025-12-02T11:27:19","slug":"massages-en-behandelingen","status":"publish","type":"page","link":"https:\/\/www.koru-hotel.be\/nl\/onze-spa\/massages-en-behandelingen\/","title":{"rendered":"Massages en verzorgingen"},"content":{"rendered":"<div class=\"wpb-content-wrapper\"><p>[vc_row content_placement=&#8221;middle&#8221; bg_type=&#8221;image&#8221; parallax_style=&#8221;vcpb-default&#8221; bg_image_new=&#8221;id^17626|url^https:\/\/www.koru-hotel.be\/wp-content\/uploads\/massage-header.jpg|caption^null|alt^null|title^massage-header|description^null&#8221; bg_image_repeat=&#8221;no-repeat&#8221; bg_override=&#8221;ex-full&#8221; enable_overlay=&#8221;enable_overlay_value&#8221; overlay_color=&#8221;rgba(205,172,107,0.3)&#8221; css=&#8221;.vc_custom_1655911487392{padding-top: 80px !important;}&#8221; el_class=&#8221;custom-overlay custom-height2&#8243;][vc_column][vc_column_text el_class=&#8221;custom-white&#8221;]<\/p>\n<h1 style=\"text-align: center;\">Massages<\/h1>\n<p>[\/vc_column_text][\/vc_column][\/vc_row][vc_row content_placement=&#8221;bottom&#8221; bg_type=&#8221;grad&#8221; bg_override=&#8221;ex-full&#8221; css=&#8221;.vc_custom_1655911493643{padding-bottom: 80px !important;}&#8221; bg_grad=&#8221;background: -webkit-gradient(linear, left top, left bottom, color-stop(0%, #CDAC6B), color-stop(60%, #CDAC6B), color-stop(60%, #FAF9F4));background: -moz-linear-gradient(top,#CDAC6B 0%,#CDAC6B 60%,#FAF9F4 60%);background: -webkit-linear-gradient(top,#CDAC6B 0%,#CDAC6B 60%,#FAF9F4 60%);background: -o-linear-gradient(top,#CDAC6B 0%,#CDAC6B 60%,#FAF9F4 60%);background: -ms-linear-gradient(top,#CDAC6B 0%,#CDAC6B 60%,#FAF9F4 60%);background: linear-gradient(top,#CDAC6B 0%,#CDAC6B 60%,#FAF9F4 60%);&#8221;][vc_column css_animation=&#8221;fadeInUp&#8221; width=&#8221;3\/5&#8243;][vc_single_image image=&#8221;17240&#8243; img_size=&#8221;700&#215;700&#8243; alignment=&#8221;right&#8221; image_hovers=&#8221;false&#8221;][vc_single_image image=&#8221;17599&#8243; img_size=&#8221;700&#215;700&#8243; alignment=&#8221;right&#8221; css=&#8221;&#8221; image_hovers=&#8221;false&#8221;][\/vc_column][vc_column width=&#8221;2\/5&#8243; el_class=&#8221;custom-neg-left custom-zindex&#8221;][vc_row_inner css=&#8221;.vc_custom_1649246532389{margin-bottom: 35px !important;}&#8221;][vc_column_inner el_class=&#8221;custom-col-shadow&#8221; css=&#8221;.vc_custom_1649252182444{padding-top: 30px !important;padding-right: 30px !important;padding-bottom: 30px !important;padding-left: 30px !important;background-color: #ffffff !important;border-radius: 10px !important;}&#8221;][vc_column_text css=&#8221;.vc_custom_1649327143568{margin-bottom: 0px !important;}&#8221;]<\/p>\n<h3>Massages<\/h3>\n<p>[\/vc_column_text][vc_column_text css=&#8221;.vc_custom_1744904762520{margin-top: 20px !important;}&#8221; el_class=&#8221;custom-table&#8221;]<\/p>\n<h3><strong>Een kostbaar moment van rust bij Koru<\/strong><\/h3>\n<p data-start=\"150\" data-end=\"334\">Stap binnen in onze wellnessruimte en laat u omhullen door zachtheid, warmte en licht. In een sfeer van hout en fluweel wordt elke verzorging een ontsnapping, een terugkeer naar uzelf.<\/p>\n<p data-start=\"336\" data-end=\"600\">Onze duo-cabine, met een zacht sterrenplafond en warme houttinten, nodigt uit tot diepe ontspanning \u2014 met z\u2019n twee\u00ebn of gewoon voor uzelf. Een zintuiglijke reis, buiten de tijd, gecre\u00eberd om de zintuigen te wekken, de geest te kalmeren en het lichaam te verzorgen.<\/p>\n<p data-start=\"602\" data-end=\"882\">Of u nu bij ons overnacht of een dagbezoek brengt, onze spa verwelkomt u voor een pure moment van herbronning, ver weg van de drukte van alledag. Hier heeft elk gebaar betekenis, elk parfum een verhaal, en elke verzorging de kracht om lichaam en ziel opnieuw in balans te brengen.<\/p>\n<p><strong>ORIGINE \u2013 Terug naar jezelf<\/strong><\/p>\n<p>Geboren in de C\u00e9vennes, in het hart van Zuid-Frankrijk, viert het merk <strong>Origine<\/strong> de eenvoudige, natuurlijke en zintuiglijke schoonheid.<br \/>\nToen ik het ontdekte, voelde ik meteen een diepe resonantie met de ziel van H\u00f4tel Koru: een terugkeer naar het essenti\u00eble, een ode aan de natuur, een benadering van verzorging als innerlijke reis.<br \/>\nMet haar delicate texturen en wereldwijd ge\u00efnspireerde geuren \u2013 Japanse kersenbloesem, Chinese groene thee, Scandinavisch katoen, mediterrane sinaasappelbloesem \u2013 nodigt <strong>Origine<\/strong> ons uit om te vertragen, te ademen, te voelen.<br \/>\nIk koos dit merk met het hart, om jou eerlijke, elegante en diep voedende behandelingen aan te bieden.<br \/>\nWelkom in deze nieuwe ruimte van zachtheid, tussen aarde en hemel.[\/vc_column_text][\/vc_column_inner][\/vc_row_inner]<style type=\"text\/css\" data-type=\"the7_shortcodes-inline-css\">#default-btn-5012c912b1edff660a15193267c3781a.ico-right-side > i {\n  margin-right: 0px;\n  margin-left: 8px;\n}\n#default-btn-5012c912b1edff660a15193267c3781a > i {\n  margin-right: 8px;\n}\n<\/style><a href=\"mailto:info@koru-hotel.be\" class=\"default-btn-shortcode dt-btn dt-btn-m link-hover-off ico-right-side btn-inline-left \" target=\"_blank\" id=\"default-btn-5012c912b1edff660a15193267c3781a\" title=\"Reservatie\" rel=\"noopener\"><span>Reservatie<\/span><i class=\"icomoon-the7-font-the7-arrow-29\"><\/i><\/a>[\/vc_column][\/vc_row][vc_row bg_type=&#8221;bg_color&#8221; bg_override=&#8221;ex-full&#8221; bg_color_value=&#8221;#faf9f4&#8243; css=&#8221;.vc_custom_1649331821858{margin-top: 60px !important;margin-bottom: 100px !important;}&#8221;][vc_column css=&#8221;.vc_custom_1647510200607{margin-top: -50px !important;padding-top: 30px !important;padding-right: 30px !important;padding-bottom: 30px !important;padding-left: 30px !important;background-color: #ffffff !important;border-radius: 10px !important;}&#8221; el_class=&#8221;custom-col-shadow&#8221; offset=&#8221;vc_col-lg-offset-2 vc_col-lg-8&#8243;][vc_column_text css=&#8221;&#8221;]<\/p>\n<p class=\"\" data-start=\"1075\" data-end=\"1133\"><strong data-start=\"1075\" data-end=\"1133\">Ontdek onze behandelingen in een oase van comfort<\/strong><\/p>\n<p class=\"\" data-start=\"1135\" data-end=\"1367\">Nog v\u00f3\u00f3r uw behandeling begint, zorgen we voor een moment van pure ontspanning: stijlvolle kleedkamers met douche en locker, zachte badjassen, comfortabele slippers en handdoeken\u2026 Alles is voorzien om u volledig te laten ontspannen.<\/p>\n<table class=\"table_container\">\n<tbody>\n<tr>\n<th><strong>GELAATS &amp; LICHAAMSVERZORGINGEN &#8211; Origine<br \/>\n<\/strong><\/th>\n<th width=\"80\">Tijd<\/th>\n<th width=\"80\">Prijs<\/th>\n<\/tr>\n<tr>\n<td>\n<div class=\"horizontal-list-cell text-left\">\n<p><strong>Sublimatie Essentie \u2013 Normale tot droge huid\u00a0 &#8211; Solo<\/strong><\/p>\n<\/div>\n<\/td>\n<td>60&#8242;<\/td>\n<td>120\u20ac<\/td>\n<\/tr>\n<tr>\n<td>\n<div class=\"horizontal-list-cell text-left\">\n<p><strong>Sublimatie Essentie \u2013 Normale tot droge huid\u00a0 &#8211; Duo<br \/>\n<\/strong><\/p>\n<\/div>\n<\/td>\n<td>60&#8242;<\/td>\n<td>220\u20ac<\/td>\n<\/tr>\n<tr>\n<td>\n<div class=\"horizontal-list-cell text-left\">\n<p><strong>Fundamentele Jeugd \u2013 Rijpe huid\u00a0 &#8211; Solo<\/strong><\/p>\n<\/div>\n<\/td>\n<td>75&#8242;<\/td>\n<td>145\u20ac<\/td>\n<\/tr>\n<tr>\n<td><strong>Fundamentele Jeugd \u2013 Rijpe huid\u00a0 &#8211; Duo<br \/>\n<\/strong><\/td>\n<td>75&#8242;<\/td>\n<td>290\u20ac<\/td>\n<\/tr>\n<tr>\n<td>\n<div class=\"horizontal-list-cell text-left\"><strong>LICHAAMSRITUEL \u2013 Zintuiglijke Ontsnapping<\/strong> &#8211; Scrub-Body Wrap &#8211; Gezicht verzorging &#8211; Massage- Solo<\/div>\n<\/td>\n<td>90&#8242;<\/td>\n<td>170\u20ac<\/td>\n<\/tr>\n<tr>\n<td><strong>LICHAAMSRITUEL \u2013 Zintuiglijke Ontsnapping<\/strong> &#8211; Scrub-Body Wrap &#8211; Gezicht verzorging &#8211; Massage-Duo<\/td>\n<td>90&#8242;<\/td>\n<td>340\u20ac<\/td>\n<\/tr>\n<\/tbody>\n<\/table>\n<table class=\"table_container\" style=\"height: 206px;\" width=\"696\">\n<tbody>\n<tr>\n<th><\/th>\n<th width=\"80\">Tijd<\/th>\n<th width=\"80\">Prijs<\/th>\n<\/tr>\n<tr>\n<td>\n<div class=\"horizontal-list-cell text-left\">Relaxatie Massage-Solo<\/div>\n<\/td>\n<td>60&#8242;<\/td>\n<td>110\u20ac<\/td>\n<\/tr>\n<tr>\n<td>\n<div class=\"horizontal-list-cell text-left\">Relaxatie Massage-Duo<\/div>\n<\/td>\n<td>60&#8242;<\/td>\n<td>220\u20ac<\/td>\n<\/tr>\n<tr>\n<td>\n<div class=\"horizontal-list-cell text-left\">Hot Stone Massage-Solo<\/div>\n<\/td>\n<td>60&#8242;<\/td>\n<td>110\u20ac<\/td>\n<\/tr>\n<tr>\n<td>Hot Stone Massage-Duo<\/td>\n<td>60&#8242;<\/td>\n<td>220\u20ac<\/td>\n<\/tr>\n<tr>\n<td>\n<div class=\"horizontal-list-cell text-left\">Koru Signature Bambous Massage-Solo<\/div>\n<\/td>\n<td>1h30<\/td>\n<td>160\u20ac<\/td>\n<\/tr>\n<tr>\n<td>Koru Signature Bambous Massage- Duo<\/td>\n<td>1h30<\/td>\n<td>320\u20ac<\/td>\n<\/tr>\n<\/tbody>\n<\/table>\n<p>[\/vc_column_text][\/vc_column][\/vc_row]<\/p>\n<\/div>","protected":false},"excerpt":{"rendered":"<p>[vc_row content_placement=&#8221;middle&#8221; bg_type=&#8221;image&#8221; parallax_style=&#8221;vcpb-default&#8221; bg_image_new=&#8221;id^17626|url^https:\/\/www.koru-hotel.be\/wp-content\/uploads\/massage-header.jpg|caption^null|alt^null|title^massage-header|description^null&#8221; bg_image_repeat=&#8221;no-repeat&#8221; bg_override=&#8221;ex-full&#8221; enable_overlay=&#8221;enable_overlay_value&#8221; overlay_color=&#8221;rgba(205,172,107,0.3)&#8221; css=&#8221;.vc_custom_1655911487392{padding-top: 80px !important;}&#8221; el_class=&#8221;custom-overlay custom-height2&#8243;][vc_column][vc_column_text el_class=&#8221;custom-white&#8221;] Massages [\/vc_column_text][\/vc_column][\/vc_row][vc_row content_placement=&#8221;bottom&#8221; bg_type=&#8221;grad&#8221; bg_override=&#8221;ex-full&#8221; css=&#8221;.vc_custom_1655911493643{padding-bottom: 80px !important;}&#8221; bg_grad=&#8221;background: -webkit-gradient(linear, left top, left bottom, color-stop(0%, #CDAC6B), color-stop(60%, #CDAC6B), color-stop(60%, #FAF9F4));background: -moz-linear-gradient(top,#CDAC6B 0%,#CDAC6B 60%,#FAF9F4 60%);background: -webkit-linear-gradient(top,#CDAC6B 0%,#CDAC6B 60%,#FAF9F4 60%);background: -o-linear-gradient(top,#CDAC6B 0%,#CDAC6B 60%,#FAF9F4 60%);background: -ms-linear-gradient(top,#CDAC6B 0%,#CDAC6B 60%,#FAF9F4 60%);background: linear-gradient(top,#CDAC6B 0%,#CDAC6B 60%,#FAF9F4 60%);&#8221;][vc_column&hellip;<\/p>\n","protected":false},"author":3,"featured_media":0,"parent":16030,"menu_order":0,"comment_status":"closed","ping_status":"closed","template":"","meta":{"inline_featured_image":false,"footnotes":""},"class_list":["post-16022","page","type-page","status-publish","hentry","description-off"],"yoast_head":"<!-- This site is optimized with the Yoast SEO plugin v26.8 - https:\/\/yoast.com\/product\/yoast-seo-wordpress\/ -->\n<title>Massages et Soins Th\u00e9ma\u00e9 - Koru Hotel - Spa Privatif<\/title>\n<meta name=\"description\" content=\"Prendre du temps pour soi-m\u00eame lors d&#039;un massage relaxant, ayurv\u00e9dique, pierres chaudes ou encore un soin visage de notre gamme Th\u00e9ma\u00e9\" \/>\n<meta name=\"robots\" content=\"index, follow, max-snippet:-1, max-image-preview:large, max-video-preview:-1\" \/>\n<link rel=\"canonical\" href=\"https:\/\/www.koru-hotel.be\/nl\/onze-spa\/massages-en-behandelingen\/\" \/>\n<meta property=\"og:locale\" content=\"nl_NL\" \/>\n<meta property=\"og:type\" content=\"article\" \/>\n<meta property=\"og:title\" content=\"Massages et Soins Th\u00e9ma\u00e9 - Koru Hotel - Spa Privatif\" \/>\n<meta property=\"og:description\" content=\"Prendre du temps pour soi-m\u00eame lors d&#039;un massage relaxant, ayurv\u00e9dique, pierres chaudes ou encore un soin visage de notre gamme Th\u00e9ma\u00e9\" \/>\n<meta property=\"og:url\" content=\"https:\/\/www.koru-hotel.be\/nl\/onze-spa\/massages-en-behandelingen\/\" \/>\n<meta property=\"og:site_name\" content=\"Koru Hotel\" \/>\n<meta property=\"article:modified_time\" content=\"2025-12-02T11:27:19+00:00\" \/>\n<meta name=\"twitter:card\" content=\"summary_large_image\" \/>\n<meta name=\"twitter:label1\" content=\"Geschatte leestijd\" \/>\n\t<meta name=\"twitter:data1\" content=\"3 minuten\" \/>\n<script type=\"application\/ld+json\" class=\"yoast-schema-graph\">{\"@context\":\"https:\/\/schema.org\",\"@graph\":[{\"@type\":\"WebPage\",\"@id\":\"https:\/\/www.koru-hotel.be\/nl\/onze-spa\/massages-en-behandelingen\/\",\"url\":\"https:\/\/www.koru-hotel.be\/nl\/onze-spa\/massages-en-behandelingen\/\",\"name\":\"Massages et Soins Th\u00e9ma\u00e9 - Koru Hotel - Spa Privatif\",\"isPartOf\":{\"@id\":\"https:\/\/www.koru-hotel.be\/nl\/#website\"},\"datePublished\":\"2018-06-25T07:52:50+00:00\",\"dateModified\":\"2025-12-02T11:27:19+00:00\",\"description\":\"Prendre du temps pour soi-m\u00eame lors d'un massage relaxant, ayurv\u00e9dique, pierres chaudes ou encore un soin visage de notre gamme Th\u00e9ma\u00e9\",\"breadcrumb\":{\"@id\":\"https:\/\/www.koru-hotel.be\/nl\/onze-spa\/massages-en-behandelingen\/#breadcrumb\"},\"inLanguage\":\"nl-NL\",\"potentialAction\":[{\"@type\":\"ReadAction\",\"target\":[\"https:\/\/www.koru-hotel.be\/nl\/onze-spa\/massages-en-behandelingen\/\"]}]},{\"@type\":\"BreadcrumbList\",\"@id\":\"https:\/\/www.koru-hotel.be\/nl\/onze-spa\/massages-en-behandelingen\/#breadcrumb\",\"itemListElement\":[{\"@type\":\"ListItem\",\"position\":1,\"name\":\"Accueil\",\"item\":\"https:\/\/www.koru-hotel.be\/nl\/\"},{\"@type\":\"ListItem\",\"position\":2,\"name\":\"Wellness\",\"item\":\"https:\/\/www.koru-hotel.be\/nl\/onze-spa\/\"},{\"@type\":\"ListItem\",\"position\":3,\"name\":\"Massages en verzorgingen\"}]},{\"@type\":\"WebSite\",\"@id\":\"https:\/\/www.koru-hotel.be\/nl\/#website\",\"url\":\"https:\/\/www.koru-hotel.be\/nl\/\",\"name\":\"Koru Hotel\",\"description\":\"\",\"potentialAction\":[{\"@type\":\"SearchAction\",\"target\":{\"@type\":\"EntryPoint\",\"urlTemplate\":\"https:\/\/www.koru-hotel.be\/nl\/?s={search_term_string}\"},\"query-input\":{\"@type\":\"PropertyValueSpecification\",\"valueRequired\":true,\"valueName\":\"search_term_string\"}}],\"inLanguage\":\"nl-NL\"}]}<\/script>\n<!-- \/ Yoast SEO plugin. -->","yoast_head_json":{"title":"Massages et Soins Th\u00e9ma\u00e9 - Koru Hotel - Spa Privatif","description":"Prendre du temps pour soi-m\u00eame lors d'un massage relaxant, ayurv\u00e9dique, pierres chaudes ou encore un soin visage de notre gamme Th\u00e9ma\u00e9","robots":{"index":"index","follow":"follow","max-snippet":"max-snippet:-1","max-image-preview":"max-image-preview:large","max-video-preview":"max-video-preview:-1"},"canonical":"https:\/\/www.koru-hotel.be\/nl\/onze-spa\/massages-en-behandelingen\/","og_locale":"nl_NL","og_type":"article","og_title":"Massages et Soins Th\u00e9ma\u00e9 - Koru Hotel - Spa Privatif","og_description":"Prendre du temps pour soi-m\u00eame lors d'un massage relaxant, ayurv\u00e9dique, pierres chaudes ou encore un soin visage de notre gamme Th\u00e9ma\u00e9","og_url":"https:\/\/www.koru-hotel.be\/nl\/onze-spa\/massages-en-behandelingen\/","og_site_name":"Koru Hotel","article_modified_time":"2025-12-02T11:27:19+00:00","twitter_card":"summary_large_image","twitter_misc":{"Geschatte leestijd":"3 minuten"},"schema":{"@context":"https:\/\/schema.org","@graph":[{"@type":"WebPage","@id":"https:\/\/www.koru-hotel.be\/nl\/onze-spa\/massages-en-behandelingen\/","url":"https:\/\/www.koru-hotel.be\/nl\/onze-spa\/massages-en-behandelingen\/","name":"Massages et Soins Th\u00e9ma\u00e9 - Koru Hotel - Spa Privatif","isPartOf":{"@id":"https:\/\/www.koru-hotel.be\/nl\/#website"},"datePublished":"2018-06-25T07:52:50+00:00","dateModified":"2025-12-02T11:27:19+00:00","description":"Prendre du temps pour soi-m\u00eame lors d'un massage relaxant, ayurv\u00e9dique, pierres chaudes ou encore un soin visage de notre gamme Th\u00e9ma\u00e9","breadcrumb":{"@id":"https:\/\/www.koru-hotel.be\/nl\/onze-spa\/massages-en-behandelingen\/#breadcrumb"},"inLanguage":"nl-NL","potentialAction":[{"@type":"ReadAction","target":["https:\/\/www.koru-hotel.be\/nl\/onze-spa\/massages-en-behandelingen\/"]}]},{"@type":"BreadcrumbList","@id":"https:\/\/www.koru-hotel.be\/nl\/onze-spa\/massages-en-behandelingen\/#breadcrumb","itemListElement":[{"@type":"ListItem","position":1,"name":"Accueil","item":"https:\/\/www.koru-hotel.be\/nl\/"},{"@type":"ListItem","position":2,"name":"Wellness","item":"https:\/\/www.koru-hotel.be\/nl\/onze-spa\/"},{"@type":"ListItem","position":3,"name":"Massages en verzorgingen"}]},{"@type":"WebSite","@id":"https:\/\/www.koru-hotel.be\/nl\/#website","url":"https:\/\/www.koru-hotel.be\/nl\/","name":"Koru Hotel","description":"","potentialAction":[{"@type":"SearchAction","target":{"@type":"EntryPoint","urlTemplate":"https:\/\/www.koru-hotel.be\/nl\/?s={search_term_string}"},"query-input":{"@type":"PropertyValueSpecification","valueRequired":true,"valueName":"search_term_string"}}],"inLanguage":"nl-NL"}]}},"_links":{"self":[{"href":"https:\/\/www.koru-hotel.be\/nl\/wp-json\/wp\/v2\/pages\/16022","targetHints":{"allow":["GET"]}}],"collection":[{"href":"https:\/\/www.koru-hotel.be\/nl\/wp-json\/wp\/v2\/pages"}],"about":[{"href":"https:\/\/www.koru-hotel.be\/nl\/wp-json\/wp\/v2\/types\/page"}],"author":[{"embeddable":true,"href":"https:\/\/www.koru-hotel.be\/nl\/wp-json\/wp\/v2\/users\/3"}],"replies":[{"embeddable":true,"href":"https:\/\/www.koru-hotel.be\/nl\/wp-json\/wp\/v2\/comments?post=16022"}],"version-history":[{"count":24,"href":"https:\/\/www.koru-hotel.be\/nl\/wp-json\/wp\/v2\/pages\/16022\/revisions"}],"predecessor-version":[{"id":38341,"href":"https:\/\/www.koru-hotel.be\/nl\/wp-json\/wp\/v2\/pages\/16022\/revisions\/38341"}],"up":[{"embeddable":true,"href":"https:\/\/www.koru-hotel.be\/nl\/wp-json\/wp\/v2\/pages\/16030"}],"wp:attachment":[{"href":"https:\/\/www.koru-hotel.be\/nl\/wp-json\/wp\/v2\/media?parent=16022"}],"curies":[{"name":"wp","href":"https:\/\/api.w.org\/{rel}","templated":true}]}}