{"id":16075,"date":"2018-05-15T00:48:49","date_gmt":"2018-05-14T22:48:49","guid":{"rendered":"https:\/\/koru-hotel.poush-dev.be\/a-propos\/"},"modified":"2025-12-11T14:51:52","modified_gmt":"2025-12-11T13:51:52","slug":"hotel","status":"publish","type":"page","link":"https:\/\/www.koru-hotel.be\/nl\/hotel\/","title":{"rendered":"Het Hotel"},"content":{"rendered":"<div class=\"wpb-content-wrapper\"><p>[vc_row content_placement=&#8221;middle&#8221; bg_type=&#8221;image&#8221; parallax_style=&#8221;vcpb-default&#8221; bg_image_new=&#8221;id^1505|url^https:\/\/www.koru-hotel.be\/wp-content\/uploads\/apsara_cover.jpg|caption^null|alt^null|title^null|description^null&#8221; bg_image_repeat=&#8221;no-repeat&#8221; bg_override=&#8221;ex-full&#8221; enable_overlay=&#8221;enable_overlay_value&#8221; overlay_color=&#8221;rgba(205,172,107,0.3)&#8221; css=&#8221;.vc_custom_1647509866782{padding-top: 80px !important;padding-bottom: 100px !important;}&#8221; el_class=&#8221;custom-overlay custom-height2&#8243;][vc_column][vc_column_text el_class=&#8221;custom-white&#8221;]<\/p>\n<h1 style=\"text-align: center;\">Koru Hotel<\/h1>\n<p class=\"h4-size\" style=\"text-align: center;\">\u2014 Het project \u2014<\/p>\n<p>[\/vc_column_text][\/vc_column][\/vc_row][vc_row bg_type=&#8221;bg_color&#8221; bg_override=&#8221;ex-full&#8221; bg_color_value=&#8221;#cdac6b&#8221;][vc_column css=&#8221;.vc_custom_1647510200607{margin-top: -50px !important;padding-top: 30px !important;padding-right: 30px !important;padding-bottom: 30px !important;padding-left: 30px !important;background-color: #ffffff !important;border-radius: 10px !important;}&#8221; el_class=&#8221;custom-col-shadow&#8221; offset=&#8221;vc_col-lg-offset-2 vc_col-lg-8&#8243;][vc_column_text css=&#8221;.vc_custom_1745438198783{margin-bottom: 10px !important;}&#8221;]<\/p>\n<p data-start=\"157\" data-end=\"453\"><strong data-start=\"157\" data-end=\"182\">Reizen als rode draad<\/strong><br data-start=\"182\" data-end=\"185\" \/>Het project van H\u00f4tel Koru is een droom die vijf jaar in de maak was. Van de eerste schetsen van de architect, het zorgvuldig uitzoeken van de locatie, tot de bouw en de keuze van materialen en decoratie \u2013 elke stap was doordrenkt van passie en aandacht voor detail.<\/p>\n<p class=\"\" data-start=\"455\" data-end=\"759\">Vijf jaar geleden viel Bernadette van Empel, de eigenaar van het hotel, volledig onder de charme van deze oude plantenkwekerij, gelegen in het pittoreske dorpje Autre-Eglise. Het was het begin van een reis die leidde tot de oprichting van een plek waar rust, natuur en persoonlijke verhalen samenkomen.<\/p>\n<p class=\"\" data-start=\"761\" data-end=\"1181\">Het concept van H\u00f4tel Koru is diep geworteld in de reis die Bernadette vijf jaar geleden maakte door Australi\u00eb, Nieuw-Zeeland en Azi\u00eb. Het is een reis die haar kijk op de wereld en op gastvrijheid voor altijd heeft veranderd. Dit avontuur heeft haar ge\u00efnspireerd om een hotel te cre\u00ebren waar de thema\u2019s van deze verre bestemmingen terug te vinden zijn \u2013 in de inrichting van de kamers en de ontwerpkenmerken van de tuin.<\/p>\n<p class=\"\" data-start=\"1183\" data-end=\"1522\">Elke kamer, elke hoek van het hotel weerspiegelt een stukje van deze reis: de serene eenvoud van Azi\u00eb, de openheid en natuur van Nieuw-Zeeland, en de warme gastvrijheid van Australi\u00eb. De tuin, een verlengstuk van deze filosofie, biedt een betoverende ervaring met elementen die ge\u00efnspireerd zijn door de natuur van deze bijzondere regio\u2019s.<\/p>\n<p>[\/vc_column_text][\/vc_column][\/vc_row][vc_row full_width=&#8221;stretch_row_content_no_spaces&#8221; content_placement=&#8221;bottom&#8221; bg_type=&#8221;grad&#8221; bg_override=&#8221;ex-full&#8221; bg_grad=&#8221;background: -webkit-gradient(linear, left top, left bottom, color-stop(50%, #CDAC6B), color-stop(50%, #FAF9F4));background: -moz-linear-gradient(top,#CDAC6B 50%,#FAF9F4 50%);background: -webkit-linear-gradient(top,#CDAC6B 50%,#FAF9F4 50%);background: -o-linear-gradient(top,#CDAC6B 50%,#FAF9F4 50%);background: -ms-linear-gradient(top,#CDAC6B 50%,#FAF9F4 50%);background: linear-gradient(top,#CDAC6B 50%,#FAF9F4 50%);&#8221;][vc_column css_animation=&#8221;fadeInUp&#8221; width=&#8221;1\/2&#8243; css=&#8221;.vc_custom_1649320275182{padding-top: 150px !important;background-position: center !important;background-repeat: no-repeat !important;background-size: contain !important;}&#8221; offset=&#8221;vc_col-lg-offset-1 vc_col-lg-6 vc_col-md-offset-1 vc_col-md-6 vc_col-sm-offset-1 vc_col-xs-offset-1 vc_col-xs-10&#8243;][vc_single_image image=&#8221;15887&#8243; img_size=&#8221;600&#215;800&#8243; alignment=&#8221;right&#8221; css_animation=&#8221;fadeInUp&#8221;]<div id=\"ult-easy-separator-214175134169e30b5392f52\" class=\"ult-easy-separator-wrapper ult-responsive ult-top-easy-separator  ult-left-img\" style=\"\" data-vc-row=\"wpb_row\"  data-ultimate-target='#ult-easy-separator-214175134169e30b5392f52'  data-responsive-json-new='{\"width\":\"desktop:600px;tablet:400px;\"}' ><div class=\"ult-easy-separator-inner-wrapper\"><div class=\"ult-no-animation\" style=\"opacity:0;\"   ><img decoding=\"async\" class=\"ult-easy-separator-img\" alt=\"null\" src=\"https:\/\/www.koru-hotel.be\/wp-content\/uploads\/travel-2.svg\" \/><\/div><\/div><\/div>[\/vc_column][vc_column width=&#8221;2\/5&#8243; el_class=&#8221;custom-neg-left&#8221; css=&#8221;.vc_custom_1649320290098{margin-bottom: 40px !important;}&#8221; offset=&#8221;vc_col-lg-offset-0 vc_col-lg-2\/5 vc_col-md-offset-0 vc_col-md-2\/5 vc_col-sm-offset-0 vc_col-xs-offset-1 vc_col-xs-10&#8243;][vc_column_text css=&#8221;.vc_custom_1765461110058{padding-top: 30px !important;padding-right: 30px !important;padding-bottom: 30px !important;padding-left: 30px !important;background-color: #ffffff !important;border-radius: 10px !important;}&#8221; el_class=&#8221;custom-bloc-shadow&#8221;]<\/p>\n<h2 data-start=\"174\" data-end=\"208\">Het verhaal achter H\u00f4tel Koru<\/h2>\n<p data-start=\"210\" data-end=\"596\">Bernadette, van Nederlandse origine, werd geboren in het zuiden van Frankrijk, in de authentieke C\u00e9vennes (departement Gard). In 1999 verhuisde ze naar Belgi\u00eb om er toerisme en eventmanagement te studeren. Ze werd meteen verliefd op de rust en charme van Waals-Brabant \u2014 en vond in het dorpje Autre-\u00c9glise de ideale plek om haar droom waar te maken: een hotel in harmonie met de natuur.<\/p>\n<p data-start=\"598\" data-end=\"789\">St\u00e9phane is afkomstig uit Tienen. Hij groeide op in de horecawereld, hielp als kind al mee in het caf\u00e9 in zijn straat, en combineerde dat met zijn passies voor motorcross, voetbal en biljart.<\/p>\n<p data-start=\"791\" data-end=\"1017\">Hij woonde altijd in de buurt van Autre-\u00c9glise en werkte als boekhouder in Orp-le-Grand en later in Poucet \u2014 waar onze wegen elkaar kruisten.<br data-start=\"932\" data-end=\"935\" \/>Een mooie vriendschap ontstond, die langzaam uitgroeide tot een diepere connectie.<\/p>\n<p data-start=\"1019\" data-end=\"1179\">In 2016, een jaar na de opening van het hotel, stapte St\u00e9phane officieel mee in het Koru-avontuur \u2014 en onze samenwerking groeide uit tot een levenspartnerschap.<\/p>\n<p data-start=\"1181\" data-end=\"1337\">Vandaag verwelkomen we jullie samen, met hart en ziel.<br data-start=\"1235\" data-end=\"1238\" \/>In het Frans, Nederlands, Engels of zelfs Duits \u2014 altijd met aandacht, warmte en een vleugje magie.<\/p>\n<p>[\/vc_column_text][\/vc_column][\/vc_row][vc_row gap=&#8221;35&#8243; content_placement=&#8221;middle&#8221; css=&#8221;.vc_custom_1649167828659{margin-bottom: 40px !important;}&#8221;][vc_column width=&#8221;1\/2&#8243; offset=&#8221;vc_col-lg-offset-1 vc_col-lg-4 vc_col-md-offset-1 vc_col-md-4 vc_col-sm-offset-0&#8243;][vc_column_text css=&#8221;.vc_custom_1745438501916{margin-bottom: 0px !important;padding-top: 30px !important;padding-right: 30px !important;padding-bottom: 30px !important;padding-left: 30px !important;background-color: #ffffff !important;border-radius: 10px !important;}&#8221; el_class=&#8221;custom-bloc-shadow&#8221;]<\/p>\n<p class=\"\" data-start=\"76\" data-end=\"312\"><strong data-start=\"76\" data-end=\"96\">Diverse Websites<\/strong><br data-start=\"96\" data-end=\"99\" \/>Ontdek meer over de bezienswaardigheden in Waals-Brabant via de onderstaande link. De regio biedt tal van verborgen juweeltjes en avontuurlijke mogelijkheden, perfect voor een verlengde ontdekking van de omgeving.<\/p>\n<p class=\"\" data-start=\"314\" data-end=\"546\">Heeft u genoten van uw verblijf bij ons? We zouden het geweldig vinden als u een positieve recensie achterlaat op TripAdvisor, Facebook of Google Reviews. Uw feedback helpt ons om andere gasten een onvergetelijke ervaring te bieden.<\/p>\n<p>[\/vc_column_text][\/vc_column][vc_column width=&#8221;5\/12&#8243;]<section class=\"logos-grid wf-container\" data-width=\"160px\" data-columns=\"2\"><div class=\"wf-cell\"><div><a href=\"https:\/\/www.destinationbw.be\/\" target=\"_blank\" title=\"\" ><img loading=\"lazy\" decoding=\"async\" class=\" preload-me\" src=\"https:\/\/www.koru-hotel.be\/wp-content\/uploads\/destination-bw-2.png\" srcset=\"https:\/\/www.koru-hotel.be\/wp-content\/uploads\/destination-bw-2.png 160w\" width=\"160\" height=\"120\"  alt=\"Destination BW\" \/><\/a><\/div><\/div><div class=\"wf-cell\"><div><a href=\"https:\/\/www.facebook.com\/KoruHotelAutreEglise\" target=\"_blank\" title=\"\" ><img loading=\"lazy\" decoding=\"async\" class=\" preload-me\" src=\"https:\/\/www.koru-hotel.be\/wp-content\/uploads\/facebook.png\" srcset=\"https:\/\/www.koru-hotel.be\/wp-content\/uploads\/facebook.png 160w\" width=\"160\" height=\"120\"  alt=\"Facebook\" \/><\/a><\/div><\/div><div class=\"wf-cell\"><div><a href=\"https:\/\/www.instagram.com\/koru_hotel\/\" target=\"_blank\" title=\"\" ><img loading=\"lazy\" decoding=\"async\" class=\" preload-me\" src=\"https:\/\/www.koru-hotel.be\/wp-content\/uploads\/instagram.png\" srcset=\"https:\/\/www.koru-hotel.be\/wp-content\/uploads\/instagram.png 160w\" width=\"160\" height=\"120\"  alt=\"Instagram\" \/><\/a><\/div><\/div><div class=\"wf-cell\"><div><a href=\"https:\/\/visitwallonia.be\/\" target=\"_blank\" title=\"\" ><img loading=\"lazy\" decoding=\"async\" class=\" preload-me\" src=\"https:\/\/www.koru-hotel.be\/wp-content\/uploads\/visit-wallonia.png\" srcset=\"https:\/\/www.koru-hotel.be\/wp-content\/uploads\/visit-wallonia.png 160w\" width=\"160\" height=\"120\"  alt=\"Visit Wallonia\" \/><\/a><\/div><\/div><div class=\"wf-cell\"><div><a href=\"https:\/\/walloniebelgiquetourisme.be\/fr-be\/3\/jaime\/wallonie-a-velo\/bienvenue-velo\" target=\"_blank\" title=\"\" ><img loading=\"lazy\" decoding=\"async\" class=\" preload-me\" src=\"https:\/\/www.koru-hotel.be\/wp-content\/uploads\/bienvenue-velo.png\" srcset=\"https:\/\/www.koru-hotel.be\/wp-content\/uploads\/bienvenue-velo.png 160w\" width=\"160\" height=\"120\"  alt=\"Bienvenue v\u00e9lo\" \/><\/a><\/div><\/div><div class=\"wf-cell\"><div><a href=\"https:\/\/www.tripadvisor.fr\/Hotel_Review-g8714667-d8708368-Reviews-Koru_Hotel-Autre_Eglise_Walloon_Brabant_Province_Wallonia.html\" target=\"_blank\" title=\"\" ><img loading=\"lazy\" decoding=\"async\" class=\" preload-me\" src=\"https:\/\/www.koru-hotel.be\/wp-content\/uploads\/tripadvisor.png\" srcset=\"https:\/\/www.koru-hotel.be\/wp-content\/uploads\/tripadvisor.png 160w\" width=\"160\" height=\"120\"  alt=\"Tripadvisor\" \/><\/a><\/div><\/div><\/section>[\/vc_column][\/vc_row][vc_row content_placement=&#8221;middle&#8221; bg_type=&#8221;image&#8221; parallax_style=&#8221;vcpb-default&#8221; bg_image_new=&#8221;id^3708|url^https:\/\/www.koru-hotel.be\/wp-content\/uploads\/couverture-avant.jpg|caption^null|alt^null|title^couverture-avant|description^null&#8221; bg_image_repeat=&#8221;no-repeat&#8221; bg_override=&#8221;ex-full&#8221; enable_overlay=&#8221;enable_overlay_value&#8221; overlay_color=&#8221;rgba(0,0,0,0.3)&#8221; css=&#8221;.vc_custom_1649163033938{padding-top: 120px !important;padding-bottom: 120px !important;}&#8221; el_class=&#8221;custom-overlay2&#8243;][vc_column offset=&#8221;vc_col-lg-offset-3 vc_col-lg-6&#8243;][vc_column_text el_class=&#8221;custom-white&#8221;]<\/p>\n<h2 style=\"text-align: center;\">Betekenis van het woord Koru<\/h2>\n<h4 style=\"text-align: center;\">(symbool voor Maori\u2019s uit Nieuw-Zeeland)<\/h4>\n<p style=\"text-align: center;\">\u00ab De Koru, ontvouwend varenblad, staat voor een nieuw begin, nieuw leven en groei. De vorm is afgeleid van het jonge varenblad dat zich ontwikkelt en uiteindelijk ontvouwt uit de bescherming van een ouder varenblad. Dit proces verwijst naar de levenscyclus van de mens. Ook symboliseert de Koru de eeuwige rust en vrede van het woud en is een uiting van het verlangen van de mens omringd te zijn door deze elementen. \u00bb<\/p>\n<p>[\/vc_column_text][\/vc_column][\/vc_row]<\/p>\n<\/div>","protected":false},"excerpt":{"rendered":"<p>[vc_row content_placement=&#8221;middle&#8221; bg_type=&#8221;image&#8221; parallax_style=&#8221;vcpb-default&#8221; bg_image_new=&#8221;id^1505|url^https:\/\/www.koru-hotel.be\/wp-content\/uploads\/apsara_cover.jpg|caption^null|alt^null|title^null|description^null&#8221; bg_image_repeat=&#8221;no-repeat&#8221; bg_override=&#8221;ex-full&#8221; enable_overlay=&#8221;enable_overlay_value&#8221; overlay_color=&#8221;rgba(205,172,107,0.3)&#8221; css=&#8221;.vc_custom_1647509866782{padding-top: 80px !important;padding-bottom: 100px !important;}&#8221; el_class=&#8221;custom-overlay custom-height2&#8243;][vc_column][vc_column_text el_class=&#8221;custom-white&#8221;] Koru Hotel \u2014 Het project \u2014 [\/vc_column_text][\/vc_column][\/vc_row][vc_row bg_type=&#8221;bg_color&#8221; bg_override=&#8221;ex-full&#8221; bg_color_value=&#8221;#cdac6b&#8221;][vc_column css=&#8221;.vc_custom_1647510200607{margin-top: -50px !important;padding-top: 30px !important;padding-right: 30px !important;padding-bottom: 30px !important;padding-left: 30px !important;background-color: #ffffff !important;border-radius: 10px !important;}&#8221; el_class=&#8221;custom-col-shadow&#8221; offset=&#8221;vc_col-lg-offset-2 vc_col-lg-8&#8243;][vc_column_text css=&#8221;.vc_custom_1745438198783{margin-bottom: 10px !important;}&#8221;] Reizen als rode draadHet project van H\u00f4tel&hellip;<\/p>\n","protected":false},"author":3,"featured_media":0,"parent":0,"menu_order":1,"comment_status":"closed","ping_status":"closed","template":"","meta":{"inline_featured_image":false,"footnotes":""},"class_list":["post-16075","page","type-page","status-publish","hentry","description-off"],"yoast_head":"<!-- This site is optimized with the Yoast SEO plugin v26.8 - https:\/\/yoast.com\/product\/yoast-seo-wordpress\/ -->\n<title>Hotel 3* - 7 chambres - Koru Hotel<\/title>\n<meta name=\"description\" content=\"Venez vous d\u00e9tendre dans une de nos 7 suites uniques et spacieuses am\u00e9nag\u00e9s sur le th\u00e8me du voyage, l&#039;Asie et l&#039;Oc\u00e9anie.\" \/>\n<meta name=\"robots\" content=\"index, follow, max-snippet:-1, max-image-preview:large, max-video-preview:-1\" \/>\n<link rel=\"canonical\" href=\"https:\/\/www.koru-hotel.be\/nl\/hotel\/\" \/>\n<meta property=\"og:locale\" content=\"nl_NL\" \/>\n<meta property=\"og:type\" content=\"article\" \/>\n<meta property=\"og:title\" content=\"Hotel 3* - 7 chambres - Koru Hotel\" \/>\n<meta property=\"og:description\" content=\"Venez vous d\u00e9tendre dans une de nos 7 suites uniques et spacieuses am\u00e9nag\u00e9s sur le th\u00e8me du voyage, l&#039;Asie et l&#039;Oc\u00e9anie.\" \/>\n<meta property=\"og:url\" content=\"https:\/\/www.koru-hotel.be\/nl\/hotel\/\" \/>\n<meta property=\"og:site_name\" content=\"Koru Hotel\" \/>\n<meta property=\"article:modified_time\" content=\"2025-12-11T13:51:52+00:00\" \/>\n<meta name=\"twitter:card\" content=\"summary_large_image\" \/>\n<meta name=\"twitter:label1\" content=\"Geschatte leestijd\" \/>\n\t<meta name=\"twitter:data1\" content=\"4 minuten\" \/>\n<script type=\"application\/ld+json\" class=\"yoast-schema-graph\">{\"@context\":\"https:\/\/schema.org\",\"@graph\":[{\"@type\":\"WebPage\",\"@id\":\"https:\/\/www.koru-hotel.be\/nl\/hotel\/\",\"url\":\"https:\/\/www.koru-hotel.be\/nl\/hotel\/\",\"name\":\"Hotel 3* - 7 chambres - Koru Hotel\",\"isPartOf\":{\"@id\":\"https:\/\/www.koru-hotel.be\/nl\/#website\"},\"datePublished\":\"2018-05-14T22:48:49+00:00\",\"dateModified\":\"2025-12-11T13:51:52+00:00\",\"description\":\"Venez vous d\u00e9tendre dans une de nos 7 suites uniques et spacieuses am\u00e9nag\u00e9s sur le th\u00e8me du voyage, l'Asie et l'Oc\u00e9anie.\",\"breadcrumb\":{\"@id\":\"https:\/\/www.koru-hotel.be\/nl\/hotel\/#breadcrumb\"},\"inLanguage\":\"nl-NL\",\"potentialAction\":[{\"@type\":\"ReadAction\",\"target\":[\"https:\/\/www.koru-hotel.be\/nl\/hotel\/\"]}]},{\"@type\":\"BreadcrumbList\",\"@id\":\"https:\/\/www.koru-hotel.be\/nl\/hotel\/#breadcrumb\",\"itemListElement\":[{\"@type\":\"ListItem\",\"position\":1,\"name\":\"Accueil\",\"item\":\"https:\/\/www.koru-hotel.be\/nl\/\"},{\"@type\":\"ListItem\",\"position\":2,\"name\":\"Het Hotel\"}]},{\"@type\":\"WebSite\",\"@id\":\"https:\/\/www.koru-hotel.be\/nl\/#website\",\"url\":\"https:\/\/www.koru-hotel.be\/nl\/\",\"name\":\"Koru Hotel\",\"description\":\"\",\"potentialAction\":[{\"@type\":\"SearchAction\",\"target\":{\"@type\":\"EntryPoint\",\"urlTemplate\":\"https:\/\/www.koru-hotel.be\/nl\/?s={search_term_string}\"},\"query-input\":{\"@type\":\"PropertyValueSpecification\",\"valueRequired\":true,\"valueName\":\"search_term_string\"}}],\"inLanguage\":\"nl-NL\"}]}<\/script>\n<!-- \/ Yoast SEO plugin. -->","yoast_head_json":{"title":"Hotel 3* - 7 chambres - Koru Hotel","description":"Venez vous d\u00e9tendre dans une de nos 7 suites uniques et spacieuses am\u00e9nag\u00e9s sur le th\u00e8me du voyage, l'Asie et l'Oc\u00e9anie.","robots":{"index":"index","follow":"follow","max-snippet":"max-snippet:-1","max-image-preview":"max-image-preview:large","max-video-preview":"max-video-preview:-1"},"canonical":"https:\/\/www.koru-hotel.be\/nl\/hotel\/","og_locale":"nl_NL","og_type":"article","og_title":"Hotel 3* - 7 chambres - Koru Hotel","og_description":"Venez vous d\u00e9tendre dans une de nos 7 suites uniques et spacieuses am\u00e9nag\u00e9s sur le th\u00e8me du voyage, l'Asie et l'Oc\u00e9anie.","og_url":"https:\/\/www.koru-hotel.be\/nl\/hotel\/","og_site_name":"Koru Hotel","article_modified_time":"2025-12-11T13:51:52+00:00","twitter_card":"summary_large_image","twitter_misc":{"Geschatte leestijd":"4 minuten"},"schema":{"@context":"https:\/\/schema.org","@graph":[{"@type":"WebPage","@id":"https:\/\/www.koru-hotel.be\/nl\/hotel\/","url":"https:\/\/www.koru-hotel.be\/nl\/hotel\/","name":"Hotel 3* - 7 chambres - Koru Hotel","isPartOf":{"@id":"https:\/\/www.koru-hotel.be\/nl\/#website"},"datePublished":"2018-05-14T22:48:49+00:00","dateModified":"2025-12-11T13:51:52+00:00","description":"Venez vous d\u00e9tendre dans une de nos 7 suites uniques et spacieuses am\u00e9nag\u00e9s sur le th\u00e8me du voyage, l'Asie et l'Oc\u00e9anie.","breadcrumb":{"@id":"https:\/\/www.koru-hotel.be\/nl\/hotel\/#breadcrumb"},"inLanguage":"nl-NL","potentialAction":[{"@type":"ReadAction","target":["https:\/\/www.koru-hotel.be\/nl\/hotel\/"]}]},{"@type":"BreadcrumbList","@id":"https:\/\/www.koru-hotel.be\/nl\/hotel\/#breadcrumb","itemListElement":[{"@type":"ListItem","position":1,"name":"Accueil","item":"https:\/\/www.koru-hotel.be\/nl\/"},{"@type":"ListItem","position":2,"name":"Het Hotel"}]},{"@type":"WebSite","@id":"https:\/\/www.koru-hotel.be\/nl\/#website","url":"https:\/\/www.koru-hotel.be\/nl\/","name":"Koru Hotel","description":"","potentialAction":[{"@type":"SearchAction","target":{"@type":"EntryPoint","urlTemplate":"https:\/\/www.koru-hotel.be\/nl\/?s={search_term_string}"},"query-input":{"@type":"PropertyValueSpecification","valueRequired":true,"valueName":"search_term_string"}}],"inLanguage":"nl-NL"}]}},"_links":{"self":[{"href":"https:\/\/www.koru-hotel.be\/nl\/wp-json\/wp\/v2\/pages\/16075","targetHints":{"allow":["GET"]}}],"collection":[{"href":"https:\/\/www.koru-hotel.be\/nl\/wp-json\/wp\/v2\/pages"}],"about":[{"href":"https:\/\/www.koru-hotel.be\/nl\/wp-json\/wp\/v2\/types\/page"}],"author":[{"embeddable":true,"href":"https:\/\/www.koru-hotel.be\/nl\/wp-json\/wp\/v2\/users\/3"}],"replies":[{"embeddable":true,"href":"https:\/\/www.koru-hotel.be\/nl\/wp-json\/wp\/v2\/comments?post=16075"}],"version-history":[{"count":20,"href":"https:\/\/www.koru-hotel.be\/nl\/wp-json\/wp\/v2\/pages\/16075\/revisions"}],"predecessor-version":[{"id":38465,"href":"https:\/\/www.koru-hotel.be\/nl\/wp-json\/wp\/v2\/pages\/16075\/revisions\/38465"}],"wp:attachment":[{"href":"https:\/\/www.koru-hotel.be\/nl\/wp-json\/wp\/v2\/media?parent=16075"}],"curies":[{"name":"wp","href":"https:\/\/api.w.org\/{rel}","templated":true}]}}