{"id":18080,"date":"2022-01-19T14:38:08","date_gmt":"2022-01-19T13:38:08","guid":{"rendered":"https:\/\/koru-hotel.poush-dev.be\/faq\/"},"modified":"2022-07-06T15:51:19","modified_gmt":"2022-07-06T13:51:19","slug":"faq","status":"publish","type":"page","link":"https:\/\/www.koru-hotel.be\/nl\/faq\/","title":{"rendered":"FAQ"},"content":{"rendered":"<div class=\"wpb-content-wrapper\"><p>[vc_row content_placement=&#8221;middle&#8221; bg_type=&#8221;image&#8221; parallax_style=&#8221;vcpb-default&#8221; bg_image_new=&#8221;id^17564|url^https:\/\/www.koru-hotel.be\/wp-content\/uploads\/header-restaurant.jpg|caption^null|alt^null|title^header-restaurant|description^null&#8221; bg_image_repeat=&#8221;no-repeat&#8221; bg_override=&#8221;ex-full&#8221; enable_overlay=&#8221;enable_overlay_value&#8221; overlay_color=&#8221;rgba(205,172,107,0.3)&#8221; css=&#8221;.vc_custom_1655905489194{padding-top: 40px !important;padding-bottom: 40px !important;}&#8221; el_class=&#8221;custom-overlay custom-height2&#8243;][vc_column][vc_column_text el_class=&#8221;custom-white&#8221;]<\/p>\n<h1 style=\"text-align: center;\">FAQ<\/h1>\n<p>[\/vc_column_text][\/vc_column][\/vc_row][vc_row content_placement=&#8221;bottom&#8221; bg_type=&#8221;grad&#8221; bg_override=&#8221;ex-full&#8221; css=&#8221;.vc_custom_1655212160611{padding-bottom: 80px !important;}&#8221; bg_grad=&#8221;background: -webkit-gradient(linear, left top, left bottom, color-stop(0%, #CDAC6B), color-stop(20%, #CDAC6B), color-stop(20%, #FAF9F4));background: -moz-linear-gradient(top,#CDAC6B 0%,#CDAC6B 20%,#FAF9F4 20%);background: -webkit-linear-gradient(top,#CDAC6B 0%,#CDAC6B 20%,#FAF9F4 20%);background: -o-linear-gradient(top,#CDAC6B 0%,#CDAC6B 20%,#FAF9F4 20%);background: -ms-linear-gradient(top,#CDAC6B 0%,#CDAC6B 20%,#FAF9F4 20%);background: linear-gradient(top,#CDAC6B 0%,#CDAC6B 20%,#FAF9F4 20%);&#8221;][vc_column]<div id=\"ult-easy-separator-232579453869e49857a1a95\" class=\"ult-easy-separator-wrapper ult-responsive ult-bottom-easy-separator ult-easy-separator-no-default ult-right-img\" style=\"transform: translate(0,-60%)!important;-ms-transform: translate(0,-60%)!important;-webkit-transform: translate(0,-60%)!important;right:-30%;transform: translate(-30%,-60%);-ms-transform: translate(-30%,-60%);-webkit-transform: translate(-30%,-60%);\" data-vc-row=\"wpb_row\"  data-ultimate-target='#ult-easy-separator-232579453869e49857a1a95'  data-responsive-json-new='{\"width\":\"desktop:600px;\"}' ><div class=\"ult-easy-separator-inner-wrapper\"><div class=\"ult-no-animation\" style=\"opacity:0;\"   ><img decoding=\"async\" class=\"ult-easy-separator-img\" alt=\"null\" src=\"https:\/\/www.koru-hotel.be\/wp-content\/uploads\/jardin-picto.png\" \/><\/div><\/div><\/div>[\/vc_column][vc_column width=&#8221;2\/3&#8243; el_class=&#8221;custom-zindex custom-col-shadow&#8221; css=&#8221;.vc_custom_1651063324708{margin-bottom: 40px !important;padding-top: 30px !important;padding-right: 30px !important;padding-bottom: 30px !important;padding-left: 30px !important;background-color: #ffffff !important;border-radius: 10px !important;}&#8221; offset=&#8221;vc_col-lg-offset-2 vc_col-lg-8 vc_col-md-offset-2 vc_col-md-8 vc_col-sm-offset-2&#8243;][vc_accordion active_tab=&#8221;false&#8221; collapsible=&#8221;yes&#8221; style=&#8221;3&#8243; el_class=&#8221;custom-accordion&#8221;][vc_accordion_tab title=&#8221;Vanaf hoe laat kunnen we inchecken?&#8221;][vc_column_text]De check in van de kamers is vanaf 16u[\/vc_column_text][\/vc_accordion_tab][vc_accordion_tab title=&#8221;Om hoe laat moeten we de kamer uitchecken?&#8221;][vc_column_text]De check out van de kamers is om 12u[\/vc_column_text][\/vc_accordion_tab][vc_accordion_tab title=&#8221;Is het mogelijk om later dan 12uur de kamer uit te checken?&#8221;][vc_column_text]Het is mogelijk voor de kamer te houden tot 14u mits een supplement van 33\u20ac[\/vc_column_text][\/vc_accordion_tab][vc_accordion_tab title=&#8221;Zijn huisdieren toegelaten?&#8221;][vc_column_text]Helaas zijn huisdieren niet toegelaten[\/vc_column_text][\/vc_accordion_tab][vc_accordion_tab title=&#8221;Zijn badjassen voorzien in de wellness?&#8221;][vc_column_text]Badjassen en slippers worden voorzien op de kamer. Handdoeken zijn in de wellness beschikbaar[\/vc_column_text][\/vc_accordion_tab][vc_accordion_tab title=&#8221;Moeten we badkledij voorzien in de wellness?&#8221;][vc_column_text]Badkledij is verplicht[\/vc_column_text][\/vc_accordion_tab][vc_accordion_tab title=&#8221;Hebben jullie een parking?&#8221;][vc_column_text]We hebben een parking aan de ingang net naar de hoofdingang of achter in de tuin.[\/vc_column_text][\/vc_accordion_tab][vc_accordion_tab title=&#8221;Is de parking veilig?&#8221;][vc_column_text]De hoofdpoort is gesloten. Er komen enkel mensen binnen het domein die gereserveerd hebben.[\/vc_column_text][\/vc_accordion_tab][vc_accordion_tab title=&#8221;Wat is de procedure voor onze aankomst?&#8221;][vc_column_text]Als u bij ons toekomt is de hoofdpoort gesloten, u dient aan te bellen aan de linker pilaar, dan zullen we open doen.[\/vc_column_text][\/vc_accordion_tab][vc_accordion_tab title=&#8221;Jullie zijn telefonisch niet bereikbaar?&#8221;][vc_column_text]We beheren het hele hotel onder ons 2. We verkiezen om ter plaatse zo veel mogelijk beschikbaar te zijn voor de gasten die bij ons ter plaatse zijn. We vragen om jullie verzoeken per email te sturen. Dank voor uw begrip.[\/vc_column_text][\/vc_accordion_tab][vc_accordion_tab title=&#8221;Maakt het hotel deel uit van een keten?&#8221;][vc_column_text]Het hotel is volledig priv\u00e9.[\/vc_column_text][\/vc_accordion_tab][vc_accordion_tab title=&#8221;Hoeveel kamers hebben jullie?&#8221;][vc_column_text]We hebben 7 kamers , 3 op begane vloer, 4 op het eerste verdiep.[\/vc_column_text][\/vc_accordion_tab][vc_accordion_tab title=&#8221;Mogen we met kinderen komen?&#8221;][\/vc_accordion_tab][vc_accordion_tab title=&#8221;Ik heb een cadeau bon, hoe kan ik reserveren?&#8221;][vc_column_text]Voor een reservatie met een cadeau bon, gelieve met ons contact op te nemen per email <a href=\"mailto:info@koru-hotel.be\">info@koru-hotel.be<\/a> ; dan kunnen we de beschikbaarheid controleren. In uw bericht ook de nummer van de cadeaubon vermelden.[\/vc_column_text][\/vc_accordion_tab][vc_accordion_tab title=&#8221;Ik wil een kamer reserveren op zondag of op maandag avond?&#8221;][vc_column_text]Op zondag avond en maandag avond is het hotel gesloten. U kunt een kamer bij ons reserveren van dinsdag avond tot en met zaterdag avond[\/vc_column_text][\/vc_accordion_tab][vc_accordion_tab title=&#8221;Ik heb een Wonderbox of een Vivabox bon , kan ik bij jullie reserveren?&#8221;][vc_column_text]We hebben de samenwerking stop gezet met Wonderbox\/Vivabox sinds eind december 2020[\/vc_column_text][\/vc_accordion_tab][vc_accordion_tab title=&#8221;Ik heb een bongo bon en wil graag reserveren?&#8221;][vc_column_text]Voor een reservatie met een bongo bon ( overnachting in de deluxe kamer C\u00e9vennes, standard ontbijt en 1u30 wellness priv\u00e9) moet u de boeking ingeven op de website van bongo zelf. Daar kunt\u00a0 u de beschikbaarheid controleren en rechtsreeks reserveren met de 2 activatie codes.<\/p>\n<p>Indien u een bongo heeft voor het ontbijt, dan kunt u ons een email sturen met de 2 activatie codes, dan kunnen we de planning bekijken en uw boeking ingeven.[\/vc_column_text][\/vc_accordion_tab][vc_accordion_tab title=&#8221;Ik wil graag mijn trouwfeest bij jullie doen, is dat mogelijk?&#8221;][vc_column_text]We organiseren kleine trouwfeesten maximum 20-25 personen.<\/p>\n<p>Dan wordt het hotel\/domein volledig geprivatiseerd. Voor een offerte, neem gerust contact met ons op.[\/vc_column_text][\/vc_accordion_tab][vc_accordion_tab title=&#8221;Hebben jullie een laad paal voor mijn elektrische auto?&#8221;][vc_column_text]Momenteel hebben we nog geen laad paal voor de elektrische auto&#8217;s.[\/vc_column_text][\/vc_accordion_tab][\/vc_accordion][\/vc_column][\/vc_row]<\/p>\n<\/div>","protected":false},"excerpt":{"rendered":"<p>[vc_row content_placement=&#8221;middle&#8221; bg_type=&#8221;image&#8221; parallax_style=&#8221;vcpb-default&#8221; bg_image_new=&#8221;id^17564|url^https:\/\/www.koru-hotel.be\/wp-content\/uploads\/header-restaurant.jpg|caption^null|alt^null|title^header-restaurant|description^null&#8221; bg_image_repeat=&#8221;no-repeat&#8221; bg_override=&#8221;ex-full&#8221; enable_overlay=&#8221;enable_overlay_value&#8221; overlay_color=&#8221;rgba(205,172,107,0.3)&#8221; css=&#8221;.vc_custom_1655905489194{padding-top: 40px !important;padding-bottom: 40px !important;}&#8221; el_class=&#8221;custom-overlay custom-height2&#8243;][vc_column][vc_column_text el_class=&#8221;custom-white&#8221;] FAQ [\/vc_column_text][\/vc_column][\/vc_row][vc_row content_placement=&#8221;bottom&#8221; bg_type=&#8221;grad&#8221; bg_override=&#8221;ex-full&#8221; css=&#8221;.vc_custom_1655212160611{padding-bottom: 80px !important;}&#8221; bg_grad=&#8221;background: -webkit-gradient(linear, left top, left bottom, color-stop(0%, #CDAC6B), color-stop(20%, #CDAC6B), color-stop(20%, #FAF9F4));background: -moz-linear-gradient(top,#CDAC6B 0%,#CDAC6B 20%,#FAF9F4 20%);background: -webkit-linear-gradient(top,#CDAC6B 0%,#CDAC6B 20%,#FAF9F4 20%);background: -o-linear-gradient(top,#CDAC6B 0%,#CDAC6B 20%,#FAF9F4 20%);background: -ms-linear-gradient(top,#CDAC6B 0%,#CDAC6B 20%,#FAF9F4 20%);background: linear-gradient(top,#CDAC6B 0%,#CDAC6B&hellip;<\/p>\n","protected":false},"author":8,"featured_media":0,"parent":0,"menu_order":7,"comment_status":"closed","ping_status":"closed","template":"","meta":{"inline_featured_image":false,"footnotes":""},"class_list":["post-18080","page","type-page","status-publish","hentry","description-off"],"yoast_head":"<!-- This site is optimized with the Yoast SEO plugin v26.8 - https:\/\/yoast.com\/product\/yoast-seo-wordpress\/ -->\n<title>Foire aux Questions | Koru H\u00f4tel<\/title>\n<meta name=\"description\" content=\"Trouvez ici les r\u00e9ponses aux questions les plus fr\u00e9quemment pos\u00e9es sur Koru Hotel.\" \/>\n<meta name=\"robots\" content=\"index, follow, max-snippet:-1, max-image-preview:large, max-video-preview:-1\" \/>\n<link rel=\"canonical\" href=\"https:\/\/www.koru-hotel.be\/nl\/faq\/\" \/>\n<meta property=\"og:locale\" content=\"nl_NL\" \/>\n<meta property=\"og:type\" content=\"article\" \/>\n<meta property=\"og:title\" content=\"Foire aux Questions | Koru H\u00f4tel\" \/>\n<meta property=\"og:description\" content=\"Trouvez ici les r\u00e9ponses aux questions les plus fr\u00e9quemment pos\u00e9es sur Koru Hotel.\" \/>\n<meta property=\"og:url\" content=\"https:\/\/www.koru-hotel.be\/nl\/faq\/\" \/>\n<meta property=\"og:site_name\" content=\"Koru Hotel\" \/>\n<meta property=\"article:modified_time\" content=\"2022-07-06T13:51:19+00:00\" \/>\n<meta name=\"twitter:card\" content=\"summary_large_image\" \/>\n<meta name=\"twitter:label1\" content=\"Geschatte leestijd\" \/>\n\t<meta name=\"twitter:data1\" content=\"2 minuten\" \/>\n<script type=\"application\/ld+json\" class=\"yoast-schema-graph\">{\"@context\":\"https:\/\/schema.org\",\"@graph\":[{\"@type\":\"WebPage\",\"@id\":\"https:\/\/www.koru-hotel.be\/nl\/faq\/\",\"url\":\"https:\/\/www.koru-hotel.be\/nl\/faq\/\",\"name\":\"Foire aux Questions | Koru H\u00f4tel\",\"isPartOf\":{\"@id\":\"https:\/\/www.koru-hotel.be\/nl\/#website\"},\"datePublished\":\"2022-01-19T13:38:08+00:00\",\"dateModified\":\"2022-07-06T13:51:19+00:00\",\"description\":\"Trouvez ici les r\u00e9ponses aux questions les plus fr\u00e9quemment pos\u00e9es sur Koru Hotel.\",\"breadcrumb\":{\"@id\":\"https:\/\/www.koru-hotel.be\/nl\/faq\/#breadcrumb\"},\"inLanguage\":\"nl-NL\",\"potentialAction\":[{\"@type\":\"ReadAction\",\"target\":[\"https:\/\/www.koru-hotel.be\/nl\/faq\/\"]}]},{\"@type\":\"BreadcrumbList\",\"@id\":\"https:\/\/www.koru-hotel.be\/nl\/faq\/#breadcrumb\",\"itemListElement\":[{\"@type\":\"ListItem\",\"position\":1,\"name\":\"Accueil\",\"item\":\"https:\/\/www.koru-hotel.be\/nl\/\"},{\"@type\":\"ListItem\",\"position\":2,\"name\":\"FAQ\"}]},{\"@type\":\"WebSite\",\"@id\":\"https:\/\/www.koru-hotel.be\/nl\/#website\",\"url\":\"https:\/\/www.koru-hotel.be\/nl\/\",\"name\":\"Koru Hotel\",\"description\":\"\",\"potentialAction\":[{\"@type\":\"SearchAction\",\"target\":{\"@type\":\"EntryPoint\",\"urlTemplate\":\"https:\/\/www.koru-hotel.be\/nl\/?s={search_term_string}\"},\"query-input\":{\"@type\":\"PropertyValueSpecification\",\"valueRequired\":true,\"valueName\":\"search_term_string\"}}],\"inLanguage\":\"nl-NL\"}]}<\/script>\n<!-- \/ Yoast SEO plugin. -->","yoast_head_json":{"title":"Foire aux Questions | Koru H\u00f4tel","description":"Trouvez ici les r\u00e9ponses aux questions les plus fr\u00e9quemment pos\u00e9es sur Koru Hotel.","robots":{"index":"index","follow":"follow","max-snippet":"max-snippet:-1","max-image-preview":"max-image-preview:large","max-video-preview":"max-video-preview:-1"},"canonical":"https:\/\/www.koru-hotel.be\/nl\/faq\/","og_locale":"nl_NL","og_type":"article","og_title":"Foire aux Questions | Koru H\u00f4tel","og_description":"Trouvez ici les r\u00e9ponses aux questions les plus fr\u00e9quemment pos\u00e9es sur Koru Hotel.","og_url":"https:\/\/www.koru-hotel.be\/nl\/faq\/","og_site_name":"Koru Hotel","article_modified_time":"2022-07-06T13:51:19+00:00","twitter_card":"summary_large_image","twitter_misc":{"Geschatte leestijd":"2 minuten"},"schema":{"@context":"https:\/\/schema.org","@graph":[{"@type":"WebPage","@id":"https:\/\/www.koru-hotel.be\/nl\/faq\/","url":"https:\/\/www.koru-hotel.be\/nl\/faq\/","name":"Foire aux Questions | Koru H\u00f4tel","isPartOf":{"@id":"https:\/\/www.koru-hotel.be\/nl\/#website"},"datePublished":"2022-01-19T13:38:08+00:00","dateModified":"2022-07-06T13:51:19+00:00","description":"Trouvez ici les r\u00e9ponses aux questions les plus fr\u00e9quemment pos\u00e9es sur Koru Hotel.","breadcrumb":{"@id":"https:\/\/www.koru-hotel.be\/nl\/faq\/#breadcrumb"},"inLanguage":"nl-NL","potentialAction":[{"@type":"ReadAction","target":["https:\/\/www.koru-hotel.be\/nl\/faq\/"]}]},{"@type":"BreadcrumbList","@id":"https:\/\/www.koru-hotel.be\/nl\/faq\/#breadcrumb","itemListElement":[{"@type":"ListItem","position":1,"name":"Accueil","item":"https:\/\/www.koru-hotel.be\/nl\/"},{"@type":"ListItem","position":2,"name":"FAQ"}]},{"@type":"WebSite","@id":"https:\/\/www.koru-hotel.be\/nl\/#website","url":"https:\/\/www.koru-hotel.be\/nl\/","name":"Koru Hotel","description":"","potentialAction":[{"@type":"SearchAction","target":{"@type":"EntryPoint","urlTemplate":"https:\/\/www.koru-hotel.be\/nl\/?s={search_term_string}"},"query-input":{"@type":"PropertyValueSpecification","valueRequired":true,"valueName":"search_term_string"}}],"inLanguage":"nl-NL"}]}},"_links":{"self":[{"href":"https:\/\/www.koru-hotel.be\/nl\/wp-json\/wp\/v2\/pages\/18080","targetHints":{"allow":["GET"]}}],"collection":[{"href":"https:\/\/www.koru-hotel.be\/nl\/wp-json\/wp\/v2\/pages"}],"about":[{"href":"https:\/\/www.koru-hotel.be\/nl\/wp-json\/wp\/v2\/types\/page"}],"author":[{"embeddable":true,"href":"https:\/\/www.koru-hotel.be\/nl\/wp-json\/wp\/v2\/users\/8"}],"replies":[{"embeddable":true,"href":"https:\/\/www.koru-hotel.be\/nl\/wp-json\/wp\/v2\/comments?post=18080"}],"version-history":[{"count":11,"href":"https:\/\/www.koru-hotel.be\/nl\/wp-json\/wp\/v2\/pages\/18080\/revisions"}],"predecessor-version":[{"id":18826,"href":"https:\/\/www.koru-hotel.be\/nl\/wp-json\/wp\/v2\/pages\/18080\/revisions\/18826"}],"wp:attachment":[{"href":"https:\/\/www.koru-hotel.be\/nl\/wp-json\/wp\/v2\/media?parent=18080"}],"curies":[{"name":"wp","href":"https:\/\/api.w.org\/{rel}","templated":true}]}}